{"id":2765,"date":"2021-07-23T22:47:52","date_gmt":"2021-07-23T21:47:52","guid":{"rendered":"https:\/\/recode.law\/?page_id=2765"},"modified":"2022-11-02T15:47:18","modified_gmt":"2022-11-02T14:47:18","slug":"djc","status":"publish","type":"page","link":"https:\/\/recode.law\/en\/djc\/","title":{"rendered":"Digital Justice Conference vom 04. November 2022 #DJC2022"},"content":{"rendered":"<div data-elementor-type=\"wp-page\" data-elementor-id=\"2765\" class=\"elementor elementor-2765\" data-elementor-post-type=\"page\">\n\t\t\t\t\t\t<section class=\"elementor-section elementor-top-section elementor-element elementor-element-8896b61 elementor-section-boxed elementor-section-height-default elementor-section-height-default\" data-id=\"8896b61\" data-element_type=\"section\">\n\t\t\t\t\t\t<div class=\"elementor-container elementor-column-gap-default\">\n\t\t\t\t\t<div class=\"elementor-column elementor-col-100 elementor-top-column elementor-element elementor-element-17347d1\" data-id=\"17347d1\" data-element_type=\"column\">\n\t\t\t<div class=\"elementor-widget-wrap elementor-element-populated\">\n\t\t\t\t\t\t<div class=\"elementor-element elementor-element-bbe2d97 elementor-widget elementor-widget-image\" data-id=\"bbe2d97\" data-element_type=\"widget\" data-widget_type=\"image.default\">\n\t\t\t\t<div class=\"elementor-widget-container\">\n\t\t\t\t\t\t\t\t\t\t\t\t\t\t\t<img fetchpriority=\"high\" decoding=\"async\" width=\"800\" height=\"450\" src=\"https:\/\/recode.law\/wp-content\/uploads\/2022\/08\/djc22-promo-grafik-final-1024x576.png\" class=\"attachment-large size-large wp-image-4385\" alt=\"\" srcset=\"https:\/\/recode.law\/wp-content\/uploads\/2022\/08\/djc22-promo-grafik-final-1024x576.png 1024w, https:\/\/recode.law\/wp-content\/uploads\/2022\/08\/djc22-promo-grafik-final-300x169.png 300w, https:\/\/recode.law\/wp-content\/uploads\/2022\/08\/djc22-promo-grafik-final-768x432.png 768w, https:\/\/recode.law\/wp-content\/uploads\/2022\/08\/djc22-promo-grafik-final-1536x864.png 1536w, https:\/\/recode.law\/wp-content\/uploads\/2022\/08\/djc22-promo-grafik-final-2048x1152.png 2048w, https:\/\/recode.law\/wp-content\/uploads\/2022\/08\/djc22-promo-grafik-final-18x10.png 18w\" sizes=\"(max-width: 800px) 100vw, 800px\" \/>\t\t\t\t\t\t\t\t\t\t\t\t\t\t\t<\/div>\n\t\t\t\t<\/div>\n\t\t\t\t\t<\/div>\n\t\t<\/div>\n\t\t\t\t\t<\/div>\n\t\t<\/section>\n\t\t\t\t<section class=\"elementor-section elementor-top-section elementor-element elementor-element-155982b elementor-section-boxed elementor-section-height-default elementor-section-height-default\" data-id=\"155982b\" data-element_type=\"section\" data-settings=\"{&quot;background_background&quot;:&quot;classic&quot;}\">\n\t\t\t\t\t\t<div class=\"elementor-container elementor-column-gap-default\">\n\t\t\t\t\t<div class=\"elementor-column elementor-col-100 elementor-top-column elementor-element elementor-element-4f0feed\" data-id=\"4f0feed\" data-element_type=\"column\">\n\t\t\t<div class=\"elementor-widget-wrap elementor-element-populated\">\n\t\t\t\t\t\t<div class=\"elementor-element elementor-element-4f66cdf elementor-widget elementor-widget-heading\" data-id=\"4f66cdf\" data-element_type=\"widget\" data-widget_type=\"heading.default\">\n\t\t\t\t<div class=\"elementor-widget-container\">\n\t\t\t\t\t<h2 class=\"elementor-heading-title elementor-size-default\"><i style=\"font-weight: bold\"> Auf geht's zur #djc22<\/i><\/h2>\t\t\t\t<\/div>\n\t\t\t\t<\/div>\n\t\t\t\t<div class=\"elementor-element elementor-element-65954a7 elementor-widget elementor-widget-text-editor\" data-id=\"65954a7\" data-element_type=\"widget\" data-widget_type=\"text-editor.default\">\n\t\t\t\t<div class=\"elementor-widget-container\">\n\t\t\t\t\t\t\t\t\t<p><span style=\"color: #000000;\"><b>Save the Date<\/b><\/span><span style=\"font-weight: 400; color: #000000;\">: E<span dir=\"ltr\" role=\"presentation\">inmal mehr wollen wir den Rechtsstaat von morgen mit euch feiern <\/span><span dir=\"ltr\" role=\"presentation\">und gestalten: Unsere <\/span><span dir=\"ltr\" role=\"presentation\">Digital Justice Conference<\/span><span dir=\"ltr\" role=\"presentation\"> geht in die dritte <\/span><span dir=\"ltr\" role=\"presentation\">Runde und wird dieses Jahr am <strong>4. November steigen, online &amp; in <\/strong><\/span><span dir=\"ltr\" role=\"presentation\"><strong>M\u00fcnster.<\/strong> <\/span><\/span><\/p>\n<p><span style=\"font-weight: 400; color: #000000;\"><br role=\"presentation\"><span dir=\"ltr\" role=\"presentation\">Virtual Reality Brillen in der Beweisaufnahme schon bald ein <\/span><span dir=\"ltr\" role=\"presentation\">gewohntes Bild?! Wie sieht bereits heute der attraktive digitale <\/span><span dir=\"ltr\" role=\"presentation\">Arbeitsplatz einer Richterin aus? Was sagen Legal Tech Gr\u00fcnder:innen&nbsp;<\/span><span dir=\"ltr\" role=\"presentation\">5 Jahre nach dem Hype zu access to justice und zum Zustand der <\/span><span dir=\"ltr\" role=\"presentation\">Szene? Und was bitte haben Psychologie und \u00d6konomie mit alldem zu <\/span><span dir=\"ltr\" role=\"presentation\">tun?<\/span><br role=\"presentation\"><span dir=\"ltr\" role=\"presentation\">Erfahre dies und mehr bei der <\/span><strong><span dir=\"ltr\" role=\"presentation\">Digital Justice Conference No.3<\/span><\/strong><span dir=\"ltr\" role=\"presentation\"> am <\/span><span dir=\"ltr\" role=\"presentation\">Freitag,<\/span><span dir=\"ltr\" role=\"presentation\">&nbsp;<\/span><span dir=\"ltr\" role=\"presentation\">4.<\/span><span dir=\"ltr\" role=\"presentation\">&nbsp;<\/span><span dir=\"ltr\" role=\"presentation\">November<\/span><span dir=\"ltr\" role=\"presentation\">&nbsp;<\/span><span dir=\"ltr\" role=\"presentation\">2022, online &amp; live in M\u00fcnster. <\/span><\/span><\/p>\n<p><span style=\"font-weight: 400; color: #000000;\"><strong><span dir=\"ltr\" role=\"presentation\">Die Teilnahme <\/span><\/strong><span dir=\"ltr\" role=\"presentation\"><strong>ist f\u00fcr Studis und Refies wie immer kostenfrei.<\/strong> News <\/span><span dir=\"ltr\" role=\"presentation\">hier oder im Newsletter<\/span><span dir=\"ltr\" role=\"presentation\">. Habt einen sch\u00f6nen <\/span><span dir=\"ltr\" role=\"presentation\">Sommer, wir sehen uns im Herbst!<\/span><\/span><\/p>\t\t\t\t\t\t\t\t<\/div>\n\t\t\t\t<\/div>\n\t\t\t\t<div class=\"elementor-element elementor-element-7e6e44c elementor-align-center elementor-widget elementor-widget-button\" data-id=\"7e6e44c\" data-element_type=\"widget\" data-widget_type=\"button.default\">\n\t\t\t\t<div class=\"elementor-widget-container\">\n\t\t\t\t\t\t\t\t\t<div class=\"elementor-button-wrapper\">\n\t\t\t\t\t<a class=\"elementor-button elementor-button-link elementor-size-xl\" href=\"https:\/\/www.eventbrite.de\/e\/digital-justice-conference-2022-tickets-409941826037\" target=\"_blank\" rel=\"nofollow noopener\">\n\t\t\t\t\t\t<span class=\"elementor-button-content-wrapper\">\n\t\t\t\t\t\t\t\t\t<span class=\"elementor-button-text\">Jetzt Anmelden<\/span>\n\t\t\t\t\t<\/span>\n\t\t\t\t\t<\/a>\n\t\t\t\t<\/div>\n\t\t\t\t\t\t\t\t<\/div>\n\t\t\t\t<\/div>\n\t\t\t\t\t<\/div>\n\t\t<\/div>\n\t\t\t\t\t<\/div>\n\t\t<\/section>\n\t\t\t\t<section class=\"elementor-section elementor-top-section elementor-element elementor-element-0eada0b elementor-section-boxed elementor-section-height-default elementor-section-height-default\" data-id=\"0eada0b\" data-element_type=\"section\">\n\t\t\t\t\t\t\t<div class=\"elementor-background-overlay\"><\/div>\n\t\t\t\t\t\t\t<div class=\"elementor-container elementor-column-gap-no\">\n\t\t\t\t\t<div class=\"elementor-column elementor-col-100 elementor-top-column elementor-element elementor-element-f522c71\" data-id=\"f522c71\" data-element_type=\"column\">\n\t\t\t<div class=\"elementor-widget-wrap elementor-element-populated\">\n\t\t\t\t\t\t<div class=\"elementor-element elementor-element-a56d487 elementor-widget elementor-widget-eael-countdown\" data-id=\"a56d487\" data-element_type=\"widget\" data-widget_type=\"eael-countdown.default\">\n\t\t\t\t<div class=\"elementor-widget-container\">\n\t\t\t\t\t\n\t\t<div class=\"eael-countdown-wrapper\" data-countdown-id=\"a56d487\" data-expire-type=\"none\" data-countdown-type=\"due_date\">\n\t\t\t<div class=\"eael-countdown-container eael-countdown-label-block\">\n                                    <ul id=\"eael-countdown-a56d487\" class=\"eael-countdown-items\" data-date=\"Nov 04 2022 10:00:00 +1\">\n                        <li class=\"eael-countdown-item\"><div class=\"eael-countdown-days\"><span data-days class=\"eael-countdown-digits\">00<\/span><span class=\"eael-countdown-label\">Tage<\/span><\/div><\/li>                        <li class=\"eael-countdown-item\"><div class=\"eael-countdown-hours\"><span data-hours class=\"eael-countdown-digits\">00<\/span><span class=\"eael-countdown-label\">Std.<\/span><\/div><\/li>                        <li class=\"eael-countdown-item\"><div class=\"eael-countdown-minutes\"><span data-minutes class=\"eael-countdown-digits\">00<\/span><span class=\"eael-countdown-label\">Min.<\/span><\/div><\/li>                                            <\/ul>\n                    <div class=\"eael-countdown-expiry-template\" style=\"display: none;\">\n                                            <\/div>\n               \n\t\t\t    <div class=\"clearfix\"><\/div>\n\t\t\t<\/div>\n\t\t<\/div>\n\n\t\t\t\t\t<\/div>\n\t\t\t\t<\/div>\n\t\t\t\t\t<\/div>\n\t\t<\/div>\n\t\t\t\t\t<\/div>\n\t\t<\/section>\n\t\t\t\t<section class=\"elementor-section elementor-top-section elementor-element elementor-element-aaf3801 elementor-section-boxed elementor-section-height-default elementor-section-height-default\" data-id=\"aaf3801\" data-element_type=\"section\" data-settings=\"{&quot;background_background&quot;:&quot;classic&quot;}\">\n\t\t\t\t\t\t<div class=\"elementor-container elementor-column-gap-default\">\n\t\t\t\t\t<div class=\"elementor-column elementor-col-100 elementor-top-column elementor-element elementor-element-61a5cef\" data-id=\"61a5cef\" data-element_type=\"column\">\n\t\t\t<div class=\"elementor-widget-wrap elementor-element-populated\">\n\t\t\t\t\t\t<div class=\"elementor-element elementor-element-691efb4 elementor-widget elementor-widget-heading\" data-id=\"691efb4\" data-element_type=\"widget\" data-widget_type=\"heading.default\">\n\t\t\t\t<div class=\"elementor-widget-container\">\n\t\t\t\t\t<h2 class=\"elementor-heading-title elementor-size-default\"><i style=\"font-weight: bold\">Key Facts:<\/i><\/h2>\t\t\t\t<\/div>\n\t\t\t\t<\/div>\n\t\t\t\t<section class=\"elementor-section elementor-inner-section elementor-element elementor-element-cf70b9a elementor-section-height-min-height elementor-section-boxed elementor-section-height-default\" data-id=\"cf70b9a\" data-element_type=\"section\">\n\t\t\t\t\t\t<div class=\"elementor-container elementor-column-gap-default\">\n\t\t\t\t\t<div class=\"elementor-column elementor-col-50 elementor-inner-column elementor-element elementor-element-c6acfa6\" data-id=\"c6acfa6\" data-element_type=\"column\">\n\t\t\t<div class=\"elementor-widget-wrap elementor-element-populated\">\n\t\t\t\t\t\t<div class=\"elementor-element elementor-element-9eda34b elementor-widget elementor-widget-heading\" data-id=\"9eda34b\" data-element_type=\"widget\" data-widget_type=\"heading.default\">\n\t\t\t\t<div class=\"elementor-widget-container\">\n\t\t\t\t\t<h2 class=\"elementor-heading-title elementor-size-default\">04. November<\/h2>\t\t\t\t<\/div>\n\t\t\t\t<\/div>\n\t\t\t\t<div class=\"elementor-element elementor-element-2868f0e elementor-widget elementor-widget-heading\" data-id=\"2868f0e\" data-element_type=\"widget\" data-widget_type=\"heading.default\">\n\t\t\t\t<div class=\"elementor-widget-container\">\n\t\t\t\t\t<h2 class=\"elementor-heading-title elementor-size-default\">2022<\/h2>\t\t\t\t<\/div>\n\t\t\t\t<\/div>\n\t\t\t\t\t<\/div>\n\t\t<\/div>\n\t\t\t\t<div class=\"elementor-column elementor-col-50 elementor-inner-column elementor-element elementor-element-0ae0857\" data-id=\"0ae0857\" data-element_type=\"column\">\n\t\t\t<div class=\"elementor-widget-wrap elementor-element-populated\">\n\t\t\t\t\t\t<div class=\"elementor-element elementor-element-f2c94ba elementor-widget elementor-widget-heading\" data-id=\"f2c94ba\" data-element_type=\"widget\" data-widget_type=\"heading.default\">\n\t\t\t\t<div class=\"elementor-widget-container\">\n\t\t\t\t\t<h2 class=\"elementor-heading-title elementor-size-default\">kostenfrei<\/h2>\t\t\t\t<\/div>\n\t\t\t\t<\/div>\n\t\t\t\t<div class=\"elementor-element elementor-element-b330129 elementor-widget elementor-widget-heading\" data-id=\"b330129\" data-element_type=\"widget\" data-widget_type=\"heading.default\">\n\t\t\t\t<div class=\"elementor-widget-container\">\n\t\t\t\t\t<h2 class=\"elementor-heading-title elementor-size-default\">f\u00fcr Student:innen und Referendar:innen<\/h2>\t\t\t\t<\/div>\n\t\t\t\t<\/div>\n\t\t\t\t\t<\/div>\n\t\t<\/div>\n\t\t\t\t\t<\/div>\n\t\t<\/section>\n\t\t\t\t<section class=\"elementor-section elementor-inner-section elementor-element elementor-element-3c5f5a8 elementor-section-height-min-height elementor-section-boxed elementor-section-height-default\" data-id=\"3c5f5a8\" data-element_type=\"section\">\n\t\t\t\t\t\t<div class=\"elementor-container elementor-column-gap-default\">\n\t\t\t\t\t<div class=\"elementor-column elementor-col-50 elementor-inner-column elementor-element elementor-element-15e593c\" data-id=\"15e593c\" data-element_type=\"column\">\n\t\t\t<div class=\"elementor-widget-wrap elementor-element-populated\">\n\t\t\t\t\t\t<div class=\"elementor-element elementor-element-86c6b8e elementor-widget elementor-widget-heading\" data-id=\"86c6b8e\" data-element_type=\"widget\" data-widget_type=\"heading.default\">\n\t\t\t\t<div class=\"elementor-widget-container\">\n\t\t\t\t\t<h2 class=\"elementor-heading-title elementor-size-default\">No. 3<\/h2>\t\t\t\t<\/div>\n\t\t\t\t<\/div>\n\t\t\t\t<div class=\"elementor-element elementor-element-3da90ee elementor-widget elementor-widget-heading\" data-id=\"3da90ee\" data-element_type=\"widget\" data-widget_type=\"heading.default\">\n\t\t\t\t<div class=\"elementor-widget-container\">\n\t\t\t\t\t<h2 class=\"elementor-heading-title elementor-size-default\">bereits die 3. Auflage der DJC<\/h2>\t\t\t\t<\/div>\n\t\t\t\t<\/div>\n\t\t\t\t\t<\/div>\n\t\t<\/div>\n\t\t\t\t<div class=\"elementor-column elementor-col-50 elementor-inner-column elementor-element elementor-element-ab0bc62\" data-id=\"ab0bc62\" data-element_type=\"column\">\n\t\t\t<div class=\"elementor-widget-wrap elementor-element-populated\">\n\t\t\t\t\t\t<div class=\"elementor-element elementor-element-5a1bb19 elementor-widget elementor-widget-heading\" data-id=\"5a1bb19\" data-element_type=\"widget\" data-widget_type=\"heading.default\">\n\t\t\t\t<div class=\"elementor-widget-container\">\n\t\t\t\t\t<h2 class=\"elementor-heading-title elementor-size-default\">hybrid<\/h2>\t\t\t\t<\/div>\n\t\t\t\t<\/div>\n\t\t\t\t<div class=\"elementor-element elementor-element-46aaef6 elementor-widget elementor-widget-heading\" data-id=\"46aaef6\" data-element_type=\"widget\" data-widget_type=\"heading.default\">\n\t\t\t\t<div class=\"elementor-widget-container\">\n\t\t\t\t\t<h2 class=\"elementor-heading-title elementor-size-default\">in M\u00fcnster &amp; online<\/h2>\t\t\t\t<\/div>\n\t\t\t\t<\/div>\n\t\t\t\t\t<\/div>\n\t\t<\/div>\n\t\t\t\t\t<\/div>\n\t\t<\/section>\n\t\t\t\t\t<\/div>\n\t\t<\/div>\n\t\t\t\t\t<\/div>\n\t\t<\/section>\n\t\t\t\t<section class=\"elementor-section elementor-top-section elementor-element elementor-element-9bdb7c6 elementor-section-boxed elementor-section-height-default elementor-section-height-default\" data-id=\"9bdb7c6\" data-element_type=\"section\" data-settings=\"{&quot;background_background&quot;:&quot;classic&quot;}\">\n\t\t\t\t\t\t<div class=\"elementor-container elementor-column-gap-default\">\n\t\t\t\t\t<div class=\"elementor-column elementor-col-100 elementor-top-column elementor-element elementor-element-0c93d94\" data-id=\"0c93d94\" data-element_type=\"column\">\n\t\t\t<div class=\"elementor-widget-wrap elementor-element-populated\">\n\t\t\t\t\t\t<div class=\"elementor-element elementor-element-5b9e879 elementor-widget elementor-widget-heading\" data-id=\"5b9e879\" data-element_type=\"widget\" data-widget_type=\"heading.default\">\n\t\t\t\t<div class=\"elementor-widget-container\">\n\t\t\t\t\t<h2 class=\"elementor-heading-title elementor-size-default\">Die  Digital Justice Conference No. 3 2022<\/h2>\t\t\t\t<\/div>\n\t\t\t\t<\/div>\n\t\t\t\t<div class=\"elementor-element elementor-element-3a05d2d elementor-widget elementor-widget-heading\" data-id=\"3a05d2d\" data-element_type=\"widget\" data-widget_type=\"heading.default\">\n\t\t\t\t<div class=\"elementor-widget-container\">\n\t\t\t\t\t<h4 class=\"elementor-heading-title elementor-size-default\">Dieses Jahr gibt es viele interessante Speaker, Panels und Themen. Die Registrierung ist ge\u00f6ffnet, melde Dich jetzt sofort an!<\/h4>\t\t\t\t<\/div>\n\t\t\t\t<\/div>\n\t\t\t\t<section class=\"elementor-section elementor-inner-section elementor-element elementor-element-e4e9ac9 elementor-section-boxed elementor-section-height-default elementor-section-height-default\" data-id=\"e4e9ac9\" data-element_type=\"section\">\n\t\t\t\t\t\t<div class=\"elementor-container elementor-column-gap-default\">\n\t\t\t\t\t<div class=\"elementor-column elementor-col-50 elementor-inner-column elementor-element elementor-element-f4c2ef6\" data-id=\"f4c2ef6\" data-element_type=\"column\">\n\t\t\t<div class=\"elementor-widget-wrap elementor-element-populated\">\n\t\t\t\t\t\t<div class=\"elementor-element elementor-element-c9d3c1c elementor-widget elementor-widget-image\" data-id=\"c9d3c1c\" data-element_type=\"widget\" data-widget_type=\"image.default\">\n\t\t\t\t<div class=\"elementor-widget-container\">\n\t\t\t\t\t\t\t\t\t\t\t\t\t\t\t<img decoding=\"async\" width=\"768\" height=\"693\" src=\"https:\/\/recode.law\/wp-content\/uploads\/2022\/11\/Bildschirm\u00adfoto-2022-11-02-um-15.41.28-768x693.png\" class=\"attachment-medium_large size-medium_large wp-image-4688\" alt=\"\" srcset=\"https:\/\/recode.law\/wp-content\/uploads\/2022\/11\/Bildschirm\u00adfoto-2022-11-02-um-15.41.28-768x693.png 768w, https:\/\/recode.law\/wp-content\/uploads\/2022\/11\/Bildschirm\u00adfoto-2022-11-02-um-15.41.28-300x271.png 300w, https:\/\/recode.law\/wp-content\/uploads\/2022\/11\/Bildschirm\u00adfoto-2022-11-02-um-15.41.28-1024x924.png 1024w, https:\/\/recode.law\/wp-content\/uploads\/2022\/11\/Bildschirm\u00adfoto-2022-11-02-um-15.41.28-13x12.png 13w, https:\/\/recode.law\/wp-content\/uploads\/2022\/11\/Bildschirm\u00adfoto-2022-11-02-um-15.41.28.png 1458w\" sizes=\"(max-width: 768px) 100vw, 768px\" \/>\t\t\t\t\t\t\t\t\t\t\t\t\t\t\t<\/div>\n\t\t\t\t<\/div>\n\t\t\t\t\t<\/div>\n\t\t<\/div>\n\t\t\t\t<div class=\"elementor-column elementor-col-50 elementor-inner-column elementor-element elementor-element-27f4b4d\" data-id=\"27f4b4d\" data-element_type=\"column\">\n\t\t\t<div class=\"elementor-widget-wrap elementor-element-populated\">\n\t\t\t\t\t\t<div class=\"elementor-element elementor-element-51d38bc elementor-widget elementor-widget-image\" data-id=\"51d38bc\" data-element_type=\"widget\" data-widget_type=\"image.default\">\n\t\t\t\t<div class=\"elementor-widget-container\">\n\t\t\t\t\t\t\t\t\t\t\t\t\t\t\t<img decoding=\"async\" width=\"768\" height=\"579\" src=\"https:\/\/recode.law\/wp-content\/uploads\/2022\/11\/Bildschirm\u00adfoto-2022-11-02-um-15.41.36-768x579.png\" class=\"attachment-medium_large size-medium_large wp-image-4689\" alt=\"\" srcset=\"https:\/\/recode.law\/wp-content\/uploads\/2022\/11\/Bildschirm\u00adfoto-2022-11-02-um-15.41.36-768x579.png 768w, https:\/\/recode.law\/wp-content\/uploads\/2022\/11\/Bildschirm\u00adfoto-2022-11-02-um-15.41.36-300x226.png 300w, https:\/\/recode.law\/wp-content\/uploads\/2022\/11\/Bildschirm\u00adfoto-2022-11-02-um-15.41.36-1024x772.png 1024w, https:\/\/recode.law\/wp-content\/uploads\/2022\/11\/Bildschirm\u00adfoto-2022-11-02-um-15.41.36-1536x1158.png 1536w, https:\/\/recode.law\/wp-content\/uploads\/2022\/11\/Bildschirm\u00adfoto-2022-11-02-um-15.41.36-16x12.png 16w, https:\/\/recode.law\/wp-content\/uploads\/2022\/11\/Bildschirm\u00adfoto-2022-11-02-um-15.41.36.png 1576w\" sizes=\"(max-width: 768px) 100vw, 768px\" \/>\t\t\t\t\t\t\t\t\t\t\t\t\t\t\t<\/div>\n\t\t\t\t<\/div>\n\t\t\t\t\t<\/div>\n\t\t<\/div>\n\t\t\t\t\t<\/div>\n\t\t<\/section>\n\t\t\t\t<div class=\"elementor-element elementor-element-aec9c9b elementor-align-center elementor-widget elementor-widget-button\" data-id=\"aec9c9b\" data-element_type=\"widget\" data-widget_type=\"button.default\">\n\t\t\t\t<div class=\"elementor-widget-container\">\n\t\t\t\t\t\t\t\t\t<div class=\"elementor-button-wrapper\">\n\t\t\t\t\t<a class=\"elementor-button elementor-button-link elementor-size-xl\" href=\"https:\/\/www.eventbrite.de\/e\/digital-justice-conference-2022-tickets-409941826037\" target=\"_blank\" rel=\"nofollow noopener\">\n\t\t\t\t\t\t<span class=\"elementor-button-content-wrapper\">\n\t\t\t\t\t\t\t\t\t<span class=\"elementor-button-text\">Jetzt Anmelden<\/span>\n\t\t\t\t\t<\/span>\n\t\t\t\t\t<\/a>\n\t\t\t\t<\/div>\n\t\t\t\t\t\t\t\t<\/div>\n\t\t\t\t<\/div>\n\t\t\t\t<div class=\"elementor-element elementor-element-856d6fd elementor-widget elementor-widget-heading\" data-id=\"856d6fd\" data-element_type=\"widget\" data-widget_type=\"heading.default\">\n\t\t\t\t<div class=\"elementor-widget-container\">\n\t\t\t\t\t<h4 class=\"elementor-heading-title elementor-size-default\">Das Team der #djc22: Alexander Andreas, Annica Henkel\u00fcdecke, Constantin von Ludwig, Henrik Volkmann, Julian Albrecht, Lars Ippich, Leonie Mehlhorn, Lina Fredebeul, Linus \u010cupin, Maximilian Tr\u00e4nkner, Niklas Raabe, Ramona Weber, Sami Yacob, Sophia F\u00e4lschle, Tamara Deichsel, Valentin Hanke\"<\/h4>\t\t\t\t<\/div>\n\t\t\t\t<\/div>\n\t\t\t\t\t<\/div>\n\t\t<\/div>\n\t\t\t\t\t<\/div>\n\t\t<\/section>\n\t\t\t\t<\/div>","protected":false},"excerpt":{"rendered":"<p>Auf geht&#8217;s zur #djc22 Save the Date: Einmal mehr wollen wir den Rechtsstaat von morgen mit euch feiern und gestalten: Unsere Digital Justice Conference geht in die dritte Runde und wird dieses Jahr am 4. November steigen, online &amp; in M\u00fcnster. Virtual Reality Brillen in der Beweisaufnahme schon bald ein gewohntes Bild?! Wie sieht bereits [&hellip;]<\/p>","protected":false},"author":33,"featured_media":0,"parent":0,"menu_order":0,"comment_status":"closed","ping_status":"closed","template":"","meta":{"_acf_changed":false,"_lmt_disableupdate":"no","_lmt_disable":"","footnotes":""},"class_list":["post-2765","page","type-page","status-publish","hentry"],"acf":[],"_links":{"self":[{"href":"https:\/\/recode.law\/en\/wp-json\/wp\/v2\/pages\/2765","targetHints":{"allow":["GET"]}}],"collection":[{"href":"https:\/\/recode.law\/en\/wp-json\/wp\/v2\/pages"}],"about":[{"href":"https:\/\/recode.law\/en\/wp-json\/wp\/v2\/types\/page"}],"author":[{"embeddable":true,"href":"https:\/\/recode.law\/en\/wp-json\/wp\/v2\/users\/33"}],"replies":[{"embeddable":true,"href":"https:\/\/recode.law\/en\/wp-json\/wp\/v2\/comments?post=2765"}],"version-history":[{"count":205,"href":"https:\/\/recode.law\/en\/wp-json\/wp\/v2\/pages\/2765\/revisions"}],"predecessor-version":[{"id":5361,"href":"https:\/\/recode.law\/en\/wp-json\/wp\/v2\/pages\/2765\/revisions\/5361"}],"wp:attachment":[{"href":"https:\/\/recode.law\/en\/wp-json\/wp\/v2\/media?parent=2765"}],"curies":[{"name":"wp","href":"https:\/\/api.w.org\/{rel}","templated":true}]}}