{"id":2998,"date":"2021-08-03T22:29:24","date_gmt":"2021-08-03T21:29:24","guid":{"rendered":"https:\/\/recode.law\/?page_id=2998"},"modified":"2022-02-09T19:59:57","modified_gmt":"2022-02-09T18:59:57","slug":"agile-workshop-mit-noerr","status":"publish","type":"page","link":"https:\/\/recode.law\/en\/agile-workshop-mit-noerr\/","title":{"rendered":"Agile Workshop: Noerr"},"content":{"rendered":"<div data-elementor-type=\"wp-page\" data-elementor-id=\"2998\" class=\"elementor elementor-2998\" data-elementor-post-type=\"page\">\n\t\t\t\t\t\t<section class=\"elementor-section elementor-top-section elementor-element elementor-element-8896b61 elementor-section-boxed elementor-section-height-default elementor-section-height-default\" data-id=\"8896b61\" data-element_type=\"section\">\n\t\t\t\t\t\t<div class=\"elementor-container elementor-column-gap-default\">\n\t\t\t\t\t<div class=\"elementor-column elementor-col-100 elementor-top-column elementor-element elementor-element-17347d1\" data-id=\"17347d1\" data-element_type=\"column\">\n\t\t\t<div class=\"elementor-widget-wrap elementor-element-populated\">\n\t\t\t\t\t\t<div class=\"elementor-element elementor-element-bbe2d97 elementor-widget elementor-widget-image\" data-id=\"bbe2d97\" data-element_type=\"widget\" data-widget_type=\"image.default\">\n\t\t\t\t<div class=\"elementor-widget-container\">\n\t\t\t\t\t\t\t\t\t\t\t\t\t\t\t<img fetchpriority=\"high\" decoding=\"async\" width=\"768\" height=\"432\" src=\"https:\/\/recode.law\/wp-content\/uploads\/2021\/08\/agile-methoden-workshopp-legal-tech-duesseldorf-noerr-2021-768x432.png\" class=\"attachment-medium_large size-medium_large wp-image-3024\" alt=\"\" srcset=\"https:\/\/recode.law\/wp-content\/uploads\/2021\/08\/agile-methoden-workshopp-legal-tech-duesseldorf-noerr-2021-768x432.png 768w, https:\/\/recode.law\/wp-content\/uploads\/2021\/08\/agile-methoden-workshopp-legal-tech-duesseldorf-noerr-2021-300x169.png 300w, https:\/\/recode.law\/wp-content\/uploads\/2021\/08\/agile-methoden-workshopp-legal-tech-duesseldorf-noerr-2021-1024x576.png 1024w, https:\/\/recode.law\/wp-content\/uploads\/2021\/08\/agile-methoden-workshopp-legal-tech-duesseldorf-noerr-2021-1536x864.png 1536w, https:\/\/recode.law\/wp-content\/uploads\/2021\/08\/agile-methoden-workshopp-legal-tech-duesseldorf-noerr-2021-2048x1152.png 2048w, https:\/\/recode.law\/wp-content\/uploads\/2021\/08\/agile-methoden-workshopp-legal-tech-duesseldorf-noerr-2021-18x10.png 18w\" sizes=\"(max-width: 768px) 100vw, 768px\" \/>\t\t\t\t\t\t\t\t\t\t\t\t\t\t\t<\/div>\n\t\t\t\t<\/div>\n\t\t\t\t\t<\/div>\n\t\t<\/div>\n\t\t\t\t\t<\/div>\n\t\t<\/section>\n\t\t\t\t<section class=\"elementor-section elementor-top-section elementor-element elementor-element-2205000 elementor-section-boxed elementor-section-height-default elementor-section-height-default\" data-id=\"2205000\" data-element_type=\"section\" data-settings=\"{&quot;background_background&quot;:&quot;classic&quot;}\">\n\t\t\t\t\t\t<div class=\"elementor-container elementor-column-gap-default\">\n\t\t\t\t\t<div class=\"elementor-column elementor-col-100 elementor-top-column elementor-element elementor-element-8337694\" data-id=\"8337694\" data-element_type=\"column\">\n\t\t\t<div class=\"elementor-widget-wrap elementor-element-populated\">\n\t\t\t\t\t\t<div class=\"elementor-element elementor-element-c82470d elementor-widget elementor-widget-heading\" data-id=\"c82470d\" data-element_type=\"widget\" data-widget_type=\"heading.default\">\n\t\t\t\t<div class=\"elementor-widget-container\">\n\t\t\t\t\t<h2 class=\"elementor-heading-title elementor-size-default\"><i style=\"font-size: var( --e-global-typography-primary-font-size );font-weight: bold\">#worksmarternotharder<\/i><\/h2>\t\t\t\t<\/div>\n\t\t\t\t<\/div>\n\t\t\t\t<div class=\"elementor-element elementor-element-f29df37 elementor-widget elementor-widget-text-editor\" data-id=\"f29df37\" data-element_type=\"widget\" data-widget_type=\"text-editor.default\">\n\t\t\t\t<div class=\"elementor-widget-container\">\n\t\t\t\t\t\t\t\t\t<h5 style=\"text-align: left;\"><span style=\"color: #000000;\">Innovation und agile Arbeitsmethoden \u2013 wie lassen sich diese Komponenten kombinieren und inwiefern beeinflussen sie das t\u00e4gliche Arbeitsleben von Jurist:innen? Bei diesem Workshop von recode.law und Noerr werden wir es mit Dir zusammen erarbeiten!<\/span><\/h5>\n<h5 style=\"text-align: start;\">Am 08. September 2021 hast Du die M\u00f6glichkeit mit weiteren Teilnehmer:innen verschiedenste agile Arbeitsmethoden kennenzulernen. Dabei nutzt Du Methoden, die bereits zahlreiche renommierte Unternehmen verwenden, stellst Dich t\u00e4glichen Herausforderungen.<\/h5>\t\t\t\t\t\t\t\t<\/div>\n\t\t\t\t<\/div>\n\t\t\t\t\t<\/div>\n\t\t<\/div>\n\t\t\t\t\t<\/div>\n\t\t<\/section>\n\t\t\t\t<section class=\"elementor-section elementor-top-section elementor-element elementor-element-25aafdc elementor-section-boxed elementor-section-height-default elementor-section-height-default\" data-id=\"25aafdc\" data-element_type=\"section\" data-settings=\"{&quot;background_background&quot;:&quot;classic&quot;}\">\n\t\t\t\t\t\t<div class=\"elementor-container elementor-column-gap-default\">\n\t\t\t\t\t<div class=\"elementor-column elementor-col-100 elementor-top-column elementor-element elementor-element-66ed7cd\" data-id=\"66ed7cd\" data-element_type=\"column\">\n\t\t\t<div class=\"elementor-widget-wrap elementor-element-populated\">\n\t\t\t\t\t\t<section class=\"elementor-section elementor-inner-section elementor-element elementor-element-74a3ba6 elementor-section-height-min-height elementor-section-boxed elementor-section-height-default\" data-id=\"74a3ba6\" data-element_type=\"section\">\n\t\t\t\t\t\t<div class=\"elementor-container elementor-column-gap-default\">\n\t\t\t\t\t<div class=\"elementor-column elementor-col-100 elementor-inner-column elementor-element elementor-element-23de186\" data-id=\"23de186\" data-element_type=\"column\">\n\t\t\t<div class=\"elementor-widget-wrap elementor-element-populated\">\n\t\t\t\t\t\t<div class=\"elementor-element elementor-element-c126692 elementor-widget elementor-widget-heading\" data-id=\"c126692\" data-element_type=\"widget\" data-widget_type=\"heading.default\">\n\t\t\t\t<div class=\"elementor-widget-container\">\n\t\t\t\t\t<h2 class=\"elementor-heading-title elementor-size-default\">Anmeldung<\/h2>\t\t\t\t<\/div>\n\t\t\t\t<\/div>\n\t\t\t\t<div class=\"elementor-element elementor-element-113df50 elementor-widget elementor-widget-heading\" data-id=\"113df50\" data-element_type=\"widget\" data-widget_type=\"heading.default\">\n\t\t\t\t<div class=\"elementor-widget-container\">\n\t\t\t\t\t<h2 class=\"elementor-heading-title elementor-size-default\"><b>Wer?<\/b><br><br><\/h2>\t\t\t\t<\/div>\n\t\t\t\t<\/div>\n\t\t\t\t<div class=\"elementor-element elementor-element-fabf48a elementor-widget elementor-widget-heading\" data-id=\"fabf48a\" data-element_type=\"widget\" data-widget_type=\"heading.default\">\n\t\t\t\t<div class=\"elementor-widget-container\">\n\t\t\t\t\t<h2 class=\"elementor-heading-title elementor-size-default\">Studierende eines rechts- , wirtschaftswissenschaftlichen oder informationstechnischen Studienganges (oder \u00e4hnliches) oder entsprechende junge Absolvent:innen.<br><br><\/h2>\t\t\t\t<\/div>\n\t\t\t\t<\/div>\n\t\t\t\t<div class=\"elementor-element elementor-element-8a2e8da elementor-widget elementor-widget-heading\" data-id=\"8a2e8da\" data-element_type=\"widget\" data-widget_type=\"heading.default\">\n\t\t\t\t<div class=\"elementor-widget-container\">\n\t\t\t\t\t<h2 class=\"elementor-heading-title elementor-size-default\"><b>Was Du mitbringen musst:<\/b><br><br><\/h2>\t\t\t\t<\/div>\n\t\t\t\t<\/div>\n\t\t\t\t<div class=\"elementor-element elementor-element-b1fa2e3 elementor-widget elementor-widget-heading\" data-id=\"b1fa2e3\" data-element_type=\"widget\" data-widget_type=\"heading.default\">\n\t\t\t\t<div class=\"elementor-widget-container\">\n\t\t\t\t\t<h2 class=\"elementor-heading-title elementor-size-default\">Einen Tag Zeit, sowie Aufgeschlossenheit f\u00fcr neue Arbeitsmethoden und Zukunftsthemen. Au\u00dferdem ist es aufgrund der aktuellen Corona-Pandemie notwendig, dass ein vollst\u00e4ndiger Impfschutz (+14 Tage) oder eine nachgewiesene Genesung innerhalb der letzten sechs Monaten besteht. F\u00fcr Getr\u00e4nke und Essen wird gesorgt.<br><br><\/h2>\t\t\t\t<\/div>\n\t\t\t\t<\/div>\n\t\t\t\t<div class=\"elementor-element elementor-element-59ef127 elementor-widget elementor-widget-heading\" data-id=\"59ef127\" data-element_type=\"widget\" data-widget_type=\"heading.default\">\n\t\t\t\t<div class=\"elementor-widget-container\">\n\t\t\t\t\t<h2 class=\"elementor-heading-title elementor-size-default\"><b>Anforderungen:<\/b><br><br><\/h2>\t\t\t\t<\/div>\n\t\t\t\t<\/div>\n\t\t\t\t<div class=\"elementor-element elementor-element-82a767b elementor-widget elementor-widget-heading\" data-id=\"82a767b\" data-element_type=\"widget\" data-widget_type=\"heading.default\">\n\t\t\t\t<div class=\"elementor-widget-container\">\n\t\t\t\t\t<h2 class=\"elementor-heading-title elementor-size-default\">Bitte bewirb Dich mit einem kurzen Motivationsschreiben und einem tabellarischen Lebenslauf \u00fcber den Link auf dieser Seite. Es ist kein konkretes Vorwissen gefordert. Die Teilnahme ist kostenlos. Bewerben kannst Du Dich bis Sonntag, den 29.August 2021 um 24 Uhr.<br><br><br><\/h2>\t\t\t\t<\/div>\n\t\t\t\t<\/div>\n\t\t\t\t<div class=\"elementor-element elementor-element-fc96986 elementor-align-center elementor-widget elementor-widget-button\" data-id=\"fc96986\" data-element_type=\"widget\" data-widget_type=\"button.default\">\n\t\t\t\t<div class=\"elementor-widget-container\">\n\t\t\t\t\t\t\t\t\t<div class=\"elementor-button-wrapper\">\n\t\t\t\t\t<a class=\"elementor-button elementor-button-link elementor-size-lg\" href=\"https:\/\/recodelaw.typeform.com\/to\/xctvPTxj\" target=\"_blank\" rel=\"nofollow noopener\">\n\t\t\t\t\t\t<span class=\"elementor-button-content-wrapper\">\n\t\t\t\t\t\t\t\t\t<span class=\"elementor-button-text\">Hier Bewerben<\/span>\n\t\t\t\t\t<\/span>\n\t\t\t\t\t<\/a>\n\t\t\t\t<\/div>\n\t\t\t\t\t\t\t\t<\/div>\n\t\t\t\t<\/div>\n\t\t\t\t\t<\/div>\n\t\t<\/div>\n\t\t\t\t\t<\/div>\n\t\t<\/section>\n\t\t\t\t\t<\/div>\n\t\t<\/div>\n\t\t\t\t\t<\/div>\n\t\t<\/section>\n\t\t\t\t<section class=\"elementor-section elementor-top-section elementor-element elementor-element-155982b elementor-section-boxed elementor-section-height-default elementor-section-height-default\" data-id=\"155982b\" data-element_type=\"section\" data-settings=\"{&quot;background_background&quot;:&quot;classic&quot;}\">\n\t\t\t\t\t\t<div class=\"elementor-container elementor-column-gap-default\">\n\t\t\t\t\t<div class=\"elementor-column elementor-col-100 elementor-top-column elementor-element elementor-element-4f0feed\" data-id=\"4f0feed\" data-element_type=\"column\">\n\t\t\t<div class=\"elementor-widget-wrap elementor-element-populated\">\n\t\t\t\t\t\t<div class=\"elementor-element elementor-element-4f66cdf elementor-widget elementor-widget-heading\" data-id=\"4f66cdf\" data-element_type=\"widget\" data-widget_type=\"heading.default\">\n\t\t\t\t<div class=\"elementor-widget-container\">\n\t\t\t\t\t<h2 class=\"elementor-heading-title elementor-size-default\"><i style=\"font-weight: bold\">Ablauf<\/i><\/h2>\t\t\t\t<\/div>\n\t\t\t\t<\/div>\n\t\t\t\t<div class=\"elementor-element elementor-element-65954a7 elementor-widget elementor-widget-text-editor\" data-id=\"65954a7\" data-element_type=\"widget\" data-widget_type=\"text-editor.default\">\n\t\t\t\t<div class=\"elementor-widget-container\">\n\t\t\t\t\t\t\t\t\t<p><span id=\"docs-internal-guid-bda656b9-7fff-b536-0f83-4b4388ec813b\"><span style=\"font-size: 12pt; background-color: transparent; font-variant-numeric: normal; font-variant-east-asian: normal; vertical-align: baseline; white-space: pre-wrap;\">Beginnen werden wir um 9 Uhr mit einem Impulsvortrag zu Legal Tech. Anschlie\u00dfend werden wir Euch in verschiedene agile Arbeitsmethoden einf\u00fchren, die Ihr anschlie\u00dfend in kleinen Teams erproben k\u00f6nnt. Zur Seite stehen Euch erfahrene Jurist:innen von Noerr sowie Mitglieder:innen von recode.law. Mittags werden wir gemeinsam Pizza essen, dabei habt Ihr die M\u00f6glichkeit, auch die anderen Teams kennenzulernen. Am Ende des Workshops werdet Ihr Eure Ergebnisse im Plenum pitchen. <\/span><span style=\"font-size: 12pt; background-color: transparent; font-variant-numeric: normal; font-variant-east-asian: normal; vertical-align: baseline; white-space: pre-wrap;\"><br \/><\/span><span style=\"font-size: 12pt; background-color: transparent; font-variant-numeric: normal; font-variant-east-asian: normal; vertical-align: baseline; white-space: pre-wrap;\">Im Anschluss an den Workshop wird es gegen 19 Uhr ein lockeres Get-Together geben, bei dem Ihr Euch mit Drinks und Snacks mit den Anw\u00e4lt:innen von Noerr, dem Team von recode.law und den anderen Teilnehmer:innen austauschen k\u00f6nnt.<\/span><\/span><\/p>\t\t\t\t\t\t\t\t<\/div>\n\t\t\t\t<\/div>\n\t\t\t\t\t<\/div>\n\t\t<\/div>\n\t\t\t\t\t<\/div>\n\t\t<\/section>\n\t\t\t\t<section class=\"elementor-section elementor-top-section elementor-element elementor-element-aaf3801 elementor-section-boxed elementor-section-height-default elementor-section-height-default\" data-id=\"aaf3801\" data-element_type=\"section\" data-settings=\"{&quot;background_background&quot;:&quot;classic&quot;}\">\n\t\t\t\t\t\t<div class=\"elementor-container elementor-column-gap-default\">\n\t\t\t\t\t<div class=\"elementor-column elementor-col-100 elementor-top-column elementor-element elementor-element-61a5cef\" data-id=\"61a5cef\" data-element_type=\"column\">\n\t\t\t<div class=\"elementor-widget-wrap elementor-element-populated\">\n\t\t\t\t\t\t<section class=\"elementor-section elementor-inner-section elementor-element elementor-element-cf70b9a elementor-section-height-min-height elementor-section-boxed elementor-section-height-default\" data-id=\"cf70b9a\" data-element_type=\"section\">\n\t\t\t\t\t\t<div class=\"elementor-container elementor-column-gap-default\">\n\t\t\t\t\t<div class=\"elementor-column elementor-col-50 elementor-inner-column elementor-element elementor-element-c6acfa6\" data-id=\"c6acfa6\" data-element_type=\"column\">\n\t\t\t<div class=\"elementor-widget-wrap elementor-element-populated\">\n\t\t\t\t\t\t<div class=\"elementor-element elementor-element-9eda34b elementor-widget elementor-widget-heading\" data-id=\"9eda34b\" data-element_type=\"widget\" data-widget_type=\"heading.default\">\n\t\t\t\t<div class=\"elementor-widget-container\">\n\t\t\t\t\t<h2 class=\"elementor-heading-title elementor-size-default\">8.September<\/h2>\t\t\t\t<\/div>\n\t\t\t\t<\/div>\n\t\t\t\t<div class=\"elementor-element elementor-element-2868f0e elementor-widget elementor-widget-heading\" data-id=\"2868f0e\" data-element_type=\"widget\" data-widget_type=\"heading.default\">\n\t\t\t\t<div class=\"elementor-widget-container\">\n\t\t\t\t\t<h2 class=\"elementor-heading-title elementor-size-default\">Von 09 bis 19 Uhr<\/h2>\t\t\t\t<\/div>\n\t\t\t\t<\/div>\n\t\t\t\t\t<\/div>\n\t\t<\/div>\n\t\t\t\t<div class=\"elementor-column elementor-col-50 elementor-inner-column elementor-element elementor-element-0ae0857\" data-id=\"0ae0857\" data-element_type=\"column\">\n\t\t\t<div class=\"elementor-widget-wrap elementor-element-populated\">\n\t\t\t\t\t\t<div class=\"elementor-element elementor-element-f2c94ba elementor-widget elementor-widget-heading\" data-id=\"f2c94ba\" data-element_type=\"widget\" data-widget_type=\"heading.default\">\n\t\t\t\t<div class=\"elementor-widget-container\">\n\t\t\t\t\t<h2 class=\"elementor-heading-title elementor-size-default\">Pr\u00e4senz<\/h2>\t\t\t\t<\/div>\n\t\t\t\t<\/div>\n\t\t\t\t<div class=\"elementor-element elementor-element-b330129 elementor-widget elementor-widget-heading\" data-id=\"b330129\" data-element_type=\"widget\" data-widget_type=\"heading.default\">\n\t\t\t\t<div class=\"elementor-widget-container\">\n\t\t\t\t\t<h2 class=\"elementor-heading-title elementor-size-default\">F\u00fcr Student:innen und Referendar:innen<\/h2>\t\t\t\t<\/div>\n\t\t\t\t<\/div>\n\t\t\t\t\t<\/div>\n\t\t<\/div>\n\t\t\t\t\t<\/div>\n\t\t<\/section>\n\t\t\t\t<section class=\"elementor-section elementor-inner-section elementor-element elementor-element-3c5f5a8 elementor-section-height-min-height elementor-section-boxed elementor-section-height-default\" data-id=\"3c5f5a8\" data-element_type=\"section\">\n\t\t\t\t\t\t<div class=\"elementor-container elementor-column-gap-default\">\n\t\t\t\t\t<div class=\"elementor-column elementor-col-50 elementor-inner-column elementor-element elementor-element-15e593c\" data-id=\"15e593c\" data-element_type=\"column\">\n\t\t\t<div class=\"elementor-widget-wrap elementor-element-populated\">\n\t\t\t\t\t\t<div class=\"elementor-element elementor-element-86c6b8e elementor-widget elementor-widget-heading\" data-id=\"86c6b8e\" data-element_type=\"widget\" data-widget_type=\"heading.default\">\n\t\t\t\t<div class=\"elementor-widget-container\">\n\t\t\t\t\t<h2 class=\"elementor-heading-title elementor-size-default\">Networking<\/h2>\t\t\t\t<\/div>\n\t\t\t\t<\/div>\n\t\t\t\t<div class=\"elementor-element elementor-element-3da90ee elementor-widget elementor-widget-heading\" data-id=\"3da90ee\" data-element_type=\"widget\" data-widget_type=\"heading.default\">\n\t\t\t\t<div class=\"elementor-widget-container\">\n\t\t\t\t\t<h2 class=\"elementor-heading-title elementor-size-default\">Mit Noerr und recode.law<\/h2>\t\t\t\t<\/div>\n\t\t\t\t<\/div>\n\t\t\t\t\t<\/div>\n\t\t<\/div>\n\t\t\t\t<div class=\"elementor-column elementor-col-50 elementor-inner-column elementor-element elementor-element-ab0bc62\" data-id=\"ab0bc62\" data-element_type=\"column\">\n\t\t\t<div class=\"elementor-widget-wrap elementor-element-populated\">\n\t\t\t\t\t\t<div class=\"elementor-element elementor-element-5a1bb19 elementor-widget elementor-widget-heading\" data-id=\"5a1bb19\" data-element_type=\"widget\" data-widget_type=\"heading.default\">\n\t\t\t\t<div class=\"elementor-widget-container\">\n\t\t\t\t\t<h2 class=\"elementor-heading-title elementor-size-default\">kostenlos<\/h2>\t\t\t\t<\/div>\n\t\t\t\t<\/div>\n\t\t\t\t<div class=\"elementor-element elementor-element-46aaef6 elementor-widget elementor-widget-heading\" data-id=\"46aaef6\" data-element_type=\"widget\" data-widget_type=\"heading.default\">\n\t\t\t\t<div class=\"elementor-widget-container\">\n\t\t\t\t\t<h2 class=\"elementor-heading-title elementor-size-default\">Teilnahme einfach per Anmeldung<\/h2>\t\t\t\t<\/div>\n\t\t\t\t<\/div>\n\t\t\t\t\t<\/div>\n\t\t<\/div>\n\t\t\t\t\t<\/div>\n\t\t<\/section>\n\t\t\t\t\t<\/div>\n\t\t<\/div>\n\t\t\t\t\t<\/div>\n\t\t<\/section>\n\t\t\t\t<section class=\"elementor-section elementor-top-section elementor-element elementor-element-0eada0b elementor-section-boxed elementor-section-height-default elementor-section-height-default\" data-id=\"0eada0b\" data-element_type=\"section\">\n\t\t\t\t\t\t\t<div class=\"elementor-background-overlay\"><\/div>\n\t\t\t\t\t\t\t<div class=\"elementor-container elementor-column-gap-no\">\n\t\t\t\t\t<div class=\"elementor-column elementor-col-100 elementor-top-column elementor-element elementor-element-f522c71\" data-id=\"f522c71\" data-element_type=\"column\">\n\t\t\t<div class=\"elementor-widget-wrap elementor-element-populated\">\n\t\t\t\t\t\t<div class=\"elementor-element elementor-element-19e64d6 elementor-widget elementor-widget-heading\" data-id=\"19e64d6\" data-element_type=\"widget\" data-widget_type=\"heading.default\">\n\t\t\t\t<div class=\"elementor-widget-container\">\n\t\t\t\t\t<h2 class=\"elementor-heading-title elementor-size-default\">Anmeldeschluss:<\/h2>\t\t\t\t<\/div>\n\t\t\t\t<\/div>\n\t\t\t\t<div class=\"elementor-element elementor-element-a56d487 elementor-widget elementor-widget-eael-countdown\" data-id=\"a56d487\" data-element_type=\"widget\" data-widget_type=\"eael-countdown.default\">\n\t\t\t\t<div class=\"elementor-widget-container\">\n\t\t\t\t\t\n\t\t<div class=\"eael-countdown-wrapper\" data-countdown-id=\"a56d487\" data-expire-type=\"none\" data-countdown-type=\"due_date\">\n\t\t\t<div class=\"eael-countdown-container eael-countdown-label-block\">\n                                    <ul id=\"eael-countdown-a56d487\" class=\"eael-countdown-items\" data-date=\"Aug 29 2021 23:59:00 +1\">\n                        <li class=\"eael-countdown-item\"><div class=\"eael-countdown-days\"><span data-days class=\"eael-countdown-digits\">00<\/span><span class=\"eael-countdown-label\">Tage<\/span><\/div><\/li>                        <li class=\"eael-countdown-item\"><div class=\"eael-countdown-hours\"><span data-hours class=\"eael-countdown-digits\">00<\/span><span class=\"eael-countdown-label\">Std.<\/span><\/div><\/li>                        <li class=\"eael-countdown-item\"><div class=\"eael-countdown-minutes\"><span data-minutes class=\"eael-countdown-digits\">00<\/span><span class=\"eael-countdown-label\">Min.<\/span><\/div><\/li>                                            <\/ul>\n                    <div class=\"eael-countdown-expiry-template\" style=\"display: none;\">\n                                            <\/div>\n               \n\t\t\t    <div class=\"clearfix\"><\/div>\n\t\t\t<\/div>\n\t\t<\/div>\n\n\t\t\t\t\t<\/div>\n\t\t\t\t<\/div>\n\t\t\t\t\t<\/div>\n\t\t<\/div>\n\t\t\t\t\t<\/div>\n\t\t<\/section>\n\t\t\t\t<section class=\"elementor-section elementor-top-section elementor-element elementor-element-9bdb7c6 elementor-section-boxed elementor-section-height-default elementor-section-height-default\" data-id=\"9bdb7c6\" data-element_type=\"section\" data-settings=\"{&quot;background_background&quot;:&quot;classic&quot;}\">\n\t\t\t\t\t\t<div class=\"elementor-container elementor-column-gap-default\">\n\t\t\t\t\t<div class=\"elementor-column elementor-col-100 elementor-top-column elementor-element elementor-element-0c93d94\" data-id=\"0c93d94\" data-element_type=\"column\">\n\t\t\t<div class=\"elementor-widget-wrap elementor-element-populated\">\n\t\t\t\t\t\t<div class=\"elementor-element elementor-element-5b9e879 elementor-widget elementor-widget-heading\" data-id=\"5b9e879\" data-element_type=\"widget\" data-widget_type=\"heading.default\">\n\t\t\t\t<div class=\"elementor-widget-container\">\n\t\t\t\t\t<h2 class=\"elementor-heading-title elementor-size-default\">Agile Methods in the Legal Sector - work smarter not harder<\/h2>\t\t\t\t<\/div>\n\t\t\t\t<\/div>\n\t\t\t\t<div class=\"elementor-element elementor-element-64ad2a7 elementor-widget elementor-widget-heading\" data-id=\"64ad2a7\" data-element_type=\"widget\" data-widget_type=\"heading.default\">\n\t\t\t\t<div class=\"elementor-widget-container\">\n\t\t\t\t\t<h2 class=\"elementor-heading-title elementor-size-default\"><a href=\"https:\/\/recodelaw.typeform.com\/to\/xctvPTxj\" rel=\"nofollow noopener\" target=\"_blank\"><font color=\"#fd402b\" face=\"IBM Plex serif\"><b><i>Jetzt anmelden!<\/i><\/b><\/font><\/a><\/h2>\t\t\t\t<\/div>\n\t\t\t\t<\/div>\n\t\t\t\t<div class=\"elementor-element elementor-element-3a05d2d elementor-widget elementor-widget-heading\" data-id=\"3a05d2d\" data-element_type=\"widget\" data-widget_type=\"heading.default\">\n\t\t\t\t<div class=\"elementor-widget-container\">\n\t\t\t\t\t<h4 class=\"elementor-heading-title elementor-size-default\">Meldet Euch an und seid am 08. September ab 09 Uhr bei dem Workshop mit  Noerr in D\u00fcsseldorf dabei!<br><\/h4>\t\t\t\t<\/div>\n\t\t\t\t<\/div>\n\t\t\t\t\t<\/div>\n\t\t<\/div>\n\t\t\t\t\t<\/div>\n\t\t<\/section>\n\t\t\t\t<\/div>","protected":false},"excerpt":{"rendered":"<p>#worksmarternotharder Innovation und agile Arbeitsmethoden \u2013 wie lassen sich diese Komponenten kombinieren und inwiefern beeinflussen sie das t\u00e4gliche Arbeitsleben von Jurist:innen? Bei diesem Workshop von recode.law und Noerr werden wir es mit Dir zusammen erarbeiten! Am 08. September 2021 hast Du die M\u00f6glichkeit mit weiteren Teilnehmer:innen verschiedenste agile Arbeitsmethoden kennenzulernen. Dabei nutzt Du Methoden, die [&hellip;]<\/p>","protected":false},"author":33,"featured_media":3024,"parent":0,"menu_order":0,"comment_status":"closed","ping_status":"closed","template":"","meta":{"_acf_changed":false,"_lmt_disableupdate":"","_lmt_disable":"","footnotes":""},"class_list":["post-2998","page","type-page","status-publish","has-post-thumbnail","hentry"],"acf":[],"_links":{"self":[{"href":"https:\/\/recode.law\/en\/wp-json\/wp\/v2\/pages\/2998","targetHints":{"allow":["GET"]}}],"collection":[{"href":"https:\/\/recode.law\/en\/wp-json\/wp\/v2\/pages"}],"about":[{"href":"https:\/\/recode.law\/en\/wp-json\/wp\/v2\/types\/page"}],"author":[{"embeddable":true,"href":"https:\/\/recode.law\/en\/wp-json\/wp\/v2\/users\/33"}],"replies":[{"embeddable":true,"href":"https:\/\/recode.law\/en\/wp-json\/wp\/v2\/comments?post=2998"}],"version-history":[{"count":50,"href":"https:\/\/recode.law\/en\/wp-json\/wp\/v2\/pages\/2998\/revisions"}],"predecessor-version":[{"id":3650,"href":"https:\/\/recode.law\/en\/wp-json\/wp\/v2\/pages\/2998\/revisions\/3650"}],"wp:featuredmedia":[{"embeddable":true,"href":"https:\/\/recode.law\/en\/wp-json\/wp\/v2\/media\/3024"}],"wp:attachment":[{"href":"https:\/\/recode.law\/en\/wp-json\/wp\/v2\/media?parent=2998"}],"curies":[{"name":"wp","href":"https:\/\/api.w.org\/{rel}","templated":true}]}}