{"id":3863,"date":"2022-05-30T21:33:31","date_gmt":"2022-05-30T20:33:31","guid":{"rendered":"https:\/\/recode.law\/?page_id=3863"},"modified":"2024-10-11T10:47:58","modified_gmt":"2024-10-11T09:47:58","slug":"standort-passau","status":"publish","type":"page","link":"https:\/\/recode.law\/en\/standort-passau\/","title":{"rendered":"Passau"},"content":{"rendered":"<div data-elementor-type=\"wp-page\" data-elementor-id=\"3863\" class=\"elementor elementor-3863\" data-elementor-post-type=\"page\">\n\t\t\t\t\t\t<section class=\"elementor-section elementor-top-section elementor-element elementor-element-84481c4 elementor-section-stretched elementor-section-boxed elementor-section-height-default elementor-section-height-default\" data-id=\"84481c4\" data-element_type=\"section\" data-settings=\"{&quot;stretch_section&quot;:&quot;section-stretched&quot;}\">\n\t\t\t\t\t\t<div class=\"elementor-container elementor-column-gap-default\">\n\t\t\t\t\t<div class=\"elementor-column elementor-col-50 elementor-top-column elementor-element elementor-element-68e147e\" data-id=\"68e147e\" data-element_type=\"column\">\n\t\t\t<div class=\"elementor-widget-wrap elementor-element-populated\">\n\t\t\t\t\t\t<div class=\"elementor-element elementor-element-f5c7b03 elementor-widget elementor-widget-heading\" data-id=\"f5c7b03\" data-element_type=\"widget\" data-widget_type=\"heading.default\">\n\t\t\t\t<div class=\"elementor-widget-container\">\n\t\t\t\t\t<h2 class=\"elementor-heading-title elementor-size-default\">We in\u00a0<span style=\"font-family: 'IBM Plex serif';font-weight: bold;color:#FD402B\"><i>Passau<\/i><\/span><\/h2>\t\t\t\t<\/div>\n\t\t\t\t<\/div>\n\t\t\t\t<div class=\"elementor-element elementor-element-5b873b8 elementor-widget elementor-widget-text-editor\" data-id=\"5b873b8\" data-element_type=\"widget\" data-widget_type=\"text-editor.default\">\n\t\t\t\t<div class=\"elementor-widget-container\">\n\t\t\t\t\t\t\t\t\t<p>Since September of 2021 <a class=\"notion-link-token notion-enable-hover\" style=\"cursor: pointer; overflow-wrap: break-word; text-decoration: inherit;\" href=\"http:\/\/recode.law\/en\/\" target=\"_blank\" rel=\"noopener noreferrer\" data-token-index=\"1\" data-reactroot=\"\"><span class=\"link-annotation-unknown-block-id--1221805047\" style=\"border-bottom: 0.05em solid; border-color: rgba(55,53,47,0.4); opacity: 0.7;\">recode.law<\/span><\/a> is represented with a location in the south of Germany with already 20 members<\/p>\t\t\t\t\t\t\t\t<\/div>\n\t\t\t\t<\/div>\n\t\t\t\t\t<\/div>\n\t\t<\/div>\n\t\t\t\t<div class=\"elementor-column elementor-col-50 elementor-top-column elementor-element elementor-element-282e572\" data-id=\"282e572\" data-element_type=\"column\">\n\t\t\t<div class=\"elementor-widget-wrap elementor-element-populated\">\n\t\t\t\t\t\t<div class=\"elementor-element elementor-element-fd24ae6 elementor-widget elementor-widget-image-carousel\" data-id=\"fd24ae6\" data-element_type=\"widget\" data-settings=\"{&quot;slides_to_show&quot;:&quot;1&quot;,&quot;navigation&quot;:&quot;none&quot;,&quot;pause_on_hover&quot;:&quot;no&quot;,&quot;pause_on_interaction&quot;:&quot;no&quot;,&quot;effect&quot;:&quot;fade&quot;,&quot;autoplay&quot;:&quot;yes&quot;,&quot;autoplay_speed&quot;:5000,&quot;infinite&quot;:&quot;yes&quot;,&quot;speed&quot;:500}\" data-widget_type=\"image-carousel.default\">\n\t\t\t\t<div class=\"elementor-widget-container\">\n\t\t\t\t\t\t\t<div class=\"elementor-image-carousel-wrapper swiper\" role=\"region\" aria-roledescription=\"carousel\" aria-label=\"Image Carousel\" dir=\"ltr\">\n\t\t\t<div class=\"elementor-image-carousel swiper-wrapper\" aria-live=\"off\">\n\t\t\t\t\t\t\t\t<div class=\"swiper-slide\" role=\"group\" aria-roledescription=\"slide\" aria-label=\"1 von 2\" data-no-translation-aria-label=\"\"><figure class=\"swiper-slide-inner\"><img decoding=\"async\" class=\"swiper-slide-image\" src=\"https:\/\/recode.law\/wp-content\/uploads\/elementor\/thumbs\/C448CB56-4FC7-439D-825D-630C28B6685B_1_201_a-scaled-qqa067bfe9l2ihotj7y4vc5cog64412r7aiz15epe8.jpeg\" alt=\"passau_sdu24\" \/><\/figure><\/div><div class=\"swiper-slide\" role=\"group\" aria-roledescription=\"slide\" aria-label=\"2 von 2\" data-no-translation-aria-label=\"\"><figure class=\"swiper-slide-inner\"><img decoding=\"async\" class=\"swiper-slide-image\" src=\"https:\/\/recode.law\/wp-content\/uploads\/elementor\/thumbs\/recode-passau-scaled-pr1dcpko1ovmb0k7sk1toqgm8zqtphk2yv05hi90k0.jpg\" alt=\"recode passau\" \/><\/figure><\/div>\t\t\t<\/div>\n\t\t\t\t\t\t\t\n\t\t\t\t\t\t\t\t\t<\/div>\n\t\t\t\t\t\t<\/div>\n\t\t\t\t<\/div>\n\t\t\t\t\t<\/div>\n\t\t<\/div>\n\t\t\t\t\t<\/div>\n\t\t<\/section>\n\t\t\t\t<section class=\"elementor-section elementor-top-section elementor-element elementor-element-14fd899 elementor-section-boxed elementor-section-height-default elementor-section-height-default\" data-id=\"14fd899\" data-element_type=\"section\">\n\t\t\t\t\t\t<div class=\"elementor-container elementor-column-gap-default\">\n\t\t\t\t\t<div class=\"elementor-column elementor-col-100 elementor-top-column elementor-element elementor-element-274bfa2\" data-id=\"274bfa2\" data-element_type=\"column\">\n\t\t\t<div class=\"elementor-widget-wrap elementor-element-populated\">\n\t\t\t\t\t\t<div class=\"elementor-element elementor-element-3398ec0 elementor-widget elementor-widget-text-editor\" data-id=\"3398ec0\" data-element_type=\"widget\" data-widget_type=\"text-editor.default\">\n\t\t\t\t<div class=\"elementor-widget-container\">\n\t\t\t\t\t\t\t\t\t<h2 class=\"elementor-heading-title elementor-size-default elementor-inline-editing pen\" style=\"color: #0f1f26; letter-spacing: normal; text-align: center;\" data-elementor-setting-key=\"title\" data-pen-placeholder=\"Eingabe hier...\"><span style=\"font-family: var( --e-global-typography-primary-font-family ), Sans-serif; font-size: var( --e-global-typography-primary-font-size ); font-style: var( --e-global-typography-primary-font-style ); font-weight: var( --e-global-typography-primary-font-weight ); letter-spacing: var( --e-global-typography-primary-letter-spacing ); text-transform: var( --e-global-typography-primary-text-transform ); background-color: var( --e-global-color-a270cf2 );\">In the <\/span><span style=\"font-size: var( --e-global-typography-primary-font-size ); letter-spacing: var( --e-global-typography-primary-letter-spacing ); text-transform: var( --e-global-typography-primary-text-transform ); background-color: var( --e-global-color-a270cf2 ); font-family: 'IBM Plex serif'; font-weight: bold; color: #fd402b;\"><i>heart <\/i><\/span><span style=\"font-family: var( --e-global-typography-primary-font-family ), Sans-serif; font-size: var( --e-global-typography-primary-font-size ); font-style: var( --e-global-typography-primary-font-style ); font-weight: var( --e-global-typography-primary-font-weight ); letter-spacing: var( --e-global-typography-primary-letter-spacing ); text-transform: var( --e-global-typography-primary-text-transform ); background-color: var( --e-global-color-a270cf2 );\">of bavaria<\/span><\/h2>\t\t\t\t\t\t\t\t<\/div>\n\t\t\t\t<\/div>\n\t\t\t\t<div class=\"elementor-element elementor-element-9f6e691 elementor-widget elementor-widget-text-editor\" data-id=\"9f6e691\" data-element_type=\"widget\" data-widget_type=\"text-editor.default\">\n\t\t\t\t<div class=\"elementor-widget-container\">\n\t\t\t\t\t\t\t\t\t<p>Passau, bekannt als idyllische Dreifl\u00fcssestadt, ist vor allem f\u00fcr Studierende eine klasse Adresse. Die juristische Fakult\u00e4t strahlt weit \u00fcber Passau hinaus. Hier wurde der deutschlandweit erste Legal Tech LL.B. mit tatkr\u00e4ftiger Unterst\u00fctzung von unserem F\u00f6rdermitglied <a class=\"notion-link-token notion-enable-hover\" href=\"https:\/\/www.linkedin.com\/in\/ACoAACaKL0gBrpOu3LWawHrDeUFM4WXPz0_klK8\" target=\"_blank\" rel=\"noopener noreferrer nofollow\" data-token-index=\"3\" data-reactroot=\"\"><span class=\"link-annotation-unknown-block-id--1732055734\">Prof. Dr. Michael Beurskens<\/span><\/a>\u00a0for which<span class=\"notion-enable-hover\" data-token-index=\"5\" data-reactroot=\"\">\u00a0<\/span>the University of Passau received the \u201cDigital Pioneer\u201d award for the introduction of the course as part of the Digital Awards 2020.\u00a0<span class=\"notion-enable-hover\" data-token-index=\"7\" data-reactroot=\"\">FREDI, the Research Institute for the Law of Digitalization (Prof. Hennemann) and the lecture series Legal Tech (Prof. Riehm) at the University of Passau are also contributing to the academic relevance of legal tech at the university and in teaching - which finally explains<\/span>\u00a0\u00a0why\u00a0<a class=\"notion-link-token notion-enable-hover\" href=\"http:\/\/recode.law\/en\/\" target=\"_blank\" rel=\"noopener noreferrer\" data-token-index=\"9\" data-reactroot=\"\"><span class=\"link-annotation-unknown-block-id--1221805047\">recode.law<\/span><\/a>\u00a0\u00a0has now arrived here too.<\/p>\t\t\t\t\t\t\t\t<\/div>\n\t\t\t\t<\/div>\n\t\t\t\t\t<\/div>\n\t\t<\/div>\n\t\t\t\t\t<\/div>\n\t\t<\/section>\n\t\t\t\t<section class=\"elementor-section elementor-top-section elementor-element elementor-element-4e817c6 elementor-section-stretched elementor-section-boxed elementor-section-height-default elementor-section-height-default\" data-id=\"4e817c6\" data-element_type=\"section\" data-settings=\"{&quot;stretch_section&quot;:&quot;section-stretched&quot;}\">\n\t\t\t\t\t\t<div class=\"elementor-container elementor-column-gap-default\">\n\t\t\t\t\t<div class=\"elementor-column elementor-col-50 elementor-top-column elementor-element elementor-element-b07eba2\" data-id=\"b07eba2\" data-element_type=\"column\">\n\t\t\t<div class=\"elementor-widget-wrap elementor-element-populated\">\n\t\t\t\t\t\t<div class=\"elementor-element elementor-element-29d28da elementor-widget elementor-widget-heading\" data-id=\"29d28da\" data-element_type=\"widget\" data-widget_type=\"heading.default\">\n\t\t\t\t<div class=\"elementor-widget-container\">\n\t\t\t\t\t<h2 class=\"elementor-heading-title elementor-size-default\">In\u00a0<span style=\"font-family: 'IBM Plex serif';font-weight: bold;color:#FD402B\"><i>Passau<\/i><\/span> we say...<\/h2>\t\t\t\t<\/div>\n\t\t\t\t<\/div>\n\t\t\t\t<div class=\"elementor-element elementor-element-6be149e elementor-widget elementor-widget-text-editor\" data-id=\"6be149e\" data-element_type=\"widget\" data-widget_type=\"text-editor.default\">\n\t\t\t\t<div class=\"elementor-widget-container\">\n\t\t\t\t\t\t\t\t\t<p>\u201cOh, it\u00b4s flooding again ... you better move your car!\u201d<\/p>\t\t\t\t\t\t\t\t<\/div>\n\t\t\t\t<\/div>\n\t\t\t\t\t<\/div>\n\t\t<\/div>\n\t\t\t\t<div class=\"elementor-column elementor-col-50 elementor-top-column elementor-element elementor-element-4521d80\" data-id=\"4521d80\" data-element_type=\"column\">\n\t\t\t<div class=\"elementor-widget-wrap elementor-element-populated\">\n\t\t\t\t\t\t<div class=\"elementor-element elementor-element-6d31548 elementor-widget elementor-widget-image-carousel\" data-id=\"6d31548\" data-element_type=\"widget\" data-settings=\"{&quot;slides_to_show&quot;:&quot;1&quot;,&quot;navigation&quot;:&quot;none&quot;,&quot;pause_on_hover&quot;:&quot;no&quot;,&quot;pause_on_interaction&quot;:&quot;no&quot;,&quot;effect&quot;:&quot;fade&quot;,&quot;autoplay&quot;:&quot;yes&quot;,&quot;autoplay_speed&quot;:5000,&quot;infinite&quot;:&quot;yes&quot;,&quot;speed&quot;:500}\" data-widget_type=\"image-carousel.default\">\n\t\t\t\t<div class=\"elementor-widget-container\">\n\t\t\t\t\t\t\t<div class=\"elementor-image-carousel-wrapper swiper\" role=\"region\" aria-roledescription=\"carousel\" aria-label=\"Image Carousel\" dir=\"ltr\">\n\t\t\t<div class=\"elementor-image-carousel swiper-wrapper\" aria-live=\"off\">\n\t\t\t\t\t\t\t\t<div class=\"swiper-slide\" role=\"group\" aria-roledescription=\"slide\" aria-label=\"1 von 2\" data-no-translation-aria-label=\"\"><figure class=\"swiper-slide-inner\"><img decoding=\"async\" class=\"swiper-slide-image\" src=\"https:\/\/recode.law\/wp-content\/uploads\/elementor\/thumbs\/Foto-Passau-2-pk5p5fc1swykd8ovq9l628yglvhx6t6273xgq9d634.jpg\" alt=\"Foto Passau 2\" \/><\/figure><\/div><div class=\"swiper-slide\" role=\"group\" aria-roledescription=\"slide\" aria-label=\"2 von 2\" data-no-translation-aria-label=\"\"><figure class=\"swiper-slide-inner\"><img decoding=\"async\" class=\"swiper-slide-image\" src=\"https:\/\/recode.law\/wp-content\/uploads\/elementor\/thumbs\/Foto-Passau-pk5p1sohexzpjfynx740xnxe1bdwgvrdd58z0sqw40.jpg\" alt=\"Foto Passau\" \/><\/figure><\/div>\t\t\t<\/div>\n\t\t\t\t\t\t\t\n\t\t\t\t\t\t\t\t\t<\/div>\n\t\t\t\t\t\t<\/div>\n\t\t\t\t<\/div>\n\t\t\t\t\t<\/div>\n\t\t<\/div>\n\t\t\t\t\t<\/div>\n\t\t<\/section>\n\t\t\t\t<section class=\"elementor-section elementor-top-section elementor-element elementor-element-7716d6f elementor-section-boxed elementor-section-height-default elementor-section-height-default\" data-id=\"7716d6f\" data-element_type=\"section\">\n\t\t\t\t\t\t<div class=\"elementor-container elementor-column-gap-default\">\n\t\t\t\t\t<div class=\"elementor-column elementor-col-100 elementor-top-column elementor-element elementor-element-d078234\" data-id=\"d078234\" data-element_type=\"column\">\n\t\t\t<div class=\"elementor-widget-wrap elementor-element-populated\">\n\t\t\t\t\t\t<div class=\"elementor-element elementor-element-f28d20a elementor-widget elementor-widget-heading\" data-id=\"f28d20a\" data-element_type=\"widget\" data-widget_type=\"heading.default\">\n\t\t\t\t<div class=\"elementor-widget-container\">\n\t\t\t\t\t<h2 class=\"elementor-heading-title elementor-size-default\">These are our <span style=\"font-family: 'IBM Plex serif';font-weight: bold;color:#FD402B\"><i>Passau members<\/i><\/span><\/h2>\t\t\t\t<\/div>\n\t\t\t\t<\/div>\n\t\t\t\t\t<\/div>\n\t\t<\/div>\n\t\t\t\t\t<\/div>\n\t\t<\/section>\n\t\t\t\t<section class=\"elementor-section elementor-top-section elementor-element elementor-element-19b7773 elementor-section-boxed elementor-section-height-default elementor-section-height-default\" data-id=\"19b7773\" data-element_type=\"section\">\n\t\t\t\t\t\t<div class=\"elementor-container elementor-column-gap-default\">\n\t\t\t\t\t<div class=\"elementor-column elementor-col-50 elementor-top-column elementor-element elementor-element-444dc03\" data-id=\"444dc03\" data-element_type=\"column\">\n\t\t\t<div class=\"elementor-widget-wrap elementor-element-populated\">\n\t\t\t\t\t\t<div class=\"elementor-element elementor-element-7387878 elementor-widget elementor-widget-image\" data-id=\"7387878\" data-element_type=\"widget\" data-widget_type=\"image.default\">\n\t\t\t\t<div class=\"elementor-widget-container\">\n\t\t\t\t\t\t\t\t\t\t\t\t\t\t\t<img fetchpriority=\"high\" decoding=\"async\" width=\"300\" height=\"276\" src=\"https:\/\/recode.law\/wp-content\/uploads\/2021\/12\/removal.ai_tmp-61ba3dae2b388-e1639595853428-300x276.png\" class=\"attachment-medium size-medium wp-image-3317\" alt=\"\" srcset=\"https:\/\/recode.law\/wp-content\/uploads\/2021\/12\/removal.ai_tmp-61ba3dae2b388-e1639595853428-300x276.png 300w, https:\/\/recode.law\/wp-content\/uploads\/2021\/12\/removal.ai_tmp-61ba3dae2b388-e1639595853428-13x12.png 13w, https:\/\/recode.law\/wp-content\/uploads\/2021\/12\/removal.ai_tmp-61ba3dae2b388-e1639595853428.png 596w\" sizes=\"(max-width: 300px) 100vw, 300px\" \/>\t\t\t\t\t\t\t\t\t\t\t\t\t\t\t<\/div>\n\t\t\t\t<\/div>\n\t\t\t\t<div class=\"elementor-element elementor-element-7baaec9 elementor-widget elementor-widget-heading\" data-id=\"7baaec9\" data-element_type=\"widget\" data-widget_type=\"heading.default\">\n\t\t\t\t<div class=\"elementor-widget-container\">\n\t\t\t\t\t<h2 class=\"elementor-heading-title elementor-size-default\"><a href=\"https:\/\/recode.law\/en\/author\/alexandraelena-mueller\/\">Alexandra Elena M\u00fcller\n<\/a><\/h2>\t\t\t\t<\/div>\n\t\t\t\t<\/div>\n\t\t\t\t<div class=\"elementor-element elementor-element-8ea9830 elementor-widget elementor-widget-text-editor\" data-id=\"8ea9830\" data-element_type=\"widget\" data-widget_type=\"text-editor.default\">\n\t\t\t\t<div class=\"elementor-widget-container\">\n\t\t\t\t\t\t\t\t\t<p>Der Standort Passau ist mit seiner juristischen Fakult\u00e4t und dem Legal Tech Bachelor seit 2020 kein unbeschriebenes Blatt mehr. Dennoch gibt es in Bayern hinsichtlich der Digitalisierung der Juristenausbildung noch viel zu tun. Es ist motivierend, gemeinsam mit anderen Recoder:innen, die auch f\u00fcr Legal Tech brennen, etwas ver\u00e4ndern zu k\u00f6nnen!<\/p>\t\t\t\t\t\t\t\t<\/div>\n\t\t\t\t<\/div>\n\t\t\t\t\t<\/div>\n\t\t<\/div>\n\t\t\t\t<div class=\"elementor-column elementor-col-50 elementor-top-column elementor-element elementor-element-73bce90\" data-id=\"73bce90\" data-element_type=\"column\">\n\t\t\t<div class=\"elementor-widget-wrap elementor-element-populated\">\n\t\t\t\t\t\t<div class=\"elementor-element elementor-element-f63b7c1 elementor-widget elementor-widget-image\" data-id=\"f63b7c1\" data-element_type=\"widget\" data-widget_type=\"image.default\">\n\t\t\t\t<div class=\"elementor-widget-container\">\n\t\t\t\t\t\t\t\t\t\t\t\t\t\t\t<img decoding=\"async\" width=\"300\" height=\"270\" src=\"https:\/\/recode.law\/wp-content\/uploads\/2021\/05\/Unbenannt-1-2-e1620140252914-300x270.png\" class=\"attachment-medium size-medium wp-image-2558\" alt=\"\" srcset=\"https:\/\/recode.law\/wp-content\/uploads\/2021\/05\/Unbenannt-1-2-e1620140252914-300x270.png 300w, https:\/\/recode.law\/wp-content\/uploads\/2021\/05\/Unbenannt-1-2-e1620140252914-1024x922.png 1024w, https:\/\/recode.law\/wp-content\/uploads\/2021\/05\/Unbenannt-1-2-e1620140252914-768x691.png 768w, https:\/\/recode.law\/wp-content\/uploads\/2021\/05\/Unbenannt-1-2-e1620140252914-13x12.png 13w, https:\/\/recode.law\/wp-content\/uploads\/2021\/05\/Unbenannt-1-2-e1620140252914.png 1412w\" sizes=\"(max-width: 300px) 100vw, 300px\" \/>\t\t\t\t\t\t\t\t\t\t\t\t\t\t\t<\/div>\n\t\t\t\t<\/div>\n\t\t\t\t<div class=\"elementor-element elementor-element-42a7158 elementor-widget elementor-widget-heading\" data-id=\"42a7158\" data-element_type=\"widget\" data-widget_type=\"heading.default\">\n\t\t\t\t<div class=\"elementor-widget-container\">\n\t\t\t\t\t<h2 class=\"elementor-heading-title elementor-size-default\"><a href=\"https:\/\/recode.law\/en\/author\/sebastian-gutzeit\/\">Sebastian Gutzeit<\/a><\/h2>\t\t\t\t<\/div>\n\t\t\t\t<\/div>\n\t\t\t\t<div class=\"elementor-element elementor-element-af24ca3 elementor-widget elementor-widget-text-editor\" data-id=\"af24ca3\" data-element_type=\"widget\" data-widget_type=\"text-editor.default\">\n\t\t\t\t<div class=\"elementor-widget-container\">\n\t\t\t\t\t\t\t\t\t<div class=\"c-message_kit__blocks c-message_kit__blocks--rich_text\"><div class=\"c-message__message_blocks c-message__message_blocks--rich_text\" data-qa=\"message-text\"><div class=\"p-block_kit_renderer\" data-qa=\"block-kit-renderer\"><div class=\"p-block_kit_renderer__block_wrapper p-block_kit_renderer__block_wrapper--first\"><div class=\"p-rich_text_block\" dir=\"auto\"><div class=\"p-rich_text_section\"><span style=\"background-color: var( --e-global-color-a270cf2 ); color: var( --e-global-color-text ); font-family: var( --e-global-typography-text-font-family ), Sans-serif; font-size: var( --e-global-typography-text-font-size ); font-style: var( --e-global-typography-text-font-style ); font-weight: var( --e-global-typography-text-font-weight ); letter-spacing: var( --e-global-typography-text-letter-spacing ); text-transform: var( --e-global-typography-text-text-transform );\">recode.law macht in Passau ganz besonders Spa\u00df, zum einen weil hier mit dem neuen Studiengang Legal Tech eine Menge sehr motivierter Legal Tech Interessierte Leute sind und zum anderen weil Passau als kleinere Studienstadt einfach den Vorteil bietet, dass man einfach n\u00e4her zusammen ist und vor Ort viel zusammen arbeiten kann was den Teamgeist sehr st\u00e4rkt! Daneben bietet nat\u00fcrlich recode.law als europaweiter Verein die M\u00f6glichkeit\u00a0 auf einer gr\u00f6\u00dferen Ebene etwas zu bewegen.<\/span><span style=\"background-color: var( --e-global-color-a270cf2 ); color: var( --e-global-color-text ); font-family: var( --e-global-typography-text-font-family ), Sans-serif; font-size: var( --e-global-typography-text-font-size ); font-style: var( --e-global-typography-text-font-style ); font-weight: var( --e-global-typography-text-font-weight ); letter-spacing: var( --e-global-typography-text-letter-spacing ); text-transform: var( --e-global-typography-text-text-transform );\">\u00a0<\/span><\/div><\/div><\/div><\/div><\/div><\/div>\t\t\t\t\t\t\t\t<\/div>\n\t\t\t\t<\/div>\n\t\t\t\t\t<\/div>\n\t\t<\/div>\n\t\t\t\t\t<\/div>\n\t\t<\/section>\n\t\t\t\t<section class=\"elementor-section elementor-top-section elementor-element elementor-element-03dc2bc elementor-section-boxed elementor-section-height-default elementor-section-height-default\" data-id=\"03dc2bc\" data-element_type=\"section\">\n\t\t\t\t\t\t<div class=\"elementor-container elementor-column-gap-default\">\n\t\t\t\t\t<div class=\"elementor-column elementor-col-100 elementor-top-column elementor-element elementor-element-72bcc27\" data-id=\"72bcc27\" data-element_type=\"column\">\n\t\t\t<div class=\"elementor-widget-wrap\">\n\t\t\t\t\t\t\t<\/div>\n\t\t<\/div>\n\t\t\t\t\t<\/div>\n\t\t<\/section>\n\t\t\t\t<section class=\"elementor-section elementor-top-section elementor-element elementor-element-ffb8e08 elementor-section-boxed elementor-section-height-default elementor-section-height-default\" data-id=\"ffb8e08\" data-element_type=\"section\">\n\t\t\t\t\t\t<div class=\"elementor-container elementor-column-gap-default\">\n\t\t\t\t\t<div class=\"elementor-column elementor-col-100 elementor-top-column elementor-element elementor-element-8330bc5\" data-id=\"8330bc5\" data-element_type=\"column\">\n\t\t\t<div class=\"elementor-widget-wrap elementor-element-populated\">\n\t\t\t\t\t\t<div class=\"elementor-element elementor-element-a7bc564 elementor-align-center elementor-widget elementor-widget-button\" data-id=\"a7bc564\" data-element_type=\"widget\" data-widget_type=\"button.default\">\n\t\t\t\t<div class=\"elementor-widget-container\">\n\t\t\t\t\t\t\t\t\t<div class=\"elementor-button-wrapper\">\n\t\t\t\t\t<a class=\"elementor-button elementor-button-link elementor-size-xs\" href=\"https:\/\/recode.law\/en\/standorte\/\">\n\t\t\t\t\t\t<span class=\"elementor-button-content-wrapper\">\n\t\t\t\t\t\t\t\t\t<span class=\"elementor-button-text\">Back to all locations<\/span>\n\t\t\t\t\t<\/span>\n\t\t\t\t\t<\/a>\n\t\t\t\t<\/div>\n\t\t\t\t\t\t\t\t<\/div>\n\t\t\t\t<\/div>\n\t\t\t\t\t<\/div>\n\t\t<\/div>\n\t\t\t\t\t<\/div>\n\t\t<\/section>\n\t\t\t\t<\/div>","protected":false},"excerpt":{"rendered":"<p>Wir in\u00a0Passau Seit September 2021 ist recode.law auch mit einem Standort im S\u00fcden Deutschlands mit mittlerweile 20 Recoder:innen vertreten. Im Herzen Bayerns Passau, bekannt als idyllische Dreifl\u00fcssestadt, ist vor allem f\u00fcr Studierende eine klasse Adresse. Die juristische Fakult\u00e4t strahlt weit \u00fcber Passau hinaus. Hier wurde der deutschlandweit erste Legal Tech LL.B. mit tatkr\u00e4ftiger Unterst\u00fctzung von [&hellip;]<\/p>","protected":false},"author":17,"featured_media":0,"parent":0,"menu_order":0,"comment_status":"closed","ping_status":"closed","template":"","meta":{"_acf_changed":false,"_lmt_disableupdate":"","_lmt_disable":"","footnotes":""},"class_list":["post-3863","page","type-page","status-publish","hentry"],"acf":[],"_links":{"self":[{"href":"https:\/\/recode.law\/en\/wp-json\/wp\/v2\/pages\/3863","targetHints":{"allow":["GET"]}}],"collection":[{"href":"https:\/\/recode.law\/en\/wp-json\/wp\/v2\/pages"}],"about":[{"href":"https:\/\/recode.law\/en\/wp-json\/wp\/v2\/types\/page"}],"author":[{"embeddable":true,"href":"https:\/\/recode.law\/en\/wp-json\/wp\/v2\/users\/17"}],"replies":[{"embeddable":true,"href":"https:\/\/recode.law\/en\/wp-json\/wp\/v2\/comments?post=3863"}],"version-history":[{"count":43,"href":"https:\/\/recode.law\/en\/wp-json\/wp\/v2\/pages\/3863\/revisions"}],"predecessor-version":[{"id":7546,"href":"https:\/\/recode.law\/en\/wp-json\/wp\/v2\/pages\/3863\/revisions\/7546"}],"wp:attachment":[{"href":"https:\/\/recode.law\/en\/wp-json\/wp\/v2\/media?parent=3863"}],"curies":[{"name":"wp","href":"https:\/\/api.w.org\/{rel}","templated":true}]}}