{"id":3898,"date":"2022-05-30T21:54:19","date_gmt":"2022-05-30T20:54:19","guid":{"rendered":"https:\/\/recode.law\/?page_id=3898"},"modified":"2024-10-11T09:49:16","modified_gmt":"2024-10-11T08:49:16","slug":"standort-rheinland","status":"publish","type":"page","link":"https:\/\/recode.law\/en\/standort-rheinland\/","title":{"rendered":"Rhineland"},"content":{"rendered":"<div data-elementor-type=\"wp-page\" data-elementor-id=\"3898\" class=\"elementor elementor-3898\" data-elementor-post-type=\"page\">\n\t\t\t\t\t\t<section class=\"elementor-section elementor-top-section elementor-element elementor-element-e5e3f32 elementor-section-stretched elementor-section-boxed elementor-section-height-default elementor-section-height-default\" data-id=\"e5e3f32\" data-element_type=\"section\" data-settings=\"{&quot;stretch_section&quot;:&quot;section-stretched&quot;}\">\n\t\t\t\t\t\t<div class=\"elementor-container elementor-column-gap-default\">\n\t\t\t\t\t<div class=\"elementor-column elementor-col-50 elementor-top-column elementor-element elementor-element-59a1f71\" data-id=\"59a1f71\" data-element_type=\"column\">\n\t\t\t<div class=\"elementor-widget-wrap elementor-element-populated\">\n\t\t\t\t\t\t<div class=\"elementor-element elementor-element-9c26da4 elementor-widget elementor-widget-heading\" data-id=\"9c26da4\" data-element_type=\"widget\" data-widget_type=\"heading.default\">\n\t\t\t\t<div class=\"elementor-widget-container\">\n\t\t\t\t\t<h2 class=\"elementor-heading-title elementor-size-default\">We in the&nbsp;<span style=\"font-family: 'IBM Plex serif';font-weight: bold;color:#FD402B\"><i>Rhineland<\/i><\/span><\/h2>\t\t\t\t<\/div>\n\t\t\t\t<\/div>\n\t\t\t\t<div class=\"elementor-element elementor-element-99102ab elementor-widget elementor-widget-text-editor\" data-id=\"99102ab\" data-element_type=\"widget\" data-widget_type=\"text-editor.default\">\n\t\t\t\t<div class=\"elementor-widget-container\">\n\t\t\t\t\t\t\t\t\t<p>In January 2020, we founded the Rhineland location and are represented by 31 members in the cities of D\u00fcsseldorf, Cologne, Bonn, Bochum and Bielefeld.<\/p>\t\t\t\t\t\t\t\t<\/div>\n\t\t\t\t<\/div>\n\t\t\t\t\t<\/div>\n\t\t<\/div>\n\t\t\t\t<div class=\"elementor-column elementor-col-50 elementor-top-column elementor-element elementor-element-727d12b\" data-id=\"727d12b\" data-element_type=\"column\">\n\t\t\t<div class=\"elementor-widget-wrap elementor-element-populated\">\n\t\t\t\t\t\t<div class=\"elementor-element elementor-element-0fc7ed9 elementor-widget elementor-widget-image-carousel\" data-id=\"0fc7ed9\" data-element_type=\"widget\" data-settings=\"{&quot;slides_to_show&quot;:&quot;1&quot;,&quot;navigation&quot;:&quot;none&quot;,&quot;pause_on_hover&quot;:&quot;no&quot;,&quot;pause_on_interaction&quot;:&quot;no&quot;,&quot;effect&quot;:&quot;fade&quot;,&quot;autoplay&quot;:&quot;yes&quot;,&quot;autoplay_speed&quot;:5000,&quot;infinite&quot;:&quot;yes&quot;,&quot;speed&quot;:500}\" data-widget_type=\"image-carousel.default\">\n\t\t\t\t<div class=\"elementor-widget-container\">\n\t\t\t\t\t\t\t<div class=\"elementor-image-carousel-wrapper swiper\" role=\"region\" aria-roledescription=\"carousel\" aria-label=\"Bild Karussell\" dir=\"ltr\">\n\t\t\t<div class=\"elementor-image-carousel swiper-wrapper\" aria-live=\"off\">\n\t\t\t\t\t\t\t\t<div class=\"swiper-slide\" role=\"group\" aria-roledescription=\"slide\" aria-label=\"1 von 1\"><figure class=\"swiper-slide-inner\"><img decoding=\"async\" class=\"swiper-slide-image\" src=\"https:\/\/recode.law\/wp-content\/uploads\/2022\/05\/bild_von_ios_720-1.jpg\" alt=\"bild_von_ios_720\" \/><\/figure><\/div>\t\t\t<\/div>\n\t\t\t\t\t<\/div>\n\t\t\t\t\t\t<\/div>\n\t\t\t\t<\/div>\n\t\t\t\t\t<\/div>\n\t\t<\/div>\n\t\t\t\t\t<\/div>\n\t\t<\/section>\n\t\t\t\t<section class=\"elementor-section elementor-top-section elementor-element elementor-element-e5534b7 elementor-section-boxed elementor-section-height-default elementor-section-height-default\" data-id=\"e5534b7\" data-element_type=\"section\">\n\t\t\t\t\t\t<div class=\"elementor-container elementor-column-gap-default\">\n\t\t\t\t\t<div class=\"elementor-column elementor-col-100 elementor-top-column elementor-element elementor-element-40af17d\" data-id=\"40af17d\" data-element_type=\"column\">\n\t\t\t<div class=\"elementor-widget-wrap elementor-element-populated\">\n\t\t\t\t\t\t<div class=\"elementor-element elementor-element-4a4d8fd elementor-widget elementor-widget-text-editor\" data-id=\"4a4d8fd\" data-element_type=\"widget\" data-widget_type=\"text-editor.default\">\n\t\t\t\t<div class=\"elementor-widget-container\">\n\t\t\t\t\t\t\t\t\t<h2 class=\"elementor-heading-title elementor-size-default elementor-inline-editing pen\" style=\"color: #0f1f26; letter-spacing: normal; text-align: center;\" data-elementor-setting-key=\"title\" data-pen-placeholder=\"Eingabe hier...\"><span style=\"font-family: var( --e-global-typography-primary-font-family ), Sans-serif; font-size: var( --e-global-typography-primary-font-size ); font-style: var( --e-global-typography-primary-font-style ); font-weight: var( --e-global-typography-primary-font-weight ); letter-spacing: var( --e-global-typography-primary-letter-spacing ); text-transform: var( --e-global-typography-primary-text-transform ); background-color: var( --e-global-color-a270cf2 );\">In the <\/span><span style=\"font-size: var( --e-global-typography-primary-font-size ); letter-spacing: var( --e-global-typography-primary-letter-spacing ); text-transform: var( --e-global-typography-primary-text-transform ); background-color: var( --e-global-color-a270cf2 ); font-family: 'IBM Plex serif'; font-weight: bold; color: #fd402b;\"><i>heart <\/i><\/span><span style=\"font-family: var( --e-global-typography-primary-font-family ), Sans-serif; font-size: var( --e-global-typography-primary-font-size ); font-style: var( --e-global-typography-primary-font-style ); font-weight: var( --e-global-typography-primary-font-weight ); letter-spacing: var( --e-global-typography-primary-letter-spacing ); text-transform: var( --e-global-typography-primary-text-transform ); background-color: var( --e-global-color-a270cf2 );\">of NRW<\/span><\/h2>\t\t\t\t\t\t\t\t<\/div>\n\t\t\t\t<\/div>\n\t\t\t\t<div class=\"elementor-element elementor-element-5625a6b elementor-widget elementor-widget-text-editor\" data-id=\"5625a6b\" data-element_type=\"widget\" data-widget_type=\"text-editor.default\">\n\t\t\t\t<div class=\"elementor-widget-container\">\n\t\t\t\t\t\t\t\t\t<p>From Aachen via M\u00f6nchengladbach to D\u00fcsseldorf and Duisburg, down the Rhine from Bonn to Kleve - our members are as diverse as the region itself. We take part in the workshops and panel discussions with young professionals and students from the fields of law and computer science. For example, we held our workshops on rapid prototyping and agile methods in D\u00fcsseldorf. In addition to Altbier, K\u00f6lsch and Mettbr\u00f6tchen, there are also many universities, law firms and pubs in the Rhineland where the odd pub quiz is held.<\/p>\t\t\t\t\t\t\t\t<\/div>\n\t\t\t\t<\/div>\n\t\t\t\t\t<\/div>\n\t\t<\/div>\n\t\t\t\t\t<\/div>\n\t\t<\/section>\n\t\t\t\t<section class=\"elementor-section elementor-top-section elementor-element elementor-element-795ed21 elementor-section-stretched elementor-section-boxed elementor-section-height-default elementor-section-height-default\" data-id=\"795ed21\" data-element_type=\"section\" data-settings=\"{&quot;stretch_section&quot;:&quot;section-stretched&quot;}\">\n\t\t\t\t\t\t<div class=\"elementor-container elementor-column-gap-default\">\n\t\t\t\t\t<div class=\"elementor-column elementor-col-50 elementor-top-column elementor-element elementor-element-1455691\" data-id=\"1455691\" data-element_type=\"column\">\n\t\t\t<div class=\"elementor-widget-wrap elementor-element-populated\">\n\t\t\t\t\t\t<div class=\"elementor-element elementor-element-83f709d elementor-widget elementor-widget-heading\" data-id=\"83f709d\" data-element_type=\"widget\" data-widget_type=\"heading.default\">\n\t\t\t\t<div class=\"elementor-widget-container\">\n\t\t\t\t\t<h2 class=\"elementor-heading-title elementor-size-default\">A <font color=\"#fd402b\" face=\"IBM Plex serif\"><b><i>D\u00fcsseldorf <\/i><\/b><\/font>professor has...<\/h2>\t\t\t\t<\/div>\n\t\t\t\t<\/div>\n\t\t\t\t<div class=\"elementor-element elementor-element-120e6b0 elementor-widget elementor-widget-text-editor\" data-id=\"120e6b0\" data-element_type=\"widget\" data-widget_type=\"text-editor.default\">\n\t\t\t\t<div class=\"elementor-widget-container\">\n\t\t\t\t\t\t\t\t\t<div class=\"c-message_kit__gutter\">\n<div class=\"c-message_kit__gutter__right\" role=\"presentation\" data-qa=\"message_content\">\n<div class=\"c-message_kit__blocks c-message_kit__blocks--rich_text\">\n<div class=\"c-message__message_blocks c-message__message_blocks--rich_text\" data-qa=\"message-text\">\n<div class=\"p-block_kit_renderer\" data-qa=\"block-kit-renderer\">\n<div class=\"p-block_kit_renderer__block_wrapper p-block_kit_renderer__block_wrapper--first\">\n<div class=\"p-rich_text_block\" dir=\"auto\">\n<div class=\"p-rich_text_section\">&nbsp;... examined the taste of K\u00f6lsch and Alt in a study.&nbsp;<\/div><div class=\"p-rich_text_section\">The result: the beers taste almost identical.<\/div>\n<\/div>\n<\/div>\n<\/div>\n<\/div>\n<\/div>\n<\/div>\n<\/div>\n<div class=\"c-message_actions__container c-message__actions\" role=\"group\">\n<div class=\"c-message_actions__group\" role=\"group\" aria-label=\"Nachrichten-Aktionen\" data-qa=\"message-actions\">&nbsp;<\/div>\n<\/div>\t\t\t\t\t\t\t\t<\/div>\n\t\t\t\t<\/div>\n\t\t\t\t\t<\/div>\n\t\t<\/div>\n\t\t\t\t<div class=\"elementor-column elementor-col-50 elementor-top-column elementor-element elementor-element-d103a88\" data-id=\"d103a88\" data-element_type=\"column\">\n\t\t\t<div class=\"elementor-widget-wrap elementor-element-populated\">\n\t\t\t\t\t\t<div class=\"elementor-element elementor-element-1ae31bb elementor-widget elementor-widget-image-carousel\" data-id=\"1ae31bb\" data-element_type=\"widget\" data-settings=\"{&quot;slides_to_show&quot;:&quot;1&quot;,&quot;navigation&quot;:&quot;none&quot;,&quot;pause_on_hover&quot;:&quot;no&quot;,&quot;pause_on_interaction&quot;:&quot;no&quot;,&quot;effect&quot;:&quot;fade&quot;,&quot;autoplay&quot;:&quot;yes&quot;,&quot;autoplay_speed&quot;:5000,&quot;infinite&quot;:&quot;yes&quot;,&quot;speed&quot;:500}\" data-widget_type=\"image-carousel.default\">\n\t\t\t\t<div class=\"elementor-widget-container\">\n\t\t\t\t\t\t\t<div class=\"elementor-image-carousel-wrapper swiper\" role=\"region\" aria-roledescription=\"carousel\" aria-label=\"Bild Karussell\" dir=\"ltr\">\n\t\t\t<div class=\"elementor-image-carousel swiper-wrapper\" aria-live=\"off\">\n\t\t\t\t\t\t\t\t<div class=\"swiper-slide\" role=\"group\" aria-roledescription=\"slide\" aria-label=\"1 von 4\"><figure class=\"swiper-slide-inner\"><img decoding=\"async\" class=\"swiper-slide-image\" src=\"https:\/\/recode.law\/wp-content\/uploads\/2022\/05\/pexels-pixabay-164420-1024x635.jpg\" alt=\"pexels-pixabay-164420\" \/><\/figure><\/div><div class=\"swiper-slide\" role=\"group\" aria-roledescription=\"slide\" aria-label=\"2 von 4\"><figure class=\"swiper-slide-inner\"><img decoding=\"async\" class=\"swiper-slide-image\" src=\"https:\/\/recode.law\/wp-content\/uploads\/2022\/05\/jfgjrtjfjg__1__720-1.png\" alt=\"jfgjrtjfjg__1__720\" \/><\/figure><\/div><div class=\"swiper-slide\" role=\"group\" aria-roledescription=\"slide\" aria-label=\"3 von 4\"><figure class=\"swiper-slide-inner\"><img decoding=\"async\" class=\"swiper-slide-image\" src=\"https:\/\/recode.law\/wp-content\/uploads\/2022\/05\/pexels-pixabay-208759-1-906x1024.jpg\" alt=\"pexels-pixabay-208759\" \/><\/figure><\/div><div class=\"swiper-slide\" role=\"group\" aria-roledescription=\"slide\" aria-label=\"4 von 4\"><figure class=\"swiper-slide-inner\"><img decoding=\"async\" class=\"swiper-slide-image\" src=\"https:\/\/recode.law\/wp-content\/uploads\/2022\/05\/pexels-pixabay-161849-1-1024x685.jpg\" alt=\"pexels-pixabay-161849\" \/><\/figure><\/div>\t\t\t<\/div>\n\t\t\t\t\t\t\t\n\t\t\t\t\t\t\t\t\t<\/div>\n\t\t\t\t\t\t<\/div>\n\t\t\t\t<\/div>\n\t\t\t\t\t<\/div>\n\t\t<\/div>\n\t\t\t\t\t<\/div>\n\t\t<\/section>\n\t\t\t\t<section class=\"elementor-section elementor-top-section elementor-element elementor-element-bfd5f48 elementor-section-boxed elementor-section-height-default elementor-section-height-default\" data-id=\"bfd5f48\" data-element_type=\"section\">\n\t\t\t\t\t\t<div class=\"elementor-container elementor-column-gap-default\">\n\t\t\t\t\t<div class=\"elementor-column elementor-col-100 elementor-top-column elementor-element elementor-element-d586fef\" data-id=\"d586fef\" data-element_type=\"column\">\n\t\t\t<div class=\"elementor-widget-wrap elementor-element-populated\">\n\t\t\t\t\t\t<div class=\"elementor-element elementor-element-50556c7 elementor-widget elementor-widget-heading\" data-id=\"50556c7\" data-element_type=\"widget\" data-widget_type=\"heading.default\">\n\t\t\t\t<div class=\"elementor-widget-container\">\n\t\t\t\t\t<h2 class=\"elementor-heading-title elementor-size-default\">These are our <span style=\"font-family: 'IBM Plex serif';font-weight: bold;color:#FD402B\"><i>Rhineland members<\/i><\/span><\/h2>\t\t\t\t<\/div>\n\t\t\t\t<\/div>\n\t\t\t\t\t<\/div>\n\t\t<\/div>\n\t\t\t\t\t<\/div>\n\t\t<\/section>\n\t\t\t\t<section class=\"elementor-section elementor-top-section elementor-element elementor-element-75beaa8 elementor-section-boxed elementor-section-height-default elementor-section-height-default\" data-id=\"75beaa8\" data-element_type=\"section\">\n\t\t\t\t\t\t<div class=\"elementor-container elementor-column-gap-default\">\n\t\t\t\t\t<div class=\"elementor-column elementor-col-50 elementor-top-column elementor-element elementor-element-6c9b8cf\" data-id=\"6c9b8cf\" data-element_type=\"column\">\n\t\t\t<div class=\"elementor-widget-wrap elementor-element-populated\">\n\t\t\t\t\t\t<div class=\"elementor-element elementor-element-9528951 elementor-widget elementor-widget-image\" data-id=\"9528951\" data-element_type=\"widget\" data-widget_type=\"image.default\">\n\t\t\t\t<div class=\"elementor-widget-container\">\n\t\t\t\t\t\t\t\t\t\t\t\t\t\t\t<img fetchpriority=\"high\" decoding=\"async\" width=\"226\" height=\"300\" src=\"https:\/\/recode.law\/wp-content\/uploads\/2022\/07\/Bewerbungsfoto_Tamara_Stumm-removebg-preview-e1620141421986-1-226x300.png\" class=\"attachment-medium size-medium wp-image-4329\" alt=\"\" srcset=\"https:\/\/recode.law\/wp-content\/uploads\/2022\/07\/Bewerbungsfoto_Tamara_Stumm-removebg-preview-e1620141421986-1-226x300.png 226w, https:\/\/recode.law\/wp-content\/uploads\/2022\/07\/Bewerbungsfoto_Tamara_Stumm-removebg-preview-e1620141421986-1-9x12.png 9w, https:\/\/recode.law\/wp-content\/uploads\/2022\/07\/Bewerbungsfoto_Tamara_Stumm-removebg-preview-e1620141421986-1.png 407w\" sizes=\"(max-width: 226px) 100vw, 226px\" \/>\t\t\t\t\t\t\t\t\t\t\t\t\t\t\t<\/div>\n\t\t\t\t<\/div>\n\t\t\t\t<div class=\"elementor-element elementor-element-ba4fc48 elementor-widget elementor-widget-heading\" data-id=\"ba4fc48\" data-element_type=\"widget\" data-widget_type=\"heading.default\">\n\t\t\t\t<div class=\"elementor-widget-container\">\n\t\t\t\t\t<h2 class=\"elementor-heading-title elementor-size-default\"><a href=\"https:\/\/recode.law\/en\/author\/tamara-stumm\/\">Tamara Stumm<\/a><\/h2>\t\t\t\t<\/div>\n\t\t\t\t<\/div>\n\t\t\t\t<div class=\"elementor-element elementor-element-050aa05 elementor-widget elementor-widget-text-editor\" data-id=\"050aa05\" data-element_type=\"widget\" data-widget_type=\"text-editor.default\">\n\t\t\t\t<div class=\"elementor-widget-container\">\n\t\t\t\t\t\t\t\t\t<p>Im Team Rheinland finden Mitglieder aus K\u00f6ln D\u00fcsseldorf und Bonn zusammen. Viele Gro\u00dfkanzleien und gro\u00dfe Unternehmen sind im Rheinland angesiedelt, sodass ein Fokus bei uns auf Workshops mit unseren Sponsoren und Afterwork Events liegt. Aber auch Social Events kommen nicht zu knapp, denn\u00a0<a class=\"c-link\" tabindex=\"-1\" href=\"http:\/\/recode.law\/en\/\" target=\"_blank\" rel=\"noopener noreferrer\" data-stringify-link=\"http:\/\/recode.law\" data-sk=\"tooltip_parent\" data-remove-tab-index=\"true\">recode.law<\/a>\u00a0basiert auf einem spannenden Netzwerk aus Studierenden und Young Professionells. Uns vereint der Spa\u00df daran, \u00fcber den juristischen Tellerrand hinauszuschauen und die Mission, die Zukunft der Rechtsbranche mitzugestalten!<\/p>\t\t\t\t\t\t\t\t<\/div>\n\t\t\t\t<\/div>\n\t\t\t\t\t<\/div>\n\t\t<\/div>\n\t\t\t\t<div class=\"elementor-column elementor-col-50 elementor-top-column elementor-element elementor-element-fbf9348\" data-id=\"fbf9348\" data-element_type=\"column\">\n\t\t\t<div class=\"elementor-widget-wrap elementor-element-populated\">\n\t\t\t\t\t\t<div class=\"elementor-element elementor-element-f9fc420 elementor-widget elementor-widget-image\" data-id=\"f9fc420\" data-element_type=\"widget\" data-widget_type=\"image.default\">\n\t\t\t\t<div class=\"elementor-widget-container\">\n\t\t\t\t\t\t\t\t\t\t\t\t\t\t\t<img decoding=\"async\" width=\"300\" height=\"300\" src=\"https:\/\/recode.law\/wp-content\/uploads\/2024\/04\/Gionatan_Sole-removebg-preview-300x300.png\" class=\"attachment-medium size-medium wp-image-6306\" alt=\"\" srcset=\"https:\/\/recode.law\/wp-content\/uploads\/2024\/04\/Gionatan_Sole-removebg-preview-300x300.png 300w, https:\/\/recode.law\/wp-content\/uploads\/2024\/04\/Gionatan_Sole-removebg-preview-150x150.png 150w, https:\/\/recode.law\/wp-content\/uploads\/2024\/04\/Gionatan_Sole-removebg-preview-12x12.png 12w, https:\/\/recode.law\/wp-content\/uploads\/2024\/04\/Gionatan_Sole-removebg-preview.png 500w\" sizes=\"(max-width: 300px) 100vw, 300px\" \/>\t\t\t\t\t\t\t\t\t\t\t\t\t\t\t<\/div>\n\t\t\t\t<\/div>\n\t\t\t\t<div class=\"elementor-element elementor-element-bddc377 elementor-widget elementor-widget-heading\" data-id=\"bddc377\" data-element_type=\"widget\" data-widget_type=\"heading.default\">\n\t\t\t\t<div class=\"elementor-widget-container\">\n\t\t\t\t\t<h2 class=\"elementor-heading-title elementor-size-default\"><a href=\"https:\/\/recode.law\/en\/author\/gionatan-sole\/\">Gionatan Sole<\/a><\/h2>\t\t\t\t<\/div>\n\t\t\t\t<\/div>\n\t\t\t\t<div class=\"elementor-element elementor-element-e2dfeb4 elementor-widget elementor-widget-text-editor\" data-id=\"e2dfeb4\" data-element_type=\"widget\" data-widget_type=\"text-editor.default\">\n\t\t\t\t<div class=\"elementor-widget-container\">\n\t\t\t\t\t\t\t\t\t<p>Im Standort Rheinland treffen internationale Gro\u00dfkanzleien, Landespolitik und Universit\u00e4ten aufeinander. Dadurch ist es uns m\u00f6glich verschiedene Perspektiven im Hinblick auf die Digitalisierung der Juristerei zu erhalten und unseren Horizont in diversen Podiumsdiskussionen stetig zu erweitern.<\/p>\t\t\t\t\t\t\t\t<\/div>\n\t\t\t\t<\/div>\n\t\t\t\t\t<\/div>\n\t\t<\/div>\n\t\t\t\t\t<\/div>\n\t\t<\/section>\n\t\t\t\t<section class=\"elementor-section elementor-top-section elementor-element elementor-element-16e1c7e elementor-section-boxed elementor-section-height-default elementor-section-height-default\" data-id=\"16e1c7e\" data-element_type=\"section\">\n\t\t\t\t\t\t<div class=\"elementor-container elementor-column-gap-default\">\n\t\t\t\t\t<div class=\"elementor-column elementor-col-100 elementor-top-column elementor-element elementor-element-24759b2\" data-id=\"24759b2\" data-element_type=\"column\">\n\t\t\t<div class=\"elementor-widget-wrap elementor-element-populated\">\n\t\t\t\t\t\t<div class=\"elementor-element elementor-element-e39c167 elementor-align-center elementor-widget elementor-widget-button\" data-id=\"e39c167\" data-element_type=\"widget\" data-widget_type=\"button.default\">\n\t\t\t\t<div class=\"elementor-widget-container\">\n\t\t\t\t\t\t\t\t\t<div class=\"elementor-button-wrapper\">\n\t\t\t\t\t<a class=\"elementor-button elementor-button-link elementor-size-xs\" href=\"https:\/\/recode.law\/en\/standorte\/\">\n\t\t\t\t\t\t<span class=\"elementor-button-content-wrapper\">\n\t\t\t\t\t\t\t\t\t<span class=\"elementor-button-text\">Back to all locations<\/span>\n\t\t\t\t\t<\/span>\n\t\t\t\t\t<\/a>\n\t\t\t\t<\/div>\n\t\t\t\t\t\t\t\t<\/div>\n\t\t\t\t<\/div>\n\t\t\t\t\t<\/div>\n\t\t<\/div>\n\t\t\t\t\t<\/div>\n\t\t<\/section>\n\t\t\t\t<\/div>","protected":false},"excerpt":{"rendered":"<p>Wir im&nbsp;Rheinland Im Januar 2020 haben wir den Standort Rheinland gegr\u00fcndet und sind mit 31 Mitgliedern in den St\u00e4dten D\u00fcsseldorf, K\u00f6ln, Bonn, Bochum und Bielefeld vertreten. Im Herzen NRWs Von Aachen \u00fcber M\u00f6nchengladbach nach D\u00fcsseldorf und Duisburg, den Rhein abw\u00e4rts von Bonn nach Kleve \u2013 so vielf\u00e4ltig wie die Region sind auch unsere Mitglieder. Bei [&hellip;]<\/p>","protected":false},"author":17,"featured_media":0,"parent":0,"menu_order":0,"comment_status":"closed","ping_status":"closed","template":"","meta":{"_acf_changed":false,"_lmt_disableupdate":"","_lmt_disable":"","footnotes":""},"class_list":["post-3898","page","type-page","status-publish","hentry"],"acf":[],"_links":{"self":[{"href":"https:\/\/recode.law\/en\/wp-json\/wp\/v2\/pages\/3898","targetHints":{"allow":["GET"]}}],"collection":[{"href":"https:\/\/recode.law\/en\/wp-json\/wp\/v2\/pages"}],"about":[{"href":"https:\/\/recode.law\/en\/wp-json\/wp\/v2\/types\/page"}],"author":[{"embeddable":true,"href":"https:\/\/recode.law\/en\/wp-json\/wp\/v2\/users\/17"}],"replies":[{"embeddable":true,"href":"https:\/\/recode.law\/en\/wp-json\/wp\/v2\/comments?post=3898"}],"version-history":[{"count":55,"href":"https:\/\/recode.law\/en\/wp-json\/wp\/v2\/pages\/3898\/revisions"}],"predecessor-version":[{"id":7532,"href":"https:\/\/recode.law\/en\/wp-json\/wp\/v2\/pages\/3898\/revisions\/7532"}],"wp:attachment":[{"href":"https:\/\/recode.law\/en\/wp-json\/wp\/v2\/media?parent=3898"}],"curies":[{"name":"wp","href":"https:\/\/api.w.org\/{rel}","templated":true}]}}