{"id":3901,"date":"2022-05-31T13:49:55","date_gmt":"2022-05-31T12:49:55","guid":{"rendered":"https:\/\/recode.law\/?page_id=3901"},"modified":"2024-10-11T09:49:26","modified_gmt":"2024-10-11T08:49:26","slug":"standort-muenster","status":"publish","type":"page","link":"https:\/\/recode.law\/en\/standort-muenster\/","title":{"rendered":"Muenster"},"content":{"rendered":"<div data-elementor-type=\"wp-page\" data-elementor-id=\"3901\" class=\"elementor elementor-3901\" data-elementor-post-type=\"page\">\n\t\t\t\t\t\t<section class=\"elementor-section elementor-top-section elementor-element elementor-element-8c12778 elementor-section-stretched elementor-section-boxed elementor-section-height-default elementor-section-height-default\" data-id=\"8c12778\" data-element_type=\"section\" data-settings=\"{&quot;stretch_section&quot;:&quot;section-stretched&quot;}\">\n\t\t\t\t\t\t<div class=\"elementor-container elementor-column-gap-default\">\n\t\t\t\t\t<div class=\"elementor-column elementor-col-50 elementor-top-column elementor-element elementor-element-1b0c6ba\" data-id=\"1b0c6ba\" data-element_type=\"column\">\n\t\t\t<div class=\"elementor-widget-wrap elementor-element-populated\">\n\t\t\t\t\t\t<div class=\"elementor-element elementor-element-ebd7eef elementor-widget elementor-widget-heading\" data-id=\"ebd7eef\" data-element_type=\"widget\" data-widget_type=\"heading.default\">\n\t\t\t\t<div class=\"elementor-widget-container\">\n\t\t\t\t\t<h2 class=\"elementor-heading-title elementor-size-default\">We in&nbsp;<span style=\"font-family: 'IBM Plex serif';font-weight: bold;color:#FD402B\"><i>M\u00fcnster<\/i><\/span><\/h2>\t\t\t\t<\/div>\n\t\t\t\t<\/div>\n\t\t\t\t<div class=\"elementor-element elementor-element-04f9e1e elementor-widget elementor-widget-text-editor\" data-id=\"04f9e1e\" data-element_type=\"widget\" data-widget_type=\"text-editor.default\">\n\t\t\t\t<div class=\"elementor-widget-container\">\n\t\t\t\t\t\t\t\t\t<p>recode.law was founded in M\u00fcnster in 2018, making it the birthplace of the association and still the location with the most people. More than 30 active members come together in M\u00fcnster to help shape the future of law and, in particular, to promote the topic of legal tech in collaboration with the WWU.<\/p>\t\t\t\t\t\t\t\t<\/div>\n\t\t\t\t<\/div>\n\t\t\t\t\t<\/div>\n\t\t<\/div>\n\t\t\t\t<div class=\"elementor-column elementor-col-50 elementor-top-column elementor-element elementor-element-5226cf8\" data-id=\"5226cf8\" data-element_type=\"column\">\n\t\t\t<div class=\"elementor-widget-wrap elementor-element-populated\">\n\t\t\t\t\t\t<div class=\"elementor-element elementor-element-163a3da elementor-widget elementor-widget-image-carousel\" data-id=\"163a3da\" data-element_type=\"widget\" data-settings=\"{&quot;slides_to_show&quot;:&quot;1&quot;,&quot;navigation&quot;:&quot;none&quot;,&quot;pause_on_hover&quot;:&quot;no&quot;,&quot;pause_on_interaction&quot;:&quot;no&quot;,&quot;effect&quot;:&quot;fade&quot;,&quot;autoplay&quot;:&quot;yes&quot;,&quot;autoplay_speed&quot;:5000,&quot;infinite&quot;:&quot;yes&quot;,&quot;speed&quot;:500}\" data-widget_type=\"image-carousel.default\">\n\t\t\t\t<div class=\"elementor-widget-container\">\n\t\t\t\t\t\t\t<div class=\"elementor-image-carousel-wrapper swiper\" role=\"region\" aria-roledescription=\"carousel\" aria-label=\"Image Carousel\" dir=\"ltr\">\n\t\t\t<div class=\"elementor-image-carousel swiper-wrapper\" aria-live=\"off\">\n\t\t\t\t\t\t\t\t<div class=\"swiper-slide\" role=\"group\" aria-roledescription=\"slide\" aria-label=\"1 von 2\" data-no-translation-aria-label=\"\"><figure class=\"swiper-slide-inner\"><img decoding=\"async\" class=\"swiper-slide-image\" src=\"https:\/\/recode.law\/wp-content\/uploads\/elementor\/thumbs\/Recode-Law-Event-13.01.2020-30-ppmkcxyzalq47yb1585lm6hkvnagged8yh2a2xgjrk.jpg\" alt=\"Recode Law Event 13.01.2020-30\" \/><\/figure><\/div><div class=\"swiper-slide\" role=\"group\" aria-roledescription=\"slide\" aria-label=\"2 von 2\" data-no-translation-aria-label=\"\"><figure class=\"swiper-slide-inner\"><img decoding=\"async\" class=\"swiper-slide-image\" src=\"https:\/\/recode.law\/wp-content\/uploads\/elementor\/thumbs\/IMG-20210630-WA0012-ppmkd1qc1xv9ie5kj9s3w5jf96rxb6s6azo801az2o.jpg\" alt=\"IMG-20210630-WA0012\" \/><\/figure><\/div>\t\t\t<\/div>\n\t\t\t\t\t\t\t\n\t\t\t\t\t\t\t\t\t<\/div>\n\t\t\t\t\t\t<\/div>\n\t\t\t\t<\/div>\n\t\t\t\t\t<\/div>\n\t\t<\/div>\n\t\t\t\t\t<\/div>\n\t\t<\/section>\n\t\t\t\t<section class=\"elementor-section elementor-top-section elementor-element elementor-element-ffae5e2 elementor-section-boxed elementor-section-height-default elementor-section-height-default\" data-id=\"ffae5e2\" data-element_type=\"section\">\n\t\t\t\t\t\t<div class=\"elementor-container elementor-column-gap-default\">\n\t\t\t\t\t<div class=\"elementor-column elementor-col-100 elementor-top-column elementor-element elementor-element-20e2a26\" data-id=\"20e2a26\" data-element_type=\"column\">\n\t\t\t<div class=\"elementor-widget-wrap elementor-element-populated\">\n\t\t\t\t\t\t<div class=\"elementor-element elementor-element-d94aa80 elementor-widget elementor-widget-text-editor\" data-id=\"d94aa80\" data-element_type=\"widget\" data-widget_type=\"text-editor.default\">\n\t\t\t\t<div class=\"elementor-widget-container\">\n\t\t\t\t\t\t\t\t\t<h2 class=\"elementor-heading-title elementor-size-default elementor-inline-editing pen\" style=\"color: #0f1f26; letter-spacing: normal; text-align: center;\" data-elementor-setting-key=\"title\" data-pen-placeholder=\"Eingabe hier...\"><span style=\"font-family: var( --e-global-typography-primary-font-family ), Sans-serif; font-size: var( --e-global-typography-primary-font-size ); font-style: var( --e-global-typography-primary-font-style ); font-weight: var( --e-global-typography-primary-font-weight ); letter-spacing: var( --e-global-typography-primary-letter-spacing ); text-transform: var( --e-global-typography-primary-text-transform ); background-color: var( --e-global-color-a270cf2 );\">In the <\/span><span style=\"font-size: var( --e-global-typography-primary-font-size ); letter-spacing: var( --e-global-typography-primary-letter-spacing ); text-transform: var( --e-global-typography-primary-text-transform ); background-color: var( --e-global-color-a270cf2 ); font-family: 'IBM Plex serif'; font-weight: bold; color: #fd402b;\"><i>heart <\/i><\/span><span style=\"font-family: var( --e-global-typography-primary-font-family ), Sans-serif; font-size: var( --e-global-typography-primary-font-size ); font-style: var( --e-global-typography-primary-font-style ); font-weight: var( --e-global-typography-primary-font-weight ); letter-spacing: var( --e-global-typography-primary-letter-spacing ); text-transform: var( --e-global-typography-primary-text-transform ); background-color: var( --e-global-color-a270cf2 );\">of<\/span><span style=\"font-family: var( --e-global-typography-primary-font-family ), Sans-serif; font-size: var( --e-global-typography-primary-font-size ); font-style: var( --e-global-typography-primary-font-style ); font-weight: var( --e-global-typography-primary-font-weight ); letter-spacing: var( --e-global-typography-primary-letter-spacing ); text-transform: var( --e-global-typography-primary-text-transform ); background-color: var( --e-global-color-a270cf2 );\">\"NRW\"<\/span><\/h2>\t\t\t\t\t\t\t\t<\/div>\n\t\t\t\t<\/div>\n\t\t\t\t<div class=\"elementor-element elementor-element-a328b4b elementor-widget elementor-widget-text-editor\" data-id=\"a328b4b\" data-element_type=\"widget\" data-widget_type=\"text-editor.default\">\n\t\t\t\t<div class=\"elementor-widget-container\">\n\t\t\t\t\t\t\t\t\t<p><span dir=\"ltr\" role=\"presentation\">M\u00fcnster is not only known for the fact that cyclists characterize the cityscape and that there is a beautiful lake in the middle of the city, but it is better not to come into contact with its water. The city is also inextricably linked to the Westf\u00e4lische Wilhelms-Universit\u00e4t and its Faculty of Law. It was from this same law faculty that a number of committed students decided to found a legal tech association in the late summer of 2018. This association - now known as recode.law - was launched in 2019 and was initially able to inspire other interested students in M\u00fcnster before expansion began and other locations followed.\u00a0<\/span><span dir=\"ltr\" role=\"presentation\">Stadtbild pr\u00e4gen und ein wundersch\u00f6ner See inmitten der Stadt zu finden\u00a0<\/span><span dir=\"ltr\" role=\"presentation\">ist, mit dessen Wasser man aber besser nicht in Kontakt kommen sollte.\u00a0<\/span><span dir=\"ltr\" role=\"presentation\">Die Stadt steht insbesondere auch in untrennbarer Verbindung mit der\u00a0<\/span><span dir=\"ltr\" role=\"presentation\">Westf\u00e4lischen Wilhelms-Universit\u00e4t und ihrer juristischen Fakult\u00e4t. Aus\u00a0<\/span><span dir=\"ltr\" role=\"presentation\">ebendieser juristischen Fakult\u00e4t entsprangen einige engagierte\u00a0<\/span><span dir=\"ltr\" role=\"presentation\">Student:innen, die sich im Sp\u00e4tsommer 2018 entschlossen, einen Legal\u00a0<\/span><span dir=\"ltr\" role=\"presentation\">Tech-Verein zu gr\u00fcnden. Dieser Verein &#8211; heute bekannt als recode.law &#8211;\u00a0<\/span><span dir=\"ltr\" role=\"presentation\">ging 2019 an den Start und konnte zun\u00e4chst weitere interessierte\u00a0<\/span><span dir=\"ltr\" role=\"presentation\">Stundent:innen in M\u00fcnster begeistern, bevor die Expansion startete und\u00a0<\/span><span dir=\"ltr\" role=\"presentation\">weitere Standorte folgten. <\/span><\/p>\t\t\t\t\t\t\t\t<\/div>\n\t\t\t\t<\/div>\n\t\t\t\t\t<\/div>\n\t\t<\/div>\n\t\t\t\t\t<\/div>\n\t\t<\/section>\n\t\t\t\t<section class=\"elementor-section elementor-top-section elementor-element elementor-element-d3f734c elementor-section-stretched elementor-section-boxed elementor-section-height-default elementor-section-height-default\" data-id=\"d3f734c\" data-element_type=\"section\" data-settings=\"{&quot;stretch_section&quot;:&quot;section-stretched&quot;}\">\n\t\t\t\t\t\t<div class=\"elementor-container elementor-column-gap-default\">\n\t\t\t\t\t<div class=\"elementor-column elementor-col-50 elementor-top-column elementor-element elementor-element-7b11e17\" data-id=\"7b11e17\" data-element_type=\"column\">\n\t\t\t<div class=\"elementor-widget-wrap elementor-element-populated\">\n\t\t\t\t\t\t<div class=\"elementor-element elementor-element-21e9a71 elementor-widget elementor-widget-heading\" data-id=\"21e9a71\" data-element_type=\"widget\" data-widget_type=\"heading.default\">\n\t\t\t\t<div class=\"elementor-widget-container\">\n\t\t\t\t\t<h2 class=\"elementor-heading-title elementor-size-default\">In&nbsp;<font color=\"#fd402b\" face=\"IBM Plex serif\"><b><i>M\u00fcnster <\/i><\/b><\/font>the...<\/h2>\t\t\t\t<\/div>\n\t\t\t\t<\/div>\n\t\t\t\t<div class=\"elementor-element elementor-element-618bae7 elementor-widget elementor-widget-text-editor\" data-id=\"618bae7\" data-element_type=\"widget\" data-widget_type=\"text-editor.default\">\n\t\t\t\t<div class=\"elementor-widget-container\">\n\t\t\t\t\t\t\t\t\t<p><span dir=\"ltr\" role=\"presentation\">Cycle paths and footpaths are usually separated by color. Footpaths are blue, cycle paths are red. To protect pedestrians, it is advisable to memorize the following mnemonic: If you walk on blue, you are smart; if you walk on red, you are dead.&nbsp;<\/span><span dir=\"ltr\" role=\"presentation\">sind blau, Radwege rot. Zum Schutz der Fu\u00dfg\u00e4nger empfiehlt sich, sich&nbsp;<\/span><span dir=\"ltr\" role=\"presentation\">folgenden Merksatz einzupr\u00e4gen: Gehst du auf Blau, bist du schlau; gehst&nbsp;<\/span><span dir=\"ltr\" role=\"presentation\">du auf Rot, bist du tot.<\/span><\/p>\t\t\t\t\t\t\t\t<\/div>\n\t\t\t\t<\/div>\n\t\t\t\t\t<\/div>\n\t\t<\/div>\n\t\t\t\t<div class=\"elementor-column elementor-col-50 elementor-top-column elementor-element elementor-element-64a4ac4\" data-id=\"64a4ac4\" data-element_type=\"column\">\n\t\t\t<div class=\"elementor-widget-wrap elementor-element-populated\">\n\t\t\t\t\t\t<div class=\"elementor-element elementor-element-9043792 elementor-widget elementor-widget-image-carousel\" data-id=\"9043792\" data-element_type=\"widget\" data-settings=\"{&quot;slides_to_show&quot;:&quot;1&quot;,&quot;navigation&quot;:&quot;none&quot;,&quot;pause_on_hover&quot;:&quot;no&quot;,&quot;pause_on_interaction&quot;:&quot;no&quot;,&quot;effect&quot;:&quot;fade&quot;,&quot;autoplay&quot;:&quot;yes&quot;,&quot;autoplay_speed&quot;:5000,&quot;infinite&quot;:&quot;yes&quot;,&quot;speed&quot;:500}\" data-widget_type=\"image-carousel.default\">\n\t\t\t\t<div class=\"elementor-widget-container\">\n\t\t\t\t\t\t\t<div class=\"elementor-image-carousel-wrapper swiper\" role=\"region\" aria-roledescription=\"carousel\" aria-label=\"Image Carousel\" dir=\"ltr\">\n\t\t\t<div class=\"elementor-image-carousel swiper-wrapper\" aria-live=\"off\">\n\t\t\t\t\t\t\t\t<div class=\"swiper-slide\" role=\"group\" aria-roledescription=\"slide\" aria-label=\"1 von 1\" data-no-translation-aria-label=\"\"><figure class=\"swiper-slide-inner\"><img decoding=\"async\" class=\"swiper-slide-image\" src=\"https:\/\/recode.law\/wp-content\/uploads\/2022\/06\/pexels-photo-221463.jpg\" alt=\"pexels-photo-221463\" \/><\/figure><\/div>\t\t\t<\/div>\n\t\t\t\t\t<\/div>\n\t\t\t\t\t\t<\/div>\n\t\t\t\t<\/div>\n\t\t\t\t\t<\/div>\n\t\t<\/div>\n\t\t\t\t\t<\/div>\n\t\t<\/section>\n\t\t\t\t<section class=\"elementor-section elementor-top-section elementor-element elementor-element-8bd98fb elementor-section-boxed elementor-section-height-default elementor-section-height-default\" data-id=\"8bd98fb\" data-element_type=\"section\">\n\t\t\t\t\t\t<div class=\"elementor-container elementor-column-gap-default\">\n\t\t\t\t\t<div class=\"elementor-column elementor-col-100 elementor-top-column elementor-element elementor-element-ec12954\" data-id=\"ec12954\" data-element_type=\"column\">\n\t\t\t<div class=\"elementor-widget-wrap elementor-element-populated\">\n\t\t\t\t\t\t<div class=\"elementor-element elementor-element-daca737 elementor-widget elementor-widget-heading\" data-id=\"daca737\" data-element_type=\"widget\" data-widget_type=\"heading.default\">\n\t\t\t\t<div class=\"elementor-widget-container\">\n\t\t\t\t\t<h2 class=\"elementor-heading-title elementor-size-default\">These are our <span style=\"font-family: 'IBM Plex serif';font-weight: bold;color:#FD402B\"><i>our members from M\u00fcnster<\/i><\/span><\/h2>\t\t\t\t<\/div>\n\t\t\t\t<\/div>\n\t\t\t\t\t<\/div>\n\t\t<\/div>\n\t\t\t\t\t<\/div>\n\t\t<\/section>\n\t\t\t\t<section class=\"elementor-section elementor-top-section elementor-element elementor-element-fad64cf elementor-section-boxed elementor-section-height-default elementor-section-height-default\" data-id=\"fad64cf\" data-element_type=\"section\">\n\t\t\t\t\t\t<div class=\"elementor-container elementor-column-gap-default\">\n\t\t\t\t\t<div class=\"elementor-column elementor-col-50 elementor-top-column elementor-element elementor-element-5a07b3a\" data-id=\"5a07b3a\" data-element_type=\"column\">\n\t\t\t<div class=\"elementor-widget-wrap elementor-element-populated\">\n\t\t\t\t\t\t<div class=\"elementor-element elementor-element-9f1f447 elementor-widget elementor-widget-image\" data-id=\"9f1f447\" data-element_type=\"widget\" data-widget_type=\"image.default\">\n\t\t\t\t<div class=\"elementor-widget-container\">\n\t\t\t\t\t\t\t\t\t\t\t\t\t\t\t<img decoding=\"async\" width=\"150\" height=\"150\" src=\"https:\/\/recode.law\/wp-content\/uploads\/2022\/06\/e6e326b5-3732-4471-8498-4ec4721c3305_1_105_c_720-removebg-preview-1-e1649781764610-150x150.png\" class=\"attachment-thumbnail size-thumbnail wp-image-4111\" alt=\"\" \/>\t\t\t\t\t\t\t\t\t\t\t\t\t\t\t<\/div>\n\t\t\t\t<\/div>\n\t\t\t\t<div class=\"elementor-element elementor-element-b05756e elementor-widget elementor-widget-heading\" data-id=\"b05756e\" data-element_type=\"widget\" data-widget_type=\"heading.default\">\n\t\t\t\t<div class=\"elementor-widget-container\">\n\t\t\t\t\t<h2 class=\"elementor-heading-title elementor-size-default\"><a href=\"https:\/\/recode.law\/en\/author\/hannah-wilke\/\">Hannah Wilke\n<\/a><\/h2>\t\t\t\t<\/div>\n\t\t\t\t<\/div>\n\t\t\t\t<div class=\"elementor-element elementor-element-0f69004 elementor-widget elementor-widget-text-editor\" data-id=\"0f69004\" data-element_type=\"widget\" data-widget_type=\"text-editor.default\">\n\t\t\t\t<div class=\"elementor-widget-container\">\n\t\t\t\t\t\t\t\t\t<p>In M\u00fcnster ist recode.law 2019 an den Start gegangen. Seitdem hat sich unglaublich viel entwickelt und die engagierten Mitglieder aus ganz Deutschland konnten so viel Aufmerksamkeit auf unser Kernanliegen, die Digitalisierung in die juristische Ausbildung zu bringen, lenken. Diese teilweise kleinen und gro\u00dfen Erfolge werden in M\u00fcnster bei regelm\u00e4\u00dfigen Stammtischen oder Local Events gefeiert. Dank der \u00fcberschaubaren Gr\u00f6\u00dfe von M\u00fcnster trifft man sich aber regelm\u00e4\u00dfig auch spontan zwischen T\u00fcr und Angel im RWS oder auf dem Markt, sodass der n\u00e4chste recode-Schnack nie lange auf sich warten l\u00e4sst.<\/p>\t\t\t\t\t\t\t\t<\/div>\n\t\t\t\t<\/div>\n\t\t\t\t\t<\/div>\n\t\t<\/div>\n\t\t\t\t<div class=\"elementor-column elementor-col-50 elementor-top-column elementor-element elementor-element-8683e27\" data-id=\"8683e27\" data-element_type=\"column\">\n\t\t\t<div class=\"elementor-widget-wrap elementor-element-populated\">\n\t\t\t\t\t\t<div class=\"elementor-element elementor-element-28650d4 elementor-widget elementor-widget-image\" data-id=\"28650d4\" data-element_type=\"widget\" data-widget_type=\"image.default\">\n\t\t\t\t<div class=\"elementor-widget-container\">\n\t\t\t\t\t\t\t\t\t\t\t\t\t\t\t<img decoding=\"async\" width=\"150\" height=\"150\" src=\"https:\/\/recode.law\/wp-content\/uploads\/2022\/06\/img_3836_3_720-removebg-preview-e1655806667938-150x150.png\" class=\"attachment-thumbnail size-thumbnail wp-image-4161\" alt=\"\" srcset=\"https:\/\/recode.law\/wp-content\/uploads\/2022\/06\/img_3836_3_720-removebg-preview-e1655806667938-150x150.png 150w, https:\/\/recode.law\/wp-content\/uploads\/2022\/06\/img_3836_3_720-removebg-preview-e1655806667938-13x12.png 13w\" sizes=\"(max-width: 150px) 100vw, 150px\" \/>\t\t\t\t\t\t\t\t\t\t\t\t\t\t\t<\/div>\n\t\t\t\t<\/div>\n\t\t\t\t<div class=\"elementor-element elementor-element-0aad8b4 elementor-widget elementor-widget-heading\" data-id=\"0aad8b4\" data-element_type=\"widget\" data-widget_type=\"heading.default\">\n\t\t\t\t<div class=\"elementor-widget-container\">\n\t\t\t\t\t<h2 class=\"elementor-heading-title elementor-size-default\"><a href=\"https:\/\/recode.law\/en\/author\/sebastian-gutzeit\/\">Max Edinger<\/a><\/h2>\t\t\t\t<\/div>\n\t\t\t\t<\/div>\n\t\t\t\t<div class=\"elementor-element elementor-element-df78e5f elementor-widget elementor-widget-text-editor\" data-id=\"df78e5f\" data-element_type=\"widget\" data-widget_type=\"text-editor.default\">\n\t\t\t\t<div class=\"elementor-widget-container\">\n\t\t\t\t\t\t\t\t\t<div class=\"c-message_kit__blocks c-message_kit__blocks--rich_text\"><div class=\"c-message__message_blocks c-message__message_blocks--rich_text\" data-qa=\"message-text\"><div class=\"p-block_kit_renderer\" data-qa=\"block-kit-renderer\"><div class=\"p-block_kit_renderer__block_wrapper p-block_kit_renderer__block_wrapper--first\"><div class=\"p-rich_text_block\" dir=\"auto\"><div class=\"p-rich_text_section\">Der Standort M\u00fcnster erm\u00f6glicht mit seinen vielf\u00e4ltigen Projekten ein umfassendes Engagement. Hier kann jeder an seinen Aufgaben wachsen, sich im Verein pers\u00f6nlich entfalten und weiterentwickeln. Mit den motivierten Mitgliedern vor Ort haben wir eine tolle Community geschaffen, die einander unterst\u00fctzt und Legal Tech in den K\u00f6pfen sowie in der Arbeitsrealit\u00e4t voranbringen will. Durch den regelm\u00e4\u00dfigen Austausch, die kurzen Wege in der Fahrradstadt M\u00fcnster und unsere Events wird man au\u00dferdem schnell in den Verein integriert.<\/div><\/div><\/div><\/div><\/div><\/div>\t\t\t\t\t\t\t\t<\/div>\n\t\t\t\t<\/div>\n\t\t\t\t\t<\/div>\n\t\t<\/div>\n\t\t\t\t\t<\/div>\n\t\t<\/section>\n\t\t\t\t<section class=\"elementor-section elementor-top-section elementor-element elementor-element-8b80759 elementor-section-boxed elementor-section-height-default elementor-section-height-default\" data-id=\"8b80759\" data-element_type=\"section\">\n\t\t\t\t\t\t<div class=\"elementor-container elementor-column-gap-default\">\n\t\t\t\t\t<div class=\"elementor-column elementor-col-100 elementor-top-column elementor-element elementor-element-7c38999\" data-id=\"7c38999\" data-element_type=\"column\">\n\t\t\t<div class=\"elementor-widget-wrap elementor-element-populated\">\n\t\t\t\t\t\t<div class=\"elementor-element elementor-element-5eeb3c0 elementor-align-center elementor-widget elementor-widget-button\" data-id=\"5eeb3c0\" data-element_type=\"widget\" data-widget_type=\"button.default\">\n\t\t\t\t<div class=\"elementor-widget-container\">\n\t\t\t\t\t\t\t\t\t<div class=\"elementor-button-wrapper\">\n\t\t\t\t\t<a class=\"elementor-button elementor-button-link elementor-size-xs\" href=\"https:\/\/recode.law\/en\/standorte\/\">\n\t\t\t\t\t\t<span class=\"elementor-button-content-wrapper\">\n\t\t\t\t\t\t\t\t\t<span class=\"elementor-button-text\">Back to all locations<\/span>\n\t\t\t\t\t<\/span>\n\t\t\t\t\t<\/a>\n\t\t\t\t<\/div>\n\t\t\t\t\t\t\t\t<\/div>\n\t\t\t\t<\/div>\n\t\t\t\t\t<\/div>\n\t\t<\/div>\n\t\t\t\t\t<\/div>\n\t\t<\/section>\n\t\t\t\t<\/div>","protected":false},"excerpt":{"rendered":"<p>Wir in&nbsp;M\u00fcnster 2018 entstand recode.law in M\u00fcnster, sodass der Standort die Geburtsst\u00e4tte des Vereins, dazu aber auch bis heute der personenst\u00e4rkste Standort ist. Mehr als 30 aktive Mitglieder kommen in M\u00fcnster zusammen, um die Zukunft des Rechts mitzugestalten und insbesondere auch im Austausch mit der WWU das Thema Legal Tech voranzutreiben. Im Herzen NRWs M\u00fcnster [&hellip;]<\/p>","protected":false},"author":17,"featured_media":0,"parent":0,"menu_order":0,"comment_status":"closed","ping_status":"closed","template":"","meta":{"_acf_changed":false,"_lmt_disableupdate":"no","_lmt_disable":"","footnotes":""},"class_list":["post-3901","page","type-page","status-publish","hentry"],"acf":[],"_links":{"self":[{"href":"https:\/\/recode.law\/en\/wp-json\/wp\/v2\/pages\/3901","targetHints":{"allow":["GET"]}}],"collection":[{"href":"https:\/\/recode.law\/en\/wp-json\/wp\/v2\/pages"}],"about":[{"href":"https:\/\/recode.law\/en\/wp-json\/wp\/v2\/types\/page"}],"author":[{"embeddable":true,"href":"https:\/\/recode.law\/en\/wp-json\/wp\/v2\/users\/17"}],"replies":[{"embeddable":true,"href":"https:\/\/recode.law\/en\/wp-json\/wp\/v2\/comments?post=3901"}],"version-history":[{"count":42,"href":"https:\/\/recode.law\/en\/wp-json\/wp\/v2\/pages\/3901\/revisions"}],"predecessor-version":[{"id":7535,"href":"https:\/\/recode.law\/en\/wp-json\/wp\/v2\/pages\/3901\/revisions\/7535"}],"wp:attachment":[{"href":"https:\/\/recode.law\/en\/wp-json\/wp\/v2\/media?parent=3901"}],"curies":[{"name":"wp","href":"https:\/\/api.w.org\/{rel}","templated":true}]}}