{"id":5320,"date":"2023-09-22T15:12:54","date_gmt":"2023-09-22T14:12:54","guid":{"rendered":"https:\/\/recode.law\/?page_id=5320"},"modified":"2026-02-19T10:30:49","modified_gmt":"2026-02-19T09:30:49","slug":"podcast","status":"publish","type":"page","link":"https:\/\/recode.law\/en\/podcast\/","title":{"rendered":"Podcast"},"content":{"rendered":"<div data-elementor-type=\"wp-page\" data-elementor-id=\"5320\" class=\"elementor elementor-5320\" data-elementor-post-type=\"page\">\n\t\t\t\t\t\t<section class=\"elementor-section elementor-top-section elementor-element elementor-element-6255df13 elementor-section-boxed elementor-section-height-default elementor-section-height-default\" data-id=\"6255df13\" data-element_type=\"section\">\n\t\t\t\t\t\t<div class=\"elementor-container elementor-column-gap-default\">\n\t\t\t\t\t<div class=\"elementor-column elementor-col-50 elementor-top-column elementor-element elementor-element-5a1259b8\" data-id=\"5a1259b8\" data-element_type=\"column\">\n\t\t\t<div class=\"elementor-widget-wrap elementor-element-populated\">\n\t\t\t\t<a class=\"eael-wrapper-link-61e52fc2 --eael-wrapper-link-tag\" href=\"https:\/\/recode-law.letscast.fm\" rel=\"nofollow noopener\" target=\"_blank\"><\/a>\t\t<div data-eael-wrapper-link=\"eael-wrapper-link-61e52fc2\" class=\"elementor-element elementor-element-61e52fc2 follow_image elementor-widget elementor-widget-image\" data-id=\"61e52fc2\" data-element_type=\"widget\" data-settings=\"{&quot;sticky&quot;:&quot;top&quot;,&quot;sticky_offset&quot;:&quot;63&quot;,&quot;sticky_parent&quot;:&quot;yes&quot;,&quot;sticky_on&quot;:[&quot;desktop&quot;,&quot;tablet&quot;,&quot;mobile&quot;],&quot;sticky_effects_offset&quot;:0,&quot;sticky_anchor_link_offset&quot;:0}\" data-widget_type=\"image.default\">\n\t\t\t\t<div class=\"elementor-widget-container\">\n\t\t\t\t\t\t\t\t\t\t\t\t\t\t\t<img fetchpriority=\"high\" decoding=\"async\" width=\"542\" height=\"1024\" src=\"https:\/\/recode.law\/wp-content\/uploads\/2024\/03\/iPhone-Podcast-Mockup-542x1024-1.png\" class=\"attachment-medium_large size-medium_large wp-image-6134\" alt=\"\" srcset=\"https:\/\/recode.law\/wp-content\/uploads\/2024\/03\/iPhone-Podcast-Mockup-542x1024-1.png 542w, https:\/\/recode.law\/wp-content\/uploads\/2024\/03\/iPhone-Podcast-Mockup-542x1024-1-159x300.png 159w, https:\/\/recode.law\/wp-content\/uploads\/2024\/03\/iPhone-Podcast-Mockup-542x1024-1-6x12.png 6w\" sizes=\"(max-width: 542px) 100vw, 542px\" \/>\t\t\t\t\t\t\t\t\t\t\t\t\t\t\t<\/div>\n\t\t\t\t<\/div>\n\t\t\t\t\t<\/div>\n\t\t<\/div>\n\t\t\t\t<div class=\"elementor-column elementor-col-50 elementor-top-column elementor-element elementor-element-57c47299\" data-id=\"57c47299\" data-element_type=\"column\">\n\t\t\t<div class=\"elementor-widget-wrap elementor-element-populated\">\n\t\t\t\t\t\t<div class=\"elementor-element elementor-element-3deccab elementor-widget elementor-widget-spacer\" data-id=\"3deccab\" data-element_type=\"widget\" data-widget_type=\"spacer.default\">\n\t\t\t\t<div class=\"elementor-widget-container\">\n\t\t\t\t\t\t\t<div class=\"elementor-spacer\">\n\t\t\t<div class=\"elementor-spacer-inner\"><\/div>\n\t\t<\/div>\n\t\t\t\t\t\t<\/div>\n\t\t\t\t<\/div>\n\t\t\t\t<section class=\"elementor-section elementor-inner-section elementor-element elementor-element-f56ca2c elementor-section-boxed elementor-section-height-default elementor-section-height-default\" data-id=\"f56ca2c\" data-element_type=\"section\">\n\t\t\t\t\t\t<div class=\"elementor-container elementor-column-gap-default\">\n\t\t\t\t\t<div class=\"elementor-column elementor-col-50 elementor-inner-column elementor-element elementor-element-f712153\" data-id=\"f712153\" data-element_type=\"column\">\n\t\t\t<div class=\"elementor-widget-wrap\">\n\t\t\t\t\t\t\t<\/div>\n\t\t<\/div>\n\t\t\t\t<div class=\"elementor-column elementor-col-50 elementor-inner-column elementor-element elementor-element-a82c8b4\" data-id=\"a82c8b4\" data-element_type=\"column\">\n\t\t\t<div class=\"elementor-widget-wrap\">\n\t\t\t\t\t\t\t<\/div>\n\t\t<\/div>\n\t\t\t\t\t<\/div>\n\t\t<\/section>\n\t\t\t\t<div class=\"elementor-element elementor-element-1f21931f elementor-widget elementor-widget-heading\" data-id=\"1f21931f\" data-element_type=\"widget\" data-widget_type=\"heading.default\">\n\t\t\t\t<div class=\"elementor-widget-container\">\n\t\t\t\t\t<h2 class=\"elementor-heading-title elementor-size-default\">Legal tech <span><i>for the ears<\/i><\/span><\/h2>\t\t\t\t<\/div>\n\t\t\t\t<\/div>\n\t\t\t\t<div class=\"elementor-element elementor-element-735fd99d elementor-widget elementor-widget-text-editor\" data-id=\"735fd99d\" data-element_type=\"widget\" data-widget_type=\"text-editor.default\">\n\t\t\t\t<div class=\"elementor-widget-container\">\n\t\t\t\t\t\t\t\t\t<p>In the recode.law podcast, we have been talking to exciting people about innovation, technology and new work in the legal sector since the end of 2019. We want to introduce the people behind different projects and companies and give them a stage.<\/p>\t\t\t\t\t\t\t\t<\/div>\n\t\t\t\t<\/div>\n\t\t\t\t<div class=\"elementor-element elementor-element-ccd940a elementor-hidden-mobile elementor-widget elementor-widget-spacer\" data-id=\"ccd940a\" data-element_type=\"widget\" data-widget_type=\"spacer.default\">\n\t\t\t\t<div class=\"elementor-widget-container\">\n\t\t\t\t\t\t\t<div class=\"elementor-spacer\">\n\t\t\t<div class=\"elementor-spacer-inner\"><\/div>\n\t\t<\/div>\n\t\t\t\t\t\t<\/div>\n\t\t\t\t<\/div>\n\t\t\t\t<section class=\"elementor-section elementor-inner-section elementor-element elementor-element-3ee6e23 elementor-section-boxed elementor-section-height-default elementor-section-height-default\" data-id=\"3ee6e23\" data-element_type=\"section\" data-settings=\"{&quot;background_background&quot;:&quot;classic&quot;}\">\n\t\t\t\t\t\t\t<div class=\"elementor-background-overlay\"><\/div>\n\t\t\t\t\t\t\t<div class=\"elementor-container elementor-column-gap-default\">\n\t\t\t\t\t<div class=\"elementor-column elementor-col-100 elementor-inner-column elementor-element elementor-element-ad33fec\" data-id=\"ad33fec\" data-element_type=\"column\">\n\t\t\t<div class=\"elementor-widget-wrap elementor-element-populated\">\n\t\t\t\t\t\t<div class=\"elementor-element elementor-element-4f66cdf elementor-widget elementor-widget-heading\" data-id=\"4f66cdf\" data-element_type=\"widget\" data-widget_type=\"heading.default\">\n\t\t\t\t<div class=\"elementor-widget-container\">\n\t\t\t\t\t<h2 class=\"elementor-heading-title elementor-size-default\">The latest <span><i>Episode<\/i><\/span><\/h2>\t\t\t\t<\/div>\n\t\t\t\t<\/div>\n\t\t\t\t<div class=\"elementor-element elementor-element-ed0d8bd elementor-widget elementor-widget-text-editor\" data-id=\"ed0d8bd\" data-element_type=\"widget\" data-widget_type=\"text-editor.default\">\n\t\t\t\t<div class=\"elementor-widget-container\">\n\t\t\t\t\t\t\t\t\t<div>Im recode.law Podcast informieren wir Euch in aller K\u00fcrze \u00fcber die wichtigsten Neuigkeiten der LegalTech-Welt und teilen interessante Geschichten aus unserem Verein.&nbsp;<\/div>\t\t\t\t\t\t\t\t<\/div>\n\t\t\t\t<\/div>\n\t\t\t\t<div class=\"elementor-element elementor-element-057f7a1 elementor-widget elementor-widget-html\" data-id=\"057f7a1\" data-element_type=\"widget\" data-widget_type=\"html.default\">\n\t\t\t\t<div class=\"elementor-widget-container\">\n\t\t\t\t\t<div id=\"episodeSummaryContainer\" style=\"color: white;text-align: right\"><\/div>\n<script>\n    var xmlHttp = new XMLHttpRequest();\n    xmlHttp.open(\"GET\", \"https:\/\/letscast.fm\/podcasts\/recode-law-podcast-a39ec749\/player.json\", false); \/\/ false for synchronous request\n    xmlHttp.send(null);\n    let data = JSON.parse(xmlHttp.responseText);\n    document.getElementById(\"episodeSummaryContainer\").insertAdjacentHTML('beforeend', data.summary);\n<\/script>\n\t\t\t\t<\/div>\n\t\t\t\t<\/div>\n\t\t\t\t<div class=\"elementor-element elementor-element-09ffc18 elementor-widget elementor-widget-text-editor\" data-id=\"09ffc18\" data-element_type=\"widget\" data-widget_type=\"text-editor.default\">\n\t\t\t\t<div class=\"elementor-widget-container\">\n\t\t\t\t\t\t\t\t\t<div>Wenn Ihr Fragen, Feedback oder Anregungen habt, schreibt uns gerne an podcast@recode.law.\u00a0<\/div>\t\t\t\t\t\t\t\t<\/div>\n\t\t\t\t<\/div>\n\t\t\t\t\t<\/div>\n\t\t<\/div>\n\t\t\t\t\t<\/div>\n\t\t<\/section>\n\t\t\t\t<div class=\"elementor-element elementor-element-ec4e75e elementor-widget elementor-widget-html\" data-id=\"ec4e75e\" data-element_type=\"widget\" data-widget_type=\"html.default\">\n\t\t\t\t<div class=\"elementor-widget-container\">\n\t\t\t\t\t<div><\/div>\t\t\t\t<\/div>\n\t\t\t\t<\/div>\n\t\t\t\t<div class=\"elementor-element elementor-element-cba0a1f elementor-hidden-mobile elementor-widget elementor-widget-spacer\" data-id=\"cba0a1f\" data-element_type=\"widget\" data-widget_type=\"spacer.default\">\n\t\t\t\t<div class=\"elementor-widget-container\">\n\t\t\t\t\t\t\t<div class=\"elementor-spacer\">\n\t\t\t<div class=\"elementor-spacer-inner\"><\/div>\n\t\t<\/div>\n\t\t\t\t\t\t<\/div>\n\t\t\t\t<\/div>\n\t\t\t\t<div class=\"elementor-element elementor-element-696b77b4 elementor-widget elementor-widget-heading\" data-id=\"696b77b4\" data-element_type=\"widget\" data-widget_type=\"heading.default\">\n\t\t\t\t<div class=\"elementor-widget-container\">\n\t\t\t\t\t<h2 class=\"elementor-heading-title elementor-size-default\">Podcast-Team<\/h2>\t\t\t\t<\/div>\n\t\t\t\t<\/div>\n\t\t\t\t<div class=\"elementor-element elementor-element-07d7976 elementor-widget elementor-widget-image\" data-id=\"07d7976\" data-element_type=\"widget\" data-widget_type=\"image.default\">\n\t\t\t\t<div class=\"elementor-widget-container\">\n\t\t\t\t\t\t\t\t\t\t\t\t\t\t\t<img decoding=\"async\" width=\"300\" height=\"300\" src=\"https:\/\/recode.law\/wp-content\/uploads\/2026\/02\/IMG_20240425_232235-1-300x300.jpg\" class=\"attachment-medium size-medium wp-image-9008\" alt=\"\" srcset=\"https:\/\/recode.law\/wp-content\/uploads\/2026\/02\/IMG_20240425_232235-1-300x300.jpg 300w, https:\/\/recode.law\/wp-content\/uploads\/2026\/02\/IMG_20240425_232235-1-1024x1024.jpg 1024w, https:\/\/recode.law\/wp-content\/uploads\/2026\/02\/IMG_20240425_232235-1-150x150.jpg 150w, https:\/\/recode.law\/wp-content\/uploads\/2026\/02\/IMG_20240425_232235-1-768x768.jpg 768w, https:\/\/recode.law\/wp-content\/uploads\/2026\/02\/IMG_20240425_232235-1-12x12.jpg 12w, https:\/\/recode.law\/wp-content\/uploads\/2026\/02\/IMG_20240425_232235-1.jpg 1337w\" sizes=\"(max-width: 300px) 100vw, 300px\" \/>\t\t\t\t\t\t\t\t\t\t\t\t\t\t\t<\/div>\n\t\t\t\t<\/div>\n\t\t\t\t<div class=\"elementor-element elementor-element-5670077 elementor-widget elementor-widget-heading\" data-id=\"5670077\" data-element_type=\"widget\" data-widget_type=\"heading.default\">\n\t\t\t\t<div class=\"elementor-widget-container\">\n\t\t\t\t\t<h2 class=\"elementor-heading-title elementor-size-default\">Marie Landwehr (Head of Podcast)<\/h2>\t\t\t\t<\/div>\n\t\t\t\t<\/div>\n\t\t\t\t<div class=\"elementor-element elementor-element-a9a8914 elementor-widget-divider--view-line elementor-widget elementor-widget-divider\" data-id=\"a9a8914\" data-element_type=\"widget\" data-widget_type=\"divider.default\">\n\t\t\t\t<div class=\"elementor-widget-container\">\n\t\t\t\t\t\t\t<div class=\"elementor-divider\">\n\t\t\t<span class=\"elementor-divider-separator\">\n\t\t\t\t\t\t<\/span>\n\t\t<\/div>\n\t\t\t\t\t\t<\/div>\n\t\t\t\t<\/div>\n\t\t\t\t<div class=\"elementor-element elementor-element-9e0c871 elementor-widget elementor-widget-image\" data-id=\"9e0c871\" data-element_type=\"widget\" data-widget_type=\"image.default\">\n\t\t\t\t<div class=\"elementor-widget-container\">\n\t\t\t\t\t\t\t\t\t\t\t\t\t\t\t<img decoding=\"async\" width=\"300\" height=\"300\" src=\"https:\/\/recode.law\/wp-content\/uploads\/2026\/02\/AD108561-2-300x300.jpg\" class=\"attachment-medium size-medium wp-image-8977\" alt=\"\" srcset=\"https:\/\/recode.law\/wp-content\/uploads\/2026\/02\/AD108561-2-300x300.jpg 300w, https:\/\/recode.law\/wp-content\/uploads\/2026\/02\/AD108561-2-1024x1024.jpg 1024w, https:\/\/recode.law\/wp-content\/uploads\/2026\/02\/AD108561-2-150x150.jpg 150w, https:\/\/recode.law\/wp-content\/uploads\/2026\/02\/AD108561-2-768x768.jpg 768w, https:\/\/recode.law\/wp-content\/uploads\/2026\/02\/AD108561-2-12x12.jpg 12w, https:\/\/recode.law\/wp-content\/uploads\/2026\/02\/AD108561-2.jpg 1365w\" sizes=\"(max-width: 300px) 100vw, 300px\" \/>\t\t\t\t\t\t\t\t\t\t\t\t\t\t\t<\/div>\n\t\t\t\t<\/div>\n\t\t\t\t<div class=\"elementor-element elementor-element-dd0f9dd elementor-widget elementor-widget-heading\" data-id=\"dd0f9dd\" data-element_type=\"widget\" data-widget_type=\"heading.default\">\n\t\t\t\t<div class=\"elementor-widget-container\">\n\t\t\t\t\t<h2 class=\"elementor-heading-title elementor-size-default\">Thorsten Hoffmann<\/h2>\t\t\t\t<\/div>\n\t\t\t\t<\/div>\n\t\t\t\t<div class=\"elementor-element elementor-element-c43b980 elementor-widget-divider--view-line elementor-widget elementor-widget-divider\" data-id=\"c43b980\" data-element_type=\"widget\" data-widget_type=\"divider.default\">\n\t\t\t\t<div class=\"elementor-widget-container\">\n\t\t\t\t\t\t\t<div class=\"elementor-divider\">\n\t\t\t<span class=\"elementor-divider-separator\">\n\t\t\t\t\t\t<\/span>\n\t\t<\/div>\n\t\t\t\t\t\t<\/div>\n\t\t\t\t<\/div>\n\t\t\t\t<div class=\"elementor-element elementor-element-89cd8db elementor-widget elementor-widget-image\" data-id=\"89cd8db\" data-element_type=\"widget\" data-widget_type=\"image.default\">\n\t\t\t\t<div class=\"elementor-widget-container\">\n\t\t\t\t\t\t\t\t\t\t\t\t\t\t\t<img loading=\"lazy\" decoding=\"async\" width=\"300\" height=\"300\" src=\"https:\/\/recode.law\/wp-content\/uploads\/2026\/02\/Bild-Nils-Biedermann-300x300.jpg\" class=\"attachment-medium size-medium wp-image-8976\" alt=\"\" srcset=\"https:\/\/recode.law\/wp-content\/uploads\/2026\/02\/Bild-Nils-Biedermann-300x300.jpg 300w, https:\/\/recode.law\/wp-content\/uploads\/2026\/02\/Bild-Nils-Biedermann-1024x1024.jpg 1024w, https:\/\/recode.law\/wp-content\/uploads\/2026\/02\/Bild-Nils-Biedermann-150x150.jpg 150w, https:\/\/recode.law\/wp-content\/uploads\/2026\/02\/Bild-Nils-Biedermann-768x768.jpg 768w, https:\/\/recode.law\/wp-content\/uploads\/2026\/02\/Bild-Nils-Biedermann-12x12.jpg 12w, https:\/\/recode.law\/wp-content\/uploads\/2026\/02\/Bild-Nils-Biedermann.jpg 1181w\" sizes=\"(max-width: 300px) 100vw, 300px\" \/>\t\t\t\t\t\t\t\t\t\t\t\t\t\t\t<\/div>\n\t\t\t\t<\/div>\n\t\t\t\t<div class=\"elementor-element elementor-element-0cda48d elementor-widget elementor-widget-heading\" data-id=\"0cda48d\" data-element_type=\"widget\" data-widget_type=\"heading.default\">\n\t\t\t\t<div class=\"elementor-widget-container\">\n\t\t\t\t\t<h2 class=\"elementor-heading-title elementor-size-default\">Nils Biedermann<\/h2>\t\t\t\t<\/div>\n\t\t\t\t<\/div>\n\t\t\t\t<div class=\"elementor-element elementor-element-711f7a9 elementor-widget-divider--view-line elementor-widget elementor-widget-divider\" data-id=\"711f7a9\" data-element_type=\"widget\" data-widget_type=\"divider.default\">\n\t\t\t\t<div class=\"elementor-widget-container\">\n\t\t\t\t\t\t\t<div class=\"elementor-divider\">\n\t\t\t<span class=\"elementor-divider-separator\">\n\t\t\t\t\t\t<\/span>\n\t\t<\/div>\n\t\t\t\t\t\t<\/div>\n\t\t\t\t<\/div>\n\t\t\t\t<div class=\"elementor-element elementor-element-9e7792b elementor-widget elementor-widget-image\" data-id=\"9e7792b\" data-element_type=\"widget\" data-widget_type=\"image.default\">\n\t\t\t\t<div class=\"elementor-widget-container\">\n\t\t\t\t\t\t\t\t\t\t\t\t\t\t\t<img loading=\"lazy\" decoding=\"async\" width=\"300\" height=\"300\" src=\"https:\/\/recode.law\/wp-content\/uploads\/2026\/02\/IMG-20260119-WA0008-300x300.jpg\" class=\"attachment-medium size-medium wp-image-8979\" alt=\"\" srcset=\"https:\/\/recode.law\/wp-content\/uploads\/2026\/02\/IMG-20260119-WA0008-300x300.jpg 300w, https:\/\/recode.law\/wp-content\/uploads\/2026\/02\/IMG-20260119-WA0008-150x150.jpg 150w, https:\/\/recode.law\/wp-content\/uploads\/2026\/02\/IMG-20260119-WA0008-12x12.jpg 12w, https:\/\/recode.law\/wp-content\/uploads\/2026\/02\/IMG-20260119-WA0008.jpg 720w\" sizes=\"(max-width: 300px) 100vw, 300px\" \/>\t\t\t\t\t\t\t\t\t\t\t\t\t\t\t<\/div>\n\t\t\t\t<\/div>\n\t\t\t\t<div class=\"elementor-element elementor-element-ceb35b7 elementor-widget elementor-widget-heading\" data-id=\"ceb35b7\" data-element_type=\"widget\" data-widget_type=\"heading.default\">\n\t\t\t\t<div class=\"elementor-widget-container\">\n\t\t\t\t\t<h2 class=\"elementor-heading-title elementor-size-default\">Florian Juterschnig<\/h2>\t\t\t\t<\/div>\n\t\t\t\t<\/div>\n\t\t\t\t<div class=\"elementor-element elementor-element-ab6608f elementor-widget-divider--view-line elementor-widget elementor-widget-divider\" data-id=\"ab6608f\" data-element_type=\"widget\" data-widget_type=\"divider.default\">\n\t\t\t\t<div class=\"elementor-widget-container\">\n\t\t\t\t\t\t\t<div class=\"elementor-divider\">\n\t\t\t<span class=\"elementor-divider-separator\">\n\t\t\t\t\t\t<\/span>\n\t\t<\/div>\n\t\t\t\t\t\t<\/div>\n\t\t\t\t<\/div>\n\t\t\t\t<div class=\"elementor-element elementor-element-fe6bb4c elementor-widget elementor-widget-image\" data-id=\"fe6bb4c\" data-element_type=\"widget\" data-widget_type=\"image.default\">\n\t\t\t\t<div class=\"elementor-widget-container\">\n\t\t\t\t\t\t\t\t\t\t\t\t\t\t\t<img loading=\"lazy\" decoding=\"async\" width=\"300\" height=\"300\" src=\"https:\/\/recode.law\/wp-content\/uploads\/2026\/02\/DSC4897-300x300.jpg\" class=\"attachment-medium size-medium wp-image-8975\" alt=\"\" srcset=\"https:\/\/recode.law\/wp-content\/uploads\/2026\/02\/DSC4897-300x300.jpg 300w, https:\/\/recode.law\/wp-content\/uploads\/2026\/02\/DSC4897-1024x1024.jpg 1024w, https:\/\/recode.law\/wp-content\/uploads\/2026\/02\/DSC4897-150x150.jpg 150w, https:\/\/recode.law\/wp-content\/uploads\/2026\/02\/DSC4897-768x768.jpg 768w, https:\/\/recode.law\/wp-content\/uploads\/2026\/02\/DSC4897-1536x1536.jpg 1536w, https:\/\/recode.law\/wp-content\/uploads\/2026\/02\/DSC4897-12x12.jpg 12w, https:\/\/recode.law\/wp-content\/uploads\/2026\/02\/DSC4897.jpg 1920w\" sizes=\"(max-width: 300px) 100vw, 300px\" \/>\t\t\t\t\t\t\t\t\t\t\t\t\t\t\t<\/div>\n\t\t\t\t<\/div>\n\t\t\t\t<div class=\"elementor-element elementor-element-b0712e0 elementor-widget elementor-widget-heading\" data-id=\"b0712e0\" data-element_type=\"widget\" data-widget_type=\"heading.default\">\n\t\t\t\t<div class=\"elementor-widget-container\">\n\t\t\t\t\t<h2 class=\"elementor-heading-title elementor-size-default\">Luis Bartsch<\/h2>\t\t\t\t<\/div>\n\t\t\t\t<\/div>\n\t\t\t\t\t<\/div>\n\t\t<\/div>\n\t\t\t\t\t<\/div>\n\t\t<\/section>\n\t\t\t\t<\/div>","protected":false},"excerpt":{"rendered":"<p>Legal Tech f\u00fcr die Ohren Im recode.law Podcast sprechen wir seit Ende 2019 mit spannenden Personen \u00fcber Innovation, Technologie und New Work im rechtlichen Bereich. Wir wollen die Menschen hinter unterschiedlichen Projekten und Unternehmen vorstellen und ihnen eine B\u00fchne geben. Die aktuelle Folge Im recode.law Podcast informieren wir Euch in aller K\u00fcrze \u00fcber die wichtigsten [&hellip;]<\/p>","protected":false},"author":117,"featured_media":0,"parent":0,"menu_order":0,"comment_status":"closed","ping_status":"closed","template":"","meta":{"_acf_changed":false,"_lmt_disableupdate":"no","_lmt_disable":"","footnotes":""},"class_list":["post-5320","page","type-page","status-publish","hentry"],"acf":[],"_links":{"self":[{"href":"https:\/\/recode.law\/en\/wp-json\/wp\/v2\/pages\/5320","targetHints":{"allow":["GET"]}}],"collection":[{"href":"https:\/\/recode.law\/en\/wp-json\/wp\/v2\/pages"}],"about":[{"href":"https:\/\/recode.law\/en\/wp-json\/wp\/v2\/types\/page"}],"author":[{"embeddable":true,"href":"https:\/\/recode.law\/en\/wp-json\/wp\/v2\/users\/117"}],"replies":[{"embeddable":true,"href":"https:\/\/recode.law\/en\/wp-json\/wp\/v2\/comments?post=5320"}],"version-history":[{"count":152,"href":"https:\/\/recode.law\/en\/wp-json\/wp\/v2\/pages\/5320\/revisions"}],"predecessor-version":[{"id":9011,"href":"https:\/\/recode.law\/en\/wp-json\/wp\/v2\/pages\/5320\/revisions\/9011"}],"wp:attachment":[{"href":"https:\/\/recode.law\/en\/wp-json\/wp\/v2\/media?parent=5320"}],"curies":[{"name":"wp","href":"https:\/\/api.w.org\/{rel}","templated":true}]}}