{"id":5609,"date":"2023-11-02T18:06:37","date_gmt":"2023-11-02T17:06:37","guid":{"rendered":"https:\/\/recode.law\/?page_id=5609"},"modified":"2024-04-30T09:57:54","modified_gmt":"2024-04-30T08:57:54","slug":"ctrl","status":"publish","type":"page","link":"https:\/\/recode.law\/en\/ctrl\/","title":{"rendered":"CTRL"},"content":{"rendered":"<div data-elementor-type=\"wp-page\" data-elementor-id=\"5609\" class=\"elementor elementor-5609\" data-elementor-post-type=\"page\">\n\t\t\t\t\t\t<section class=\"elementor-section elementor-top-section elementor-element elementor-element-d84b6af elementor-section-boxed elementor-section-height-default elementor-section-height-default\" data-id=\"d84b6af\" data-element_type=\"section\">\n\t\t\t\t\t\t<div class=\"elementor-container elementor-column-gap-default\">\n\t\t\t\t\t<div class=\"elementor-column elementor-col-100 elementor-top-column elementor-element elementor-element-8c6d689\" data-id=\"8c6d689\" data-element_type=\"column\">\n\t\t\t<div class=\"elementor-widget-wrap elementor-element-populated\">\n\t\t\t\t\t\t<div class=\"elementor-element elementor-element-a62b2de elementor-widget elementor-widget-spacer\" data-id=\"a62b2de\" data-element_type=\"widget\" data-widget_type=\"spacer.default\">\n\t\t\t\t<div class=\"elementor-widget-container\">\n\t\t\t\t\t\t\t<div class=\"elementor-spacer\">\n\t\t\t<div class=\"elementor-spacer-inner\"><\/div>\n\t\t<\/div>\n\t\t\t\t\t\t<\/div>\n\t\t\t\t<\/div>\n\t\t\t\t\t<\/div>\n\t\t<\/div>\n\t\t\t\t\t<\/div>\n\t\t<\/section>\n\t\t\t\t<section class=\"elementor-section elementor-top-section elementor-element elementor-element-0cef586 elementor-section-boxed elementor-section-height-default elementor-section-height-default\" data-id=\"0cef586\" data-element_type=\"section\">\n\t\t\t\t\t\t<div class=\"elementor-container elementor-column-gap-default\">\n\t\t\t\t\t<div class=\"elementor-column elementor-col-33 elementor-top-column elementor-element elementor-element-9493d9b\" data-id=\"9493d9b\" data-element_type=\"column\">\n\t\t\t<div class=\"elementor-widget-wrap elementor-element-populated\">\n\t\t\t\t\t\t<div class=\"elementor-element elementor-element-ebbc57f elementor-widget elementor-widget-image\" data-id=\"ebbc57f\" data-element_type=\"widget\" data-widget_type=\"image.default\">\n\t\t\t\t<div class=\"elementor-widget-container\">\n\t\t\t\t\t\t\t\t\t\t\t\t\t\t\t<img fetchpriority=\"high\" decoding=\"async\" width=\"800\" height=\"320\" src=\"https:\/\/recode.law\/wp-content\/uploads\/2023\/11\/CTRL-IconSchrift2-1024x410.png\" class=\"attachment-large size-large wp-image-5624\" alt=\"\" srcset=\"https:\/\/recode.law\/wp-content\/uploads\/2023\/11\/CTRL-IconSchrift2-1024x410.png 1024w, https:\/\/recode.law\/wp-content\/uploads\/2023\/11\/CTRL-IconSchrift2-300x120.png 300w, https:\/\/recode.law\/wp-content\/uploads\/2023\/11\/CTRL-IconSchrift2-768x307.png 768w, https:\/\/recode.law\/wp-content\/uploads\/2023\/11\/CTRL-IconSchrift2-1536x614.png 1536w, https:\/\/recode.law\/wp-content\/uploads\/2023\/11\/CTRL-IconSchrift2-2048x819.png 2048w, https:\/\/recode.law\/wp-content\/uploads\/2023\/11\/CTRL-IconSchrift2-18x7.png 18w\" sizes=\"(max-width: 800px) 100vw, 800px\" \/>\t\t\t\t\t\t\t\t\t\t\t\t\t\t\t<\/div>\n\t\t\t\t<\/div>\n\t\t\t\t\t<\/div>\n\t\t<\/div>\n\t\t\t\t<div class=\"elementor-column elementor-col-66 elementor-top-column elementor-element elementor-element-ab0b67b\" data-id=\"ab0b67b\" data-element_type=\"column\">\n\t\t\t<div class=\"elementor-widget-wrap elementor-element-populated\">\n\t\t\t\t\t\t<div class=\"elementor-element elementor-element-d2f18f9 elementor-widget elementor-widget-text-editor\" data-id=\"d2f18f9\" data-element_type=\"widget\" data-widget_type=\"text-editor.default\">\n\t\t\t\t<div class=\"elementor-widget-container\">\n\t\t\t\t\t\t\t\t\t<p>Die <a href=\"https:\/\/www.ctrl-magazin.de\/\" rel=\"nofollow noopener\" target=\"_blank\"><strong>CTRL<\/strong> <\/a>(Contemporary Technology Review &amp; Law) ist die Schnittstelle zwischen Recht und Digitalisierung. Das kostenfreie ePaper f\u00fcr alle Recht-der-Digitalisierung-Enthusiasten und die, die es gerne werden wollen. Mittlerweile erscheint die CTRL schon in der sechsten Ausgabe.<\/p><p>Jede Ausgabe enth\u00e4lt neben Grundwissensbeitr\u00e4gen, die Basiswissen vermitteln, wissenschaftlichen Aufs\u00e4tzen zu aktuellen juristischen Problemen sowie Kolumnen, Interviews und Streitgespr\u00e4che.<\/p>\t\t\t\t\t\t\t\t<\/div>\n\t\t\t\t<\/div>\n\t\t\t\t\t<\/div>\n\t\t<\/div>\n\t\t\t\t\t<\/div>\n\t\t<\/section>\n\t\t\t\t<section class=\"elementor-section elementor-top-section elementor-element elementor-element-1942568 elementor-section-boxed elementor-section-height-default elementor-section-height-default\" data-id=\"1942568\" data-element_type=\"section\">\n\t\t\t\t\t\t<div class=\"elementor-container elementor-column-gap-default\">\n\t\t\t\t\t<div class=\"elementor-column elementor-col-50 elementor-top-column elementor-element elementor-element-5ba275f\" data-id=\"5ba275f\" data-element_type=\"column\">\n\t\t\t<div class=\"elementor-widget-wrap elementor-element-populated\">\n\t\t\t\t\t\t<div class=\"elementor-element elementor-element-6574deb elementor-widget__width-initial elementor-widget elementor-widget-text-editor\" data-id=\"6574deb\" data-element_type=\"widget\" data-widget_type=\"text-editor.default\">\n\t\t\t\t<div class=\"elementor-widget-container\">\n\t\t\t\t\t\t\t\t\t<p>Unser Ziel ist es, die M\u00f6glichkeiten des ePaper-Formats voll auszusch\u00f6pfen und alle Beitr\u00e4ge in einem leserfreundlichen, interaktiven und optisch ansprechenden Layout zu pr\u00e4sentieren. Gleichzeitig stellen wir durch einen umfassendes Qualit\u00e4tssicherungs- und Lektoratsprozess die hohe wissenschaftliche Qualit\u00e4t aller Beitr\u00e4ge sicher.<\/p>\n<p>Mit recode verbindet uns dabei eine enge strategische Partnerschaft. Als prim\u00e4rer Medienpartner unterst\u00fctzen wir recode und seine Mitglieder bei der Ver\u00f6ffentlichung und Aufbereitung ihrer Content-Produkte und begleiten gr\u00f6\u00dfere Events, um eine m\u00f6glichst gro\u00dfe Reichweite und Zug\u00e4nglichkeit f\u00fcr die inhaltlichen Ausarbeitungen und Ergebnisse der T\u00e4tigkeit von recode sicherzustellen. Unser gemeinsames Ziel ist es dabei, das Bewusstseins f\u00fcr Legal Tech und das Recht der Digitalisierung in der Ausbildung zu f\u00f6rdern und die Praxisbez\u00fcge zu st\u00e4rken.<\/p>\n<p>Wir sind \u00fcberzeugt: Es braucht eine juristische Ausbildungszeitschrift, die Studierende durch eine sich rasant digitalisierende Welt begleitet und sich den neuen Rechtsfragen der<br>Digitalisierung stellt!<\/p>\t\t\t\t\t\t\t\t<\/div>\n\t\t\t\t<\/div>\n\t\t\t\t\t<\/div>\n\t\t<\/div>\n\t\t\t\t<div class=\"elementor-column elementor-col-50 elementor-top-column elementor-element elementor-element-58f44c3\" data-id=\"58f44c3\" data-element_type=\"column\">\n\t\t\t<div class=\"elementor-widget-wrap elementor-element-populated\">\n\t\t\t\t\t\t<div class=\"elementor-element elementor-element-5ffe2e4 elementor-widget elementor-widget-image\" data-id=\"5ffe2e4\" data-element_type=\"widget\" data-widget_type=\"image.default\">\n\t\t\t\t<div class=\"elementor-widget-container\">\n\t\t\t\t\t\t\t\t\t\t\t\t\t\t\t<img decoding=\"async\" width=\"300\" height=\"300\" src=\"https:\/\/recode.law\/wp-content\/uploads\/2023\/11\/CTRL-Icon-300x300.png\" class=\"attachment-medium size-medium wp-image-5610\" alt=\"\" srcset=\"https:\/\/recode.law\/wp-content\/uploads\/2023\/11\/CTRL-Icon-300x300.png 300w, https:\/\/recode.law\/wp-content\/uploads\/2023\/11\/CTRL-Icon-1024x1024.png 1024w, https:\/\/recode.law\/wp-content\/uploads\/2023\/11\/elementor\/thumbs\/CTRL-Icon-qes07xzfuxyue7whym88iqi7lsvayz6dtfan12wbbw.png 150w, https:\/\/recode.law\/wp-content\/uploads\/2023\/11\/CTRL-Icon-768x768.png 768w, https:\/\/recode.law\/wp-content\/uploads\/2023\/11\/CTRL-Icon-12x12.png 12w, https:\/\/recode.law\/wp-content\/uploads\/2023\/11\/elementor\/thumbs\/CTRL-Icon-qes07xzet87ieqhhkcompb3mbag3q2ev5ojsjh33pc.png 64w, https:\/\/recode.law\/wp-content\/uploads\/2023\/11\/elementor\/thumbs\/CTRL-Icon-qes07xzem7lojus39bqud4vvqwz1jdwcm70kculy3k.png 48w, https:\/\/recode.law\/wp-content\/uploads\/2023\/11\/CTRL-Icon.png 1181w\" sizes=\"(max-width: 300px) 100vw, 300px\" \/>\t\t\t\t\t\t\t\t\t\t\t\t\t\t\t<\/div>\n\t\t\t\t<\/div>\n\t\t\t\t\t<\/div>\n\t\t<\/div>\n\t\t\t\t\t<\/div>\n\t\t<\/section>\n\t\t\t\t<section class=\"elementor-section elementor-top-section elementor-element elementor-element-4cc27d4 elementor-section-boxed elementor-section-height-default elementor-section-height-default\" data-id=\"4cc27d4\" data-element_type=\"section\">\n\t\t\t\t\t\t<div class=\"elementor-container elementor-column-gap-default\">\n\t\t\t\t\t<div class=\"elementor-column elementor-col-100 elementor-top-column elementor-element elementor-element-78e6885\" data-id=\"78e6885\" data-element_type=\"column\">\n\t\t\t<div class=\"elementor-widget-wrap elementor-element-populated\">\n\t\t\t\t\t\t<div class=\"elementor-element elementor-element-89b0ff3 elementor-widget elementor-widget-spacer\" data-id=\"89b0ff3\" data-element_type=\"widget\" data-widget_type=\"spacer.default\">\n\t\t\t\t<div class=\"elementor-widget-container\">\n\t\t\t\t\t\t\t<div class=\"elementor-spacer\">\n\t\t\t<div class=\"elementor-spacer-inner\"><\/div>\n\t\t<\/div>\n\t\t\t\t\t\t<\/div>\n\t\t\t\t<\/div>\n\t\t\t\t\t<\/div>\n\t\t<\/div>\n\t\t\t\t\t<\/div>\n\t\t<\/section>\n\t\t\t\t<section class=\"elementor-section elementor-top-section elementor-element elementor-element-a9ea40f elementor-section-boxed elementor-section-height-default elementor-section-height-default\" data-id=\"a9ea40f\" data-element_type=\"section\">\n\t\t\t\t\t\t<div class=\"elementor-container elementor-column-gap-default\">\n\t\t\t\t\t<div class=\"elementor-column elementor-col-100 elementor-top-column elementor-element elementor-element-dfb6947\" data-id=\"dfb6947\" data-element_type=\"column\">\n\t\t\t<div class=\"elementor-widget-wrap elementor-element-populated\">\n\t\t\t\t\t\t<div class=\"elementor-element elementor-element-0ac037b elementor-widget elementor-widget-heading\" data-id=\"0ac037b\" data-element_type=\"widget\" data-widget_type=\"heading.default\">\n\t\t\t\t<div class=\"elementor-widget-container\">\n\t\t\t\t\t<h2 class=\"elementor-heading-title elementor-size-default\">Die letzten Ausgaben der CTRL<\/h2>\t\t\t\t<\/div>\n\t\t\t\t<\/div>\n\t\t\t\t\t<\/div>\n\t\t<\/div>\n\t\t\t\t\t<\/div>\n\t\t<\/section>\n\t\t\t\t<section class=\"elementor-section elementor-top-section elementor-element elementor-element-264798a elementor-section-boxed elementor-section-height-default elementor-section-height-default\" data-id=\"264798a\" data-element_type=\"section\">\n\t\t\t\t\t\t<div class=\"elementor-container elementor-column-gap-default\">\n\t\t\t\t\t<div class=\"elementor-column elementor-col-33 elementor-top-column elementor-element elementor-element-ea1675b\" data-id=\"ea1675b\" data-element_type=\"column\">\n\t\t\t<div class=\"elementor-widget-wrap elementor-element-populated\">\n\t\t\t\t\t\t<div class=\"elementor-element elementor-element-ef7a4d3 elementor-widget elementor-widget-image\" data-id=\"ef7a4d3\" data-element_type=\"widget\" data-widget_type=\"image.default\">\n\t\t\t\t<div class=\"elementor-widget-container\">\n\t\t\t\t\t\t\t\t\t\t\t\t\t\t\t\t<a href=\"https:\/\/www.ctrl-magazin.de\/ctrl-1-2024\" rel=\"nofollow noopener\" target=\"_blank\">\n\t\t\t\t\t\t\t<img decoding=\"async\" width=\"712\" height=\"1024\" src=\"https:\/\/recode.law\/wp-content\/uploads\/2024\/04\/Cover-CTRL-1_2024_1-712x1024.png\" class=\"attachment-large size-large wp-image-6360\" alt=\"Cover CTRL 1\/2024\" srcset=\"https:\/\/recode.law\/wp-content\/uploads\/2024\/04\/Cover-CTRL-1_2024_1-712x1024.png 712w, https:\/\/recode.law\/wp-content\/uploads\/2024\/04\/Cover-CTRL-1_2024_1-209x300.png 209w, https:\/\/recode.law\/wp-content\/uploads\/2024\/04\/Cover-CTRL-1_2024_1-8x12.png 8w, https:\/\/recode.law\/wp-content\/uploads\/2024\/04\/Cover-CTRL-1_2024_1.png 766w\" sizes=\"(max-width: 712px) 100vw, 712px\" \/>\t\t\t\t\t\t\t\t<\/a>\n\t\t\t\t\t\t\t\t\t\t\t\t\t\t\t<\/div>\n\t\t\t\t<\/div>\n\t\t\t\t\t<\/div>\n\t\t<\/div>\n\t\t\t\t<div class=\"elementor-column elementor-col-33 elementor-top-column elementor-element elementor-element-a2ff018\" data-id=\"a2ff018\" data-element_type=\"column\">\n\t\t\t<div class=\"elementor-widget-wrap elementor-element-populated\">\n\t\t\t\t\t\t<div class=\"elementor-element elementor-element-987646b elementor-widget elementor-widget-image\" data-id=\"987646b\" data-element_type=\"widget\" data-widget_type=\"image.default\">\n\t\t\t\t<div class=\"elementor-widget-container\">\n\t\t\t\t\t\t\t\t\t\t\t\t\t\t\t\t<a href=\"https:\/\/www.ctrl-magazin.de\/ctrl2-2023\" rel=\"nofollow noopener\" target=\"_blank\">\n\t\t\t\t\t\t\t<img loading=\"lazy\" decoding=\"async\" width=\"724\" height=\"1024\" src=\"https:\/\/recode.law\/wp-content\/uploads\/2023\/11\/Cover-CTRL-2-2023.png\" class=\"attachment-large size-large wp-image-5611\" alt=\"\" \/>\t\t\t\t\t\t\t\t<\/a>\n\t\t\t\t\t\t\t\t\t\t\t\t\t\t\t<\/div>\n\t\t\t\t<\/div>\n\t\t\t\t\t<\/div>\n\t\t<\/div>\n\t\t\t\t<div class=\"elementor-column elementor-col-33 elementor-top-column elementor-element elementor-element-ac10468\" data-id=\"ac10468\" data-element_type=\"column\">\n\t\t\t<div class=\"elementor-widget-wrap elementor-element-populated\">\n\t\t\t\t\t\t<div class=\"elementor-element elementor-element-760b160 elementor-widget elementor-widget-image\" data-id=\"760b160\" data-element_type=\"widget\" data-widget_type=\"image.default\">\n\t\t\t\t<div class=\"elementor-widget-container\">\n\t\t\t\t\t\t\t\t\t\t\t\t\t\t\t\t<a href=\"https:\/\/www.ctrl-magazin.de\/ctrl1-2023\" rel=\"nofollow noopener\" target=\"_blank\">\n\t\t\t\t\t\t\t<img loading=\"lazy\" decoding=\"async\" width=\"725\" height=\"1024\" src=\"https:\/\/recode.law\/wp-content\/uploads\/2023\/11\/Cover_CTRL-1_23-725x1024.jpg\" class=\"attachment-large size-large wp-image-5612\" alt=\"\" srcset=\"https:\/\/recode.law\/wp-content\/uploads\/2023\/11\/Cover_CTRL-1_23-725x1024.jpg 725w, https:\/\/recode.law\/wp-content\/uploads\/2023\/11\/Cover_CTRL-1_23-212x300.jpg 212w, https:\/\/recode.law\/wp-content\/uploads\/2023\/11\/Cover_CTRL-1_23-768x1085.jpg 768w, https:\/\/recode.law\/wp-content\/uploads\/2023\/11\/Cover_CTRL-1_23-1087x1536.jpg 1087w, https:\/\/recode.law\/wp-content\/uploads\/2023\/11\/Cover_CTRL-1_23-8x12.jpg 8w, https:\/\/recode.law\/wp-content\/uploads\/2023\/11\/Cover_CTRL-1_23.jpg 1359w\" sizes=\"(max-width: 725px) 100vw, 725px\" \/>\t\t\t\t\t\t\t\t<\/a>\n\t\t\t\t\t\t\t\t\t\t\t\t\t\t\t<\/div>\n\t\t\t\t<\/div>\n\t\t\t\t\t<\/div>\n\t\t<\/div>\n\t\t\t\t\t<\/div>\n\t\t<\/section>\n\t\t\t\t<\/div>","protected":false},"excerpt":{"rendered":"<p>Die CTRL (Contemporary Technology Review &amp; Law) ist die Schnittstelle zwischen Recht und Digitalisierung. Das kostenfreie ePaper f\u00fcr alle Recht-der-Digitalisierung-Enthusiasten und die, die es gerne werden wollen. Mittlerweile erscheint die CTRL schon in der sechsten Ausgabe. Jede Ausgabe enth\u00e4lt neben Grundwissensbeitr\u00e4gen, die Basiswissen vermitteln, wissenschaftlichen Aufs\u00e4tzen zu aktuellen juristischen Problemen sowie Kolumnen, Interviews und Streitgespr\u00e4che. [&hellip;]<\/p>","protected":false},"author":17,"featured_media":0,"parent":0,"menu_order":0,"comment_status":"closed","ping_status":"closed","template":"","meta":{"_acf_changed":false,"_lmt_disableupdate":"no","_lmt_disable":"","footnotes":""},"class_list":["post-5609","page","type-page","status-publish","hentry"],"acf":[],"_links":{"self":[{"href":"https:\/\/recode.law\/en\/wp-json\/wp\/v2\/pages\/5609","targetHints":{"allow":["GET"]}}],"collection":[{"href":"https:\/\/recode.law\/en\/wp-json\/wp\/v2\/pages"}],"about":[{"href":"https:\/\/recode.law\/en\/wp-json\/wp\/v2\/types\/page"}],"author":[{"embeddable":true,"href":"https:\/\/recode.law\/en\/wp-json\/wp\/v2\/users\/17"}],"replies":[{"embeddable":true,"href":"https:\/\/recode.law\/en\/wp-json\/wp\/v2\/comments?post=5609"}],"version-history":[{"count":25,"href":"https:\/\/recode.law\/en\/wp-json\/wp\/v2\/pages\/5609\/revisions"}],"predecessor-version":[{"id":6363,"href":"https:\/\/recode.law\/en\/wp-json\/wp\/v2\/pages\/5609\/revisions\/6363"}],"wp:attachment":[{"href":"https:\/\/recode.law\/en\/wp-json\/wp\/v2\/media?parent=5609"}],"curies":[{"name":"wp","href":"https:\/\/api.w.org\/{rel}","templated":true}]}}