{"id":6970,"date":"2024-07-13T11:05:17","date_gmt":"2024-07-13T10:05:17","guid":{"rendered":"https:\/\/recode.law\/?page_id=6970"},"modified":"2024-08-04T23:32:11","modified_gmt":"2024-08-04T22:32:11","slug":"standort-muenchen","status":"publish","type":"page","link":"https:\/\/recode.law\/en\/standort-muenchen\/","title":{"rendered":"Munich"},"content":{"rendered":"<div data-elementor-type=\"wp-page\" data-elementor-id=\"6970\" class=\"elementor elementor-6970\" data-elementor-post-type=\"page\">\n\t\t\t\t\t\t<section class=\"elementor-section elementor-top-section elementor-element elementor-element-84481c4 elementor-section-stretched elementor-section-boxed elementor-section-height-default elementor-section-height-default\" data-id=\"84481c4\" data-element_type=\"section\" data-settings=\"{&quot;stretch_section&quot;:&quot;section-stretched&quot;}\">\n\t\t\t\t\t\t<div class=\"elementor-container elementor-column-gap-default\">\n\t\t\t\t\t<div class=\"elementor-column elementor-col-50 elementor-top-column elementor-element elementor-element-68e147e\" data-id=\"68e147e\" data-element_type=\"column\">\n\t\t\t<div class=\"elementor-widget-wrap elementor-element-populated\">\n\t\t\t\t\t\t<div class=\"elementor-element elementor-element-f5c7b03 elementor-widget elementor-widget-heading\" data-id=\"f5c7b03\" data-element_type=\"widget\" data-widget_type=\"heading.default\">\n\t\t\t\t<div class=\"elementor-widget-container\">\n\t\t\t\t\t<h2 class=\"elementor-heading-title elementor-size-default\">We in&nbsp;<span style=\"font-family: 'IBM Plex serif';font-weight: bold;color:#FD402B\"><i>M\u00fcnchen<\/i><\/span><\/h2>\t\t\t\t<\/div>\n\t\t\t\t<\/div>\n\t\t\t\t<div class=\"elementor-element elementor-element-5b873b8 elementor-widget elementor-widget-text-editor\" data-id=\"5b873b8\" data-element_type=\"widget\" data-widget_type=\"text-editor.default\">\n\t\t\t\t<div class=\"elementor-widget-container\">\n\t\t\t\t\t\t\t\t\t<p>Since December of 2023\u00a0<a class=\"notion-link-token notion-enable-hover\" style=\"cursor: pointer; overflow-wrap: break-word; text-decoration: inherit;\" href=\"http:\/\/recode.law\/en\/\" target=\"_blank\" rel=\"noopener noreferrer\" data-token-index=\"1\" data-reactroot=\"\"><span class=\"link-annotation-unknown-block-id--1221805047\" style=\"border-bottom: 0.05em solid; border-color: rgba(55,53,47,0.4); opacity: 0.7;\">recode.law<\/span><\/a> einen zweiten Standort im S\u00fcden Deutschlands.<\/p>\t\t\t\t\t\t\t\t<\/div>\n\t\t\t\t<\/div>\n\t\t\t\t\t<\/div>\n\t\t<\/div>\n\t\t\t\t<div class=\"elementor-column elementor-col-50 elementor-top-column elementor-element elementor-element-282e572\" data-id=\"282e572\" data-element_type=\"column\">\n\t\t\t<div class=\"elementor-widget-wrap elementor-element-populated\">\n\t\t\t\t\t\t<div class=\"elementor-element elementor-element-fd24ae6 elementor-widget elementor-widget-image-carousel\" data-id=\"fd24ae6\" data-element_type=\"widget\" data-settings=\"{&quot;slides_to_show&quot;:&quot;1&quot;,&quot;navigation&quot;:&quot;none&quot;,&quot;pause_on_hover&quot;:&quot;no&quot;,&quot;pause_on_interaction&quot;:&quot;no&quot;,&quot;effect&quot;:&quot;fade&quot;,&quot;autoplay&quot;:&quot;yes&quot;,&quot;autoplay_speed&quot;:5000,&quot;infinite&quot;:&quot;yes&quot;,&quot;speed&quot;:500}\" data-widget_type=\"image-carousel.default\">\n\t\t\t\t<div class=\"elementor-widget-container\">\n\t\t\t\t\t\t\t<div class=\"elementor-image-carousel-wrapper swiper\" role=\"region\" aria-roledescription=\"carousel\" aria-label=\"Image Carousel\" dir=\"ltr\">\n\t\t\t<div class=\"elementor-image-carousel swiper-wrapper\" aria-live=\"off\">\n\t\t\t\t\t\t\t\t<div class=\"swiper-slide\" role=\"group\" aria-roledescription=\"slide\" aria-label=\"1 of 1\"><figure class=\"swiper-slide-inner\"><img decoding=\"async\" class=\"swiper-slide-image\" src=\"https:\/\/recode.law\/wp-content\/uploads\/elementor\/thumbs\/IMG_8178-scaled-qrvusvufqq9sb6s51xtas8k5ylib8id49ie3q1p8nk.jpg\" alt=\"Theatinerkirche f\u00fcr M\u00fcnchen\" \/><\/figure><\/div>\t\t\t<\/div>\n\t\t\t\t\t<\/div>\n\t\t\t\t\t\t<\/div>\n\t\t\t\t<\/div>\n\t\t\t\t\t<\/div>\n\t\t<\/div>\n\t\t\t\t\t<\/div>\n\t\t<\/section>\n\t\t\t\t<section class=\"elementor-section elementor-top-section elementor-element elementor-element-14fd899 elementor-section-boxed elementor-section-height-default elementor-section-height-default\" data-id=\"14fd899\" data-element_type=\"section\">\n\t\t\t\t\t\t<div class=\"elementor-container elementor-column-gap-default\">\n\t\t\t\t\t<div class=\"elementor-column elementor-col-100 elementor-top-column elementor-element elementor-element-274bfa2\" data-id=\"274bfa2\" data-element_type=\"column\">\n\t\t\t<div class=\"elementor-widget-wrap elementor-element-populated\">\n\t\t\t\t\t\t<div class=\"elementor-element elementor-element-3398ec0 elementor-widget elementor-widget-text-editor\" data-id=\"3398ec0\" data-element_type=\"widget\" data-widget_type=\"text-editor.default\">\n\t\t\t\t<div class=\"elementor-widget-container\">\n\t\t\t\t\t\t\t\t\t<h2 class=\"elementor-heading-title elementor-size-default elementor-inline-editing pen\" style=\"color: #0f1f26; letter-spacing: normal; text-align: center;\" data-elementor-setting-key=\"title\" data-pen-placeholder=\"Eingabe hier...\"><span style=\"font-family: var( --e-global-typography-primary-font-family ), Sans-serif; font-size: var( --e-global-typography-primary-font-size ); font-style: var( --e-global-typography-primary-font-style ); font-weight: var( --e-global-typography-primary-font-weight ); letter-spacing: var( --e-global-typography-primary-letter-spacing ); text-transform: var( --e-global-typography-primary-text-transform ); background-color: var( --e-global-color-a270cf2 );\">In the <\/span><span style=\"font-size: var( --e-global-typography-primary-font-size ); letter-spacing: var( --e-global-typography-primary-letter-spacing ); text-transform: var( --e-global-typography-primary-text-transform ); background-color: var( --e-global-color-a270cf2 ); font-family: 'IBM Plex serif'; font-weight: bold; color: #fd402b;\"><i>heart <\/i><\/span><span style=\"font-family: var( --e-global-typography-primary-font-family ), Sans-serif; font-size: var( --e-global-typography-primary-font-size ); font-style: var( --e-global-typography-primary-font-style ); font-weight: var( --e-global-typography-primary-font-weight ); letter-spacing: var( --e-global-typography-primary-letter-spacing ); text-transform: var( --e-global-typography-primary-text-transform ); background-color: var( --e-global-color-a270cf2 );\">of bavaria<\/span><\/h2>\t\t\t\t\t\t\t\t<\/div>\n\t\t\t\t<\/div>\n\t\t\t\t<div class=\"elementor-element elementor-element-9f6e691 elementor-widget elementor-widget-text-editor\" data-id=\"9f6e691\" data-element_type=\"widget\" data-widget_type=\"text-editor.default\">\n\t\t\t\t<div class=\"elementor-widget-container\">\n\t\t\t\t\t\t\t\t\t<p>Since 2023 <a href=\"http:\/\/recode.law\/en\/\">recode.law<\/a> now also represented in the state capital of Bavaria. Munich - known for its economic strength, innovative power and cultural diversity. As an important business location and center for technology and innovation, Munich not only brings together a large number of renowned law firms, but also numerous start-ups and companies that are shaping the digital future. This close interweaving of business, law and innovation makes Munich the ideal location for recode.law.<\/p><p>Our members in Munich, consisting of students, young professionals, doctoral candidates and founders, work together on the digitalization of law. Through regular events, get-togethers and workshops, we promote exchange and further training in LegalTech &amp; LegalAI. Networking and socializing are not neglected either - usually during an evening in the beer garden with beer and pretzels.<\/p><p>The proximity to the top universities Ludwig-Maximilians-Universit\u00e4t and Technische Universit\u00e4t M\u00fcnchen enriches our work through scientific findings and cooperation.<\/p><p>Tradition and modernity merge in Munich. This special environment helps us to develop and implement innovative projects. Our local activities reflect the vibrant spirit of the city and offer all members of recode.law a platform to develop their ideas and skills and shape the future of law together.<\/p>\t\t\t\t\t\t\t\t<\/div>\n\t\t\t\t<\/div>\n\t\t\t\t\t<\/div>\n\t\t<\/div>\n\t\t\t\t\t<\/div>\n\t\t<\/section>\n\t\t\t\t<section class=\"elementor-section elementor-top-section elementor-element elementor-element-4e817c6 elementor-section-stretched elementor-section-boxed elementor-section-height-default elementor-section-height-default\" data-id=\"4e817c6\" data-element_type=\"section\" data-settings=\"{&quot;stretch_section&quot;:&quot;section-stretched&quot;}\">\n\t\t\t\t\t\t<div class=\"elementor-container elementor-column-gap-default\">\n\t\t\t\t\t<div class=\"elementor-column elementor-col-50 elementor-top-column elementor-element elementor-element-b07eba2\" data-id=\"b07eba2\" data-element_type=\"column\">\n\t\t\t<div class=\"elementor-widget-wrap elementor-element-populated\">\n\t\t\t\t\t\t<div class=\"elementor-element elementor-element-29d28da elementor-widget elementor-widget-heading\" data-id=\"29d28da\" data-element_type=\"widget\" data-widget_type=\"heading.default\">\n\t\t\t\t<div class=\"elementor-widget-container\">\n\t\t\t\t\t<h2 class=\"elementor-heading-title elementor-size-default\">In&nbsp;<span style=\"font-family: 'IBM Plex serif';font-weight: bold;color:#FD402B\"><i>M\u00fcnchen<\/i><\/span> there are<\/h2>\t\t\t\t<\/div>\n\t\t\t\t<\/div>\n\t\t\t\t<div class=\"elementor-element elementor-element-6be149e elementor-widget elementor-widget-text-editor\" data-id=\"6be149e\" data-element_type=\"widget\" data-widget_type=\"text-editor.default\">\n\t\t\t\t<div class=\"elementor-widget-container\">\n\t\t\t\t\t\t\t\t\t<p>...over 60 beer gardens and we are about to try them all.<\/p>\t\t\t\t\t\t\t\t<\/div>\n\t\t\t\t<\/div>\n\t\t\t\t\t<\/div>\n\t\t<\/div>\n\t\t\t\t<div class=\"elementor-column elementor-col-50 elementor-top-column elementor-element elementor-element-4521d80\" data-id=\"4521d80\" data-element_type=\"column\">\n\t\t\t<div class=\"elementor-widget-wrap elementor-element-populated\">\n\t\t\t\t\t\t<div class=\"elementor-element elementor-element-6d31548 elementor-widget elementor-widget-image-carousel\" data-id=\"6d31548\" data-element_type=\"widget\" data-settings=\"{&quot;slides_to_show&quot;:&quot;1&quot;,&quot;navigation&quot;:&quot;none&quot;,&quot;pause_on_hover&quot;:&quot;no&quot;,&quot;pause_on_interaction&quot;:&quot;no&quot;,&quot;effect&quot;:&quot;fade&quot;,&quot;autoplay&quot;:&quot;yes&quot;,&quot;autoplay_speed&quot;:5000,&quot;infinite&quot;:&quot;yes&quot;,&quot;speed&quot;:500}\" data-widget_type=\"image-carousel.default\">\n\t\t\t\t<div class=\"elementor-widget-container\">\n\t\t\t\t\t\t\t<div class=\"elementor-image-carousel-wrapper swiper\" role=\"region\" aria-roledescription=\"carousel\" aria-label=\"Image Carousel\" dir=\"ltr\">\n\t\t\t<div class=\"elementor-image-carousel swiper-wrapper\" aria-live=\"off\">\n\t\t\t\t\t\t\t\t<div class=\"swiper-slide\" role=\"group\" aria-roledescription=\"slide\" aria-label=\"1 of 1\"><figure class=\"swiper-slide-inner\"><img decoding=\"async\" class=\"swiper-slide-image\" src=\"https:\/\/recode.law\/wp-content\/uploads\/elementor\/thumbs\/IMG_2873-scaled-qrvuz2m6qgq6a6g9l1ff62ied2k3mvybinicfnzync.jpg\" alt=\"IMG_2873\" \/><\/figure><\/div>\t\t\t<\/div>\n\t\t\t\t\t<\/div>\n\t\t\t\t\t\t<\/div>\n\t\t\t\t<\/div>\n\t\t\t\t\t<\/div>\n\t\t<\/div>\n\t\t\t\t\t<\/div>\n\t\t<\/section>\n\t\t\t\t<section class=\"elementor-section elementor-top-section elementor-element elementor-element-7716d6f elementor-hidden-desktop elementor-hidden-tablet elementor-hidden-mobile elementor-section-boxed elementor-section-height-default elementor-section-height-default\" data-id=\"7716d6f\" data-element_type=\"section\">\n\t\t\t\t\t\t<div class=\"elementor-container elementor-column-gap-default\">\n\t\t\t\t\t<div class=\"elementor-column elementor-col-100 elementor-top-column elementor-element elementor-element-d078234\" data-id=\"d078234\" data-element_type=\"column\">\n\t\t\t<div class=\"elementor-widget-wrap elementor-element-populated\">\n\t\t\t\t\t\t<div class=\"elementor-element elementor-element-f28d20a elementor-widget elementor-widget-heading\" data-id=\"f28d20a\" data-element_type=\"widget\" data-widget_type=\"heading.default\">\n\t\t\t\t<div class=\"elementor-widget-container\">\n\t\t\t\t\t<h2 class=\"elementor-heading-title elementor-size-default\">These are our <span style=\"font-family: 'IBM Plex serif';font-weight: bold;color:#FD402B\"><i>unsere M\u00fcnchner:innen<\/i><\/span><\/h2>\t\t\t\t<\/div>\n\t\t\t\t<\/div>\n\t\t\t\t\t<\/div>\n\t\t<\/div>\n\t\t\t\t\t<\/div>\n\t\t<\/section>\n\t\t\t\t<section class=\"elementor-section elementor-top-section elementor-element elementor-element-19b7773 elementor-section-boxed elementor-section-height-default elementor-section-height-default\" data-id=\"19b7773\" data-element_type=\"section\">\n\t\t\t\t\t\t<div class=\"elementor-container elementor-column-gap-default\">\n\t\t\t\t\t<div class=\"elementor-column elementor-col-50 elementor-top-column elementor-element elementor-element-444dc03\" data-id=\"444dc03\" data-element_type=\"column\">\n\t\t\t<div class=\"elementor-widget-wrap elementor-element-populated\">\n\t\t\t\t\t\t<div class=\"elementor-element elementor-element-7387878 elementor-widget elementor-widget-image\" data-id=\"7387878\" data-element_type=\"widget\" data-widget_type=\"image.default\">\n\t\t\t\t<div class=\"elementor-widget-container\">\n\t\t\t\t\t\t\t\t\t\t\t\t\t\t\t<img fetchpriority=\"high\" decoding=\"async\" width=\"300\" height=\"300\" src=\"https:\/\/recode.law\/wp-content\/uploads\/2024\/06\/IMG_0643-removebg-preview-1-300x300.png\" class=\"attachment-medium size-medium wp-image-6818\" alt=\"\" srcset=\"https:\/\/recode.law\/wp-content\/uploads\/2024\/06\/IMG_0643-removebg-preview-1-300x300.png 300w, https:\/\/recode.law\/wp-content\/uploads\/2024\/06\/IMG_0643-removebg-preview-1-150x150.png 150w, https:\/\/recode.law\/wp-content\/uploads\/2024\/06\/IMG_0643-removebg-preview-1-12x12.png 12w, https:\/\/recode.law\/wp-content\/uploads\/2024\/06\/IMG_0643-removebg-preview-1.png 500w\" sizes=\"(max-width: 300px) 100vw, 300px\" \/>\t\t\t\t\t\t\t\t\t\t\t\t\t\t\t<\/div>\n\t\t\t\t<\/div>\n\t\t\t\t<div class=\"elementor-element elementor-element-7baaec9 elementor-widget elementor-widget-heading\" data-id=\"7baaec9\" data-element_type=\"widget\" data-widget_type=\"heading.default\">\n\t\t\t\t<div class=\"elementor-widget-container\">\n\t\t\t\t\t<h2 class=\"elementor-heading-title elementor-size-default\"><a href=\"https:\/\/recode.law\/en\/author\/jeremias-forssman\/\">Jeremias Forssman<\/a><\/h2>\t\t\t\t<\/div>\n\t\t\t\t<\/div>\n\t\t\t\t<div class=\"elementor-element elementor-element-8ea9830 elementor-widget elementor-widget-text-editor\" data-id=\"8ea9830\" data-element_type=\"widget\" data-widget_type=\"text-editor.default\">\n\t\t\t\t<div class=\"elementor-widget-container\">\n\t\t\t\t\t\t\t\t\t<p>M\u00fcnchen, als Herz Bayerns und Zentrum f\u00fcr Recht und Technologie, bietet ein ideales Umfeld f\u00fcr recode.law. Die N\u00e4he zu erstklassigen Universit\u00e4ten wie LMU und TUM sowie Kooperationen mit f\u00fchrenden Kanzleien f\u00f6rdern unsere Projekte enorm.<\/p><p>Die bayerische Gem\u00fctlichkeit gepaart mit der Dynamik unserer engagierten Mitglieder, die die Digitalisierung im Rechtswesen vorantreiben, macht M\u00fcnchen zum perfekten Standort f\u00fcr recode.law. Hier trifft Tradition auf Innovation, und genau diese Mischung inspiriert uns t\u00e4glich.<\/p>\t\t\t\t\t\t\t\t<\/div>\n\t\t\t\t<\/div>\n\t\t\t\t\t<\/div>\n\t\t<\/div>\n\t\t\t\t<div class=\"elementor-column elementor-col-50 elementor-top-column elementor-element elementor-element-73bce90\" data-id=\"73bce90\" data-element_type=\"column\">\n\t\t\t<div class=\"elementor-widget-wrap elementor-element-populated\">\n\t\t\t\t\t\t<div class=\"elementor-element elementor-element-f63b7c1 elementor-widget elementor-widget-image\" data-id=\"f63b7c1\" data-element_type=\"widget\" data-widget_type=\"image.default\">\n\t\t\t\t<div class=\"elementor-widget-container\">\n\t\t\t\t\t\t\t\t\t\t\t\t\t\t\t<img decoding=\"async\" width=\"300\" height=\"300\" src=\"https:\/\/recode.law\/wp-content\/uploads\/2024\/08\/removal.ai_e8a17583-f312-4d7d-a574-9632d0173a2f-foto-300x300.png\" class=\"attachment-medium size-medium wp-image-7122\" alt=\"\" srcset=\"https:\/\/recode.law\/wp-content\/uploads\/2024\/08\/removal.ai_e8a17583-f312-4d7d-a574-9632d0173a2f-foto-300x300.png 300w, https:\/\/recode.law\/wp-content\/uploads\/2024\/08\/removal.ai_e8a17583-f312-4d7d-a574-9632d0173a2f-foto-150x150.png 150w, https:\/\/recode.law\/wp-content\/uploads\/2024\/08\/removal.ai_e8a17583-f312-4d7d-a574-9632d0173a2f-foto-12x12.png 12w, https:\/\/recode.law\/wp-content\/uploads\/2024\/08\/removal.ai_e8a17583-f312-4d7d-a574-9632d0173a2f-foto.png 600w\" sizes=\"(max-width: 300px) 100vw, 300px\" \/>\t\t\t\t\t\t\t\t\t\t\t\t\t\t\t<\/div>\n\t\t\t\t<\/div>\n\t\t\t\t<div class=\"elementor-element elementor-element-42a7158 elementor-widget elementor-widget-heading\" data-id=\"42a7158\" data-element_type=\"widget\" data-widget_type=\"heading.default\">\n\t\t\t\t<div class=\"elementor-widget-container\">\n\t\t\t\t\t<h2 class=\"elementor-heading-title elementor-size-default\"><a href=\"https:\/\/recode.law\/en\/author\/gelser\/\">Veronika Gelser<\/a><\/h2>\t\t\t\t<\/div>\n\t\t\t\t<\/div>\n\t\t\t\t<div class=\"elementor-element elementor-element-af24ca3 elementor-widget elementor-widget-text-editor\" data-id=\"af24ca3\" data-element_type=\"widget\" data-widget_type=\"text-editor.default\">\n\t\t\t\t<div class=\"elementor-widget-container\">\n\t\t\t\t\t\t\t\t\t<div class=\"c-message_kit__blocks c-message_kit__blocks--rich_text\"><div class=\"c-message__message_blocks c-message__message_blocks--rich_text\" data-qa=\"message-text\"><div class=\"p-block_kit_renderer\" data-qa=\"block-kit-renderer\"><div class=\"p-block_kit_renderer__block_wrapper p-block_kit_renderer__block_wrapper--first\"><div class=\"p-rich_text_block\" dir=\"auto\"><div class=\"p-rich_text_section\">Dadurch, dass M\u00fcnchen eine Stadt voller Kanzleien, f\u00fchrender K\u00f6pfe der Legal Tech Branche und gleichzeitig auch ein Zentrum f\u00fcr Innovation und Technologie ist, macht recode.law in M\u00fcnchen besonders viel Spa\u00df. Nicht nur die N\u00e4he zu Top-Universit\u00e4ten wie der LMU oder der TUM, sondern auch enge Kooperationen mit renommierten Kanzleien f\u00f6rdern unsere Projekte in M\u00fcnchen. Durch den Mix von bayerischer Gem\u00fctlichkeit und engagierten Mitgliedern, die die Digitalisierung in der Branche vorantreiben wollen, ist M\u00fcnchen das perfekte Zuhause f\u00fcr einen Recoder!<\/div><\/div><\/div><\/div><\/div><\/div>\t\t\t\t\t\t\t\t<\/div>\n\t\t\t\t<\/div>\n\t\t\t\t\t<\/div>\n\t\t<\/div>\n\t\t\t\t\t<\/div>\n\t\t<\/section>\n\t\t\t\t<section class=\"elementor-section elementor-top-section elementor-element elementor-element-03dc2bc elementor-section-boxed elementor-section-height-default elementor-section-height-default\" data-id=\"03dc2bc\" data-element_type=\"section\">\n\t\t\t\t\t\t<div class=\"elementor-container elementor-column-gap-default\">\n\t\t\t\t\t<div class=\"elementor-column elementor-col-100 elementor-top-column elementor-element elementor-element-72bcc27\" data-id=\"72bcc27\" data-element_type=\"column\">\n\t\t\t<div class=\"elementor-widget-wrap\">\n\t\t\t\t\t\t\t<\/div>\n\t\t<\/div>\n\t\t\t\t\t<\/div>\n\t\t<\/section>\n\t\t\t\t<section class=\"elementor-section elementor-top-section elementor-element elementor-element-ffb8e08 elementor-section-boxed elementor-section-height-default elementor-section-height-default\" data-id=\"ffb8e08\" data-element_type=\"section\">\n\t\t\t\t\t\t<div class=\"elementor-container elementor-column-gap-default\">\n\t\t\t\t\t<div class=\"elementor-column elementor-col-100 elementor-top-column elementor-element elementor-element-8330bc5\" data-id=\"8330bc5\" data-element_type=\"column\">\n\t\t\t<div class=\"elementor-widget-wrap elementor-element-populated\">\n\t\t\t\t\t\t<div class=\"elementor-element elementor-element-a7bc564 elementor-align-center elementor-widget elementor-widget-button\" data-id=\"a7bc564\" data-element_type=\"widget\" data-widget_type=\"button.default\">\n\t\t\t\t<div class=\"elementor-widget-container\">\n\t\t\t\t\t\t\t\t\t<div class=\"elementor-button-wrapper\">\n\t\t\t\t\t<a class=\"elementor-button elementor-button-link elementor-size-xs\" href=\"https:\/\/recode.law\/en\/standorte\/\">\n\t\t\t\t\t\t<span class=\"elementor-button-content-wrapper\">\n\t\t\t\t\t\t\t\t\t<span class=\"elementor-button-text\">Back to all locations<\/span>\n\t\t\t\t\t<\/span>\n\t\t\t\t\t<\/a>\n\t\t\t\t<\/div>\n\t\t\t\t\t\t\t\t<\/div>\n\t\t\t\t<\/div>\n\t\t\t\t\t<\/div>\n\t\t<\/div>\n\t\t\t\t\t<\/div>\n\t\t<\/section>\n\t\t\t\t<\/div>","protected":false},"excerpt":{"rendered":"<p>Wir in&nbsp;M\u00fcnchen Seit Dezember 2023 hat\u00a0recode.law einen zweiten Standort im S\u00fcden Deutschlands. Im Herzen Bayerns Seit 2023 ist recode.law nun auch in der Landeshauptstadt Bayerns vertreten. M\u00fcnchen &#8211; bekannt f\u00fcr seine wirtschaftliche St\u00e4rke, Innovationskraft und kulturelle Vielfalt. Als bedeutender Wirtschaftsstandort und Zentrum f\u00fcr Technologie und Innovation versammelt M\u00fcnchen nicht nur eine Vielzahl renommierter Kanzleien, sondern [&hellip;]<\/p>","protected":false},"author":117,"featured_media":0,"parent":0,"menu_order":0,"comment_status":"closed","ping_status":"closed","template":"","meta":{"_acf_changed":false,"_lmt_disableupdate":"no","_lmt_disable":"","footnotes":""},"class_list":["post-6970","page","type-page","status-publish","hentry"],"acf":[],"_links":{"self":[{"href":"https:\/\/recode.law\/en\/wp-json\/wp\/v2\/pages\/6970","targetHints":{"allow":["GET"]}}],"collection":[{"href":"https:\/\/recode.law\/en\/wp-json\/wp\/v2\/pages"}],"about":[{"href":"https:\/\/recode.law\/en\/wp-json\/wp\/v2\/types\/page"}],"author":[{"embeddable":true,"href":"https:\/\/recode.law\/en\/wp-json\/wp\/v2\/users\/117"}],"replies":[{"embeddable":true,"href":"https:\/\/recode.law\/en\/wp-json\/wp\/v2\/comments?post=6970"}],"version-history":[{"count":65,"href":"https:\/\/recode.law\/en\/wp-json\/wp\/v2\/pages\/6970\/revisions"}],"predecessor-version":[{"id":7161,"href":"https:\/\/recode.law\/en\/wp-json\/wp\/v2\/pages\/6970\/revisions\/7161"}],"wp:attachment":[{"href":"https:\/\/recode.law\/en\/wp-json\/wp\/v2\/media?parent=6970"}],"curies":[{"name":"wp","href":"https:\/\/api.w.org\/{rel}","templated":true}]}}