{"id":8934,"date":"2026-01-19T09:46:31","date_gmt":"2026-01-19T08:46:31","guid":{"rendered":"https:\/\/recode.law\/?page_id=8934"},"modified":"2026-01-19T10:08:42","modified_gmt":"2026-01-19T09:08:42","slug":"llm-vergleich","status":"publish","type":"page","link":"https:\/\/recode.law\/en\/llm-vergleich\/","title":{"rendered":"LLM Vergleich"},"content":{"rendered":"<div data-elementor-type=\"wp-page\" data-elementor-id=\"8934\" class=\"elementor elementor-8934\" data-elementor-post-type=\"page\">\n\t\t\t\t\t\t<section class=\"elementor-section elementor-top-section elementor-element elementor-element-87a52cf elementor-section-boxed elementor-section-height-default elementor-section-height-default\" data-id=\"87a52cf\" data-element_type=\"section\">\n\t\t\t\t\t\t<div class=\"elementor-container elementor-column-gap-default\">\n\t\t\t\t\t<div class=\"elementor-column elementor-col-100 elementor-top-column elementor-element elementor-element-27fb0a6\" data-id=\"27fb0a6\" data-element_type=\"column\">\n\t\t\t<div class=\"elementor-widget-wrap elementor-element-populated\">\n\t\t\t\t\t\t<div class=\"elementor-element elementor-element-fbed9cd elementor-widget elementor-widget-html\" data-id=\"fbed9cd\" data-element_type=\"widget\" data-widget_type=\"html.default\">\n\t\t\t\t<div class=\"elementor-widget-container\">\n\t\t\t\t\t<style>\n    body { font-family: system-ui, -apple-system, Segoe UI, Roboto, Arial, sans-serif; margin: 16px; }\n    .wrap { overflow-x: auto; }\n    table { border-collapse: separate; width: max-content; min-width: 1100px; }\n    caption { text-align: left; font-weight: 600; margin-bottom: 8px; }\n    th, td { border: 1px solid #ddd; padding: 8px 10px; text-align: left; vertical-align: top; }\n    thead th { background: #f6f6f6; position: sticky; top: 0; z-index: 5; }\n    tbody tr:nth-child(even) td { background: #fafafa; }\n    .crit { white-space: nowrap; font-weight: 600; position: sticky; left: 0; background: #fff; z-index: 6; }\n    \n    \/* Elementor Tabellendesign hat transparenz, das geht mit dem scrollen der Zeilen nicht, also muss es manuell gel\u00f6st werden *\/\n    table tbody>tr:nth-child(odd)>td, table tbody>tr:nth-child(odd)>th {\n        background-color: hsla(0, 0%, 80%, 1);\n    }\n    table tbody tr:hover>td, table tbody tr:hover>th {\n        background-color: hsla(0, 0%, 90%, 1);\n    }\n  <\/style>\n\n<caption>Vergleich LL.M.\/Master (IT-Recht & Legal Tech) \u2013 Stand: 12\/2025<\/caption>\n\n<div class=\"wrap\">\n  \n  <table>\n    \n    <thead>\n      <tr>\n        <th class=\"crit\">Kriterium<\/th>\n        <th>LU Hannover \u2013 IT-\/IP-Recht (EULISP)<\/th>\n        <th>Uni des Saarlandes \u2013 LL.M. IT & Recht<\/th>\n        <th>Uni Passau \u2013 LL.M. Rechtsinformatik<\/th>\n        <th>Uni Oldenburg \u2013 LL.M. Informationsrecht<\/th>\n        <th>FAU Erlangen-N\u00fcrnberg \u2013 LL.M. Recht & Informatik<\/th>\n        <th>HS Wismar \u2013 Master Legal Tech (online)<\/th>\n      \n        <th>LL.M. im Europ\u00e4ischen und Transnationalen IP- und IT-Recht, Georg-August-Universit\u00e4t G\u00f6ttingen<\/th>\n        <th>LL.M. Digitalization &amp; Law, Julius-Maximilians-Universit\u00e4t W\u00fcrzburg<\/th>\n        <th>Masterstudiengang Medienrecht (LL.M.), Johannes Gutenberg Universit\u00e4t Mainz<\/th>\n        <th>LL.M. Legal Tech, Universit\u00e4t Regensburg<\/th>\n        <th>Forschungsmaster Compliance, IT und Datenschutz, LL.M, Hochschule Hof<\/th>\n        <th>Internationales Lizenzrecht, Hochschule Darmstadt<\/th>\n        <th>Medienrecht und Medienwirtschaft, Hochschule K\u00f6ln<\/th>\n        <th>LL.M International Studies in Intellectual Property Law and Data Law, Dresden University of Technology<\/th><\/tr>\n    <\/thead>\n    <tbody>\n<tr>\n        <th class=\"crit\">Schwerpunkte<\/th><td>IT-Recht; Datenrecht; Datenschutzrecht; Medien- und TK-Recht; IP\/Urheberrecht; IT-Strafrecht<\/td><td>IT-Recht; Datenrecht; Datenschutzrecht; IT-Sicherheitsrecht; Medien- und TK-Recht; IP\/Urheberrecht; IT-Kenntnisse; Legal Tech; IT-Strafrecht<\/td><td>IT-Recht; Datenrecht; Datenschutzrecht; IT-Sicherheitsrecht; Medien- und TK-Recht; IP\/Urheberrecht; IT-Kenntnisse; Legal Tech<\/td><td>IT-Recht; Datenschutzrecht; Medien- und TK-Recht; IP\/Urheberrecht<\/td><td>IT-Recht; Datenrecht; Datenschutzrecht; IP\/Urheberrecht; IT-Kenntnisse; Legal Tech<\/td><td>IT-Recht; Datenrecht; Datenschutzrecht; IP\/Urheberrecht; IT-Strafrecht; IT-Kenntnisse; Legal Tech<\/td><td>Compliance, Datenschutzrecht, Datenrecht, IT Recht<\/td><td>IP\/Urheberrecht, Datenrecht, IT-Recht<\/td><td>Compliance, Datenschutzrecht, Datenrecht, IT Recht<\/td><td>Compliance, Datenschutzrecht, Datenrecht, IT Recht<\/td><td>Compliance, Datenschutzrecht, Datenrecht, IT Recht<\/td><td>IT-Recht, Datenschutzrecht, Urheberrecht<\/td><td>Medien- &amp; TK-Recht, IT-Recht, Datenrecht, Datenschutzrecht<\/td><td>IP\/Urheberrecht, Datenrecht, IT-Recht<\/td><\/tr>\n<tr>\n        <th class=\"crit\">Beginn<\/th><td>Wintersemester (Start meist Anfang September)<\/td><td>Wintersemester (immer)<\/td><td>Sommer- &amp; Wintersemester<\/td><td>Sommer- &amp; Wintersemester<\/td><td>Wintersemester<\/td><td>Wintersemester<\/td><td>WS<\/td><td>WS<\/td><td>WS (ggf. SS mgl.)<\/td><td>WS<\/td><td>WiSe + SoSe<\/td><td>WS<\/td><td>WS<\/td><td>WiSe, SoSe<\/td><\/tr>\n<tr>\n        <th class=\"crit\">Dauer<\/th><td>2 Semester<\/td><td>2 Semester (VZ) \/ flexibel (TZ)<\/td><td>2 Semester (VZ) \/ 4 Semester (TZ)<\/td><td>4 Semester (berufsbegleitend)<\/td><td>2 Semester (VZ)<\/td><td>4 Semester (berufsbegleitend)<\/td><td>2 Sem. (VZ)\/ TZ mgl.<\/td><td>3 Sem. (VZ)<\/td><td>3 Sem. (VZ)<\/td><td>2 Sem.<\/td><td>4 Semester (inkl. Masterarbeit) - TZ<\/td><td>4 Sem. (VZ)<\/td><td>4 Sem. (VZ)<\/td><td>2 Sem. (VZ)<\/td><\/tr>\n<tr>\n        <th class=\"crit\">Umfang (ECTS)<\/th><td>60 ECTS<\/td><td>60 ECTS<\/td><td>60 ECTS (45 Module + 15 Thesis)<\/td><td>90 ECTS<\/td><td>60 ECTS<\/td><td>90 ECTS<\/td><td>60 ECTS<\/td><td>90 ECTS<\/td><td>60 ECTS (45 Module + 15 Masterarbeit)<\/td><td>60 ECTS (44 Modul + 16 Masterarbeit)<\/td><td>20 ECTS<\/td><td>120 ECTS<\/td><td>120 ECTS (96 ECTS davon = Module)<\/td><td>60 ECTS<\/td><\/tr>\n<tr>\n        <th class=\"crit\">Kosten<\/th><td>Semesterbeitrag; 2. Sem.: Geb\u00fchren der Partneruni<\/td><td>4.950 \u20ac (2 Sem. VZ) + Semesterbeitrag; ab 3. Sem. +600 \u20ac\/Sem. (TZ)<\/td><td>Geb\u00fchrenfrei (Semesterbeitrag)<\/td><td>1.500 \u20ac pro Modul + Uni-Beitrag<\/td><td>Geb\u00fchrenfrei (Semesterbeitrag)<\/td><td>2.950 \u20ac pro Semester (Endpreis)<\/td><td>12.600 \u20ac zzgl. Studentenwerksbeitrag<\/td><td>5.600 \u20ac (davon 300\u20ac Semestergeb\u00fchren pro Semester), abweichend bei Studium an Partneruniversit\u00e4t; Stipendien m\u00f6glich<\/td><td>12.600 \u20ac zzgl. Studentenwerksbeitrag<\/td><td>12.600 \u20ac zzgl. Studentenwerksbeitrag<\/td><td>12.600 \u20ac zzgl. Studentenwerksbeitrag<\/td><td>keine Angabe<\/td><td>nur der regul\u00e4re Semesterbeitrag<\/td><td>5.600 \u20ac (davon 300\u20ac Semestergeb\u00fchren pro Semester), abweichend bei Studium an Partneruniversit\u00e4t; Stipendien m\u00f6glich<\/td><\/tr>\n<tr>\n        <th class=\"crit\">Voraussetzungen<\/th><td>Juristisches Erststudium (z. B. 1. Examen\/LL.B. o. \u00e4.)<\/td><td>Jurist:innen (1.\/2. Examen) oder anderes Studium (ggf. Auflagen); IT-Grundlagen f\u00fcr Jurist:innen m\u00f6glich<\/td><td>Juristisches Studium (Staatsexamen oder Bachelor)<\/td><td>Hochschulabschluss + mind. 1 Jahr Berufserfahrung<\/td><td>EJP (staatl. Teil) + JUP je \u2265 6,5 oder \u00e4quivalent; Eignungsverfahren<\/td><td>Hochschulabschluss (Wirtschaftsrecht\/verw.) + mind. 1 Jahr Praxis; bei 180 ECTS Zusatznachweise<\/td><td>Bachelor + 1 Jahr Berufserfahrung<\/td><td>Jurist:innen (1.\/2. Examen), auch Absolvent:innen andere Studienf\u00e4cher m\u00f6glich (falls jur. Grundkenntnisse<\/td><td>mind. EJS oder gleichwertige berufsqualifizierende Abschlusspr\u00fcfung eines\nrechtswissenschaftlichen Studiengangs mit einer mindestens vierj\u00e4hrigen Regelstudienzeit und mindestens ein halbes Jahr Berufserfahrung auf juristischem Gebiet\/ im Medienbereich\/\nAufnahme des juristischen Vorbereitungsdienstes<\/td><td>1. Erfolgreich abgeschlossenes Hochschulstudium: 1.\/2. Staatsexamen mit einer Punktzahl von mindestens 5,5 oder erste Juristische Pr\u00fcfung mit einer Punktzahl von mindestens 5,5 (in der Gesamtnote von Staats- und Universit\u00e4tspr\u00fcfung) oder gleichwertiger Abschluss mit mindestens acht Semestern Regelstudienzeit (\u00fcber die Gleichwertigkeit entscheidet der Pr\u00fcfungsausschuss)\n2. Mindestens einj\u00e4hrige qualifizierte berufspraktische Erfahrung\n3. Nachweis der studiengangsspezifischen Eignung in einem Eignungsverfahren<\/td><td>1. Erfolgreich abgeschlossenes Studium im Bereich Wirtschaftsrecht, Rechtswissenschaften oder einer vergleichbaren juristischen Fachrichtung (mindestens 210 ECTS; bei 180 ECTS ist eine Nachqualifikation notwendig), eine Pr\u00fcfungsgesamtnote von 2,5 oder besser 2. der Nachweis von mindestens einem Jahr einschl\u00e4giger Berufserfahrung -&gt; Alternativ kann das Studium \u00fcber einen Zertifikatslehrgang begonnen oder die Berufserfahrung nachgeholt werden<\/td><td>erstes juristisches Staatsexamen mit einer Gesamtnote von 6,5 oder besser; Diplom- oder Bachelorabschluss mit einer Gesamtnote von 2,6 oder besser; Einzelfallpr\u00fcfung m\u00f6glich ab Examensgesamtnote von 5 oder Diplom- bzw. Bachelornote von 3,0<\/td><td>erstes juristisches Staatsexamen oder rechtswissenschaftliches oder \u00e4hnliches Studium mit Mindestnote 2,5; Ein Studiengang gilt als einschl\u00e4gig, wenn er durch Module mindestens 60 ECTS-Punkte an rechtswissenschaftlichen Kenntnissen vermittelt. In begr\u00fcndeten Einzelf\u00e4llen kann auch von der Mindestnote abgewichen werden, insbesondere wenn der Erstabschluss eine h\u00f6here Wertigkeit aufweist.<\/td><td>abgeschlossenes Hochschulstudium, nicht notwendigerweise Rechtswissenschaften, aber grundlegende Rechtskenntnisse notwendig; ein Jahr einschl\u00e4gige Berufserfahrung; English C1 (TOEFL or IELTS)<\/td><\/tr>\n<tr>\n        <th class=\"crit\">Format<\/th><td>Pr\u00e4senz (1. Sem.) + Pflicht-Auslandssem. (2. Sem.)<\/td><td>Hybrid\/online-freundlich (viele Aufzeichnungen)<\/td><td>Voll online m\u00f6glich (Zoom); keine Anwesenheitspflicht<\/td><td>Prim\u00e4r online, punktuell vor Ort<\/td><td>Pr\u00e4senz<\/td><td>100 % online (berufsbegleitend)<\/td><td>eine Pr\u00e4senzveranstaltung in W\u00fcrzburg am Anfang des Semesters, ansonsten online<\/td><td>Pr\u00e4senz<\/td><td>eine Pr\u00e4senzveranstaltung in W\u00fcrzburg am Anfang des Semesters, ansonsten online<\/td><td>eine Pr\u00e4senzveranstaltung in W\u00fcrzburg am Anfang des Semesters, ansonsten online<\/td><td>eine Pr\u00e4senzveranstaltung in W\u00fcrzburg am Anfang des Semesters, ansonsten online<\/td><td>Pr\u00e4senz<\/td><td>Pr\u00e4senz mit zus\u00e4tzlichen Online-Lernangeboten<\/td><td>Pr\u00e4senz<\/td><\/tr>\n<tr>\n        <th class=\"crit\">Unterrichtssprache<\/th><td>Deutsch &amp; Englisch<\/td><td>Deutsch<\/td><td>Deutsch<\/td><td>Deutsch<\/td><td>Deutsch<\/td><td>Deutsch<\/td><td>Englisch<\/td><td>Englisch<\/td><td>Deutsch<\/td><td>Deutsch, Englisch<\/td><td>Deutsch<\/td><td>Deutsch, Englisch<\/td><td>Deutsch<\/td><td>Englisch<\/td><\/tr>\n<tr>\n        <th class=\"crit\">Besonderheiten<\/th><td>Pflicht-Auslandssemester an EULISP-Partneruni (Double-Degree m\u00f6glich)<\/td><td>Sehr breite Modulauswahl; Mentoring; Aufzeichnungen; Forschungsanbindung<\/td><td>Techniknah (Programmierung, DB, IT-Security, NLP); voll online m\u00f6glich<\/td><td>Weiterbildungs-LL.M.; modular; hohe Praxisn\u00e4he; flexible Studiendauer<\/td><td>Interdisziplin\u00e4r (Recht\/Informatik\/WI); Fokus KI\/AI-Act\/Data Law<\/td><td>Legal-Tech-Praxis (Python, Smart Contracts\/Solidity, E-Discovery, Bots); Pr\u00fcfungen online\/16 Standorte<\/td><td>starke Internationale Ausrichtung, offen auch f\u00fcr andere Fachrichtungen (engineers, computer scientists, media managers, \u2026)<\/td><td>2 in 1: Erlangung des akademischen Grad eines \u201eMaster of Laws\u201c (LL.M.) und der Bescheinigung \u00fcber den theoretischen Teil des Fachanwalts IT-Recht (\u00a7 14k FAO)<\/td><td>LLM + Fachanwaltslehrgang f\u00fcr Medien- und Urheberrecht + Fachanwaltslehrgang f\u00fcr Informationstechnologierecht mgl., individuelle Schwerpunktsetzung, berufsbegleitend, Alumni und Karierenetzwerk<\/td><td>\u00dcbungen in Kleingruppen, Bescheinigungen nach \u00a7 15 FAO auf Wunsch<\/td><td>&quot;Blended Learning Konzept&quot; aus vereinzelten Pr\u00e4senzveranstaltungen und ausgepr\u00e4gten Online-Lernangeboten zum Selbststudium. Dadurch und durch die Teilzeitausrichtung ist der Master zeitlich und \u00f6rtlich sehr flexibel Optionale zus\u00e4tzliche Teilnahme am M.B.A.-Modul \u201eAgiles Projektmanagement\u201c mit Vorbereitung auf die Scrum-Zertifizierung.<\/td><td>international ausgerichtet und umfasst englischsprachige sowie fremdsprachliche Module, international erfahrene Gastdozierende, vielf\u00e4ltige Auslands- und Austauschm\u00f6glichkeiten, gezielte F\u00f6rderung sprachlicher und interkultureller Kompetenzen sowie die Vorbereitung auf internationale Sprachzertifikate<\/td><td>aktive Zusammenarbeit mit Medienunternehmen<\/td><td>gro\u00dfes Netzwerk an Partneruniverit\u00e4ten an denen der LL.M: anstatt in Dresden absolviert werden kann; Zusammenarbeit mit nationalen und europ\u00e4ischen \u00c4mtern (PES), Prozesssimulationen mit Berufsrichtern<\/td><\/tr>\n<\/tbody>\n  <\/table>\n<\/div>\n\n<!-- Auto-K\u00fcrzung f\u00fcr lange Zellen -->\n  <style>\n    td details { max-width: 40rem; }\n    td details > summary { cursor: pointer; font-weight: 600; list-style: none; }\n    td details > summary::-webkit-details-marker { display: none; }\n    td details summary .more { text-decoration: underline; }\n  <\/style>\n  <script>\n  (function(){\n    \/\/ Diese Zeilen werden automatisch gek\u00fcrzt:\n    var TARGET = ['Voraussetzungen', 'Besonderheiten'];\n    \/\/ Ab dieser Zeichenl\u00e4nge zusammenklappen:\n    var LIMIT = 160;\n\n    var table = document.querySelector('table');\n    if (!table) return;\n\n    table.querySelectorAll('tbody tr').forEach(function(tr){\n      var th = tr.querySelector('th'); if (!th) return;\n      var isTarget = TARGET.some(function(name){\n        return th.textContent.trim().toLowerCase() === name.toLowerCase();\n      });\n      if (!isTarget) return;\n\n      tr.querySelectorAll('td').forEach(function(td){\n        var full = td.textContent.trim();\n        if (full.length <= LIMIT) return;\n\n        var preview = full.slice(0, LIMIT);\n        var cut = Math.max(preview.lastIndexOf('.'), preview.lastIndexOf(';'),\n                          preview.lastIndexOf(','), preview.lastIndexOf(' '));\n        if (cut > LIMIT - 60) preview = preview.slice(0, cut);\n\n        td.textContent = '';\n        var details = document.createElement('details');\n        var summary = document.createElement('summary');\n\n        var pv = document.createElement('span');\n        pv.textContent = preview + '\u2026';\n        var more = document.createElement('span');\n        more.className = 'more';\n        more.textContent = 'Mehr anzeigen';\n\n        summary.appendChild(pv);\n        summary.appendChild(document.createTextNode(' '));\n        summary.appendChild(more);\n\n        var fullDiv = document.createElement('div');\n        fullDiv.textContent = full;\n\n        details.appendChild(summary);\n        details.appendChild(fullDiv);\n\n        details.addEventListener('toggle', function(){\n          more.textContent = details.open ? 'Weniger anzeigen' : 'Mehr anzeigen';\n        });\n\n        td.appendChild(details);\n      });\n    });\n  })();\n  <\/script>\n\t\t\t\t<\/div>\n\t\t\t\t<\/div>\n\t\t\t\t\t<\/div>\n\t\t<\/div>\n\t\t\t\t\t<\/div>\n\t\t<\/section>\n\t\t\t\t<\/div>","protected":false},"excerpt":{"rendered":"<p>Vergleich LL.M.\/Master (IT-Recht &#038; Legal Tech) \u2013 Stand: 12\/2025 Kriterium LU Hannover \u2013 IT-\/IP-Recht (EULISP) Uni des Saarlandes \u2013 LL.M. IT &#038; Recht Uni Passau \u2013 LL.M. Rechtsinformatik Uni Oldenburg \u2013 LL.M. Informationsrecht FAU Erlangen-N\u00fcrnberg \u2013 LL.M. Recht &#038; Informatik HS Wismar \u2013 Master Legal Tech (online) LL.M. im Europ\u00e4ischen und Transnationalen IP- und IT-Recht, [&hellip;]<\/p>","protected":false},"author":117,"featured_media":0,"parent":0,"menu_order":0,"comment_status":"closed","ping_status":"closed","template":"","meta":{"_acf_changed":false,"_lmt_disableupdate":"","_lmt_disable":"","footnotes":""},"class_list":["post-8934","page","type-page","status-publish","hentry"],"acf":[],"_links":{"self":[{"href":"https:\/\/recode.law\/en\/wp-json\/wp\/v2\/pages\/8934","targetHints":{"allow":["GET"]}}],"collection":[{"href":"https:\/\/recode.law\/en\/wp-json\/wp\/v2\/pages"}],"about":[{"href":"https:\/\/recode.law\/en\/wp-json\/wp\/v2\/types\/page"}],"author":[{"embeddable":true,"href":"https:\/\/recode.law\/en\/wp-json\/wp\/v2\/users\/117"}],"replies":[{"embeddable":true,"href":"https:\/\/recode.law\/en\/wp-json\/wp\/v2\/comments?post=8934"}],"version-history":[{"count":16,"href":"https:\/\/recode.law\/en\/wp-json\/wp\/v2\/pages\/8934\/revisions"}],"predecessor-version":[{"id":8991,"href":"https:\/\/recode.law\/en\/wp-json\/wp\/v2\/pages\/8934\/revisions\/8991"}],"wp:attachment":[{"href":"https:\/\/recode.law\/en\/wp-json\/wp\/v2\/media?parent=8934"}],"curies":[{"name":"wp","href":"https:\/\/api.w.org\/{rel}","templated":true}]}}