{"id":9019,"date":"2026-03-11T15:18:02","date_gmt":"2026-03-11T14:18:02","guid":{"rendered":"https:\/\/recode.law\/?page_id=9019"},"modified":"2026-05-10T10:07:39","modified_gmt":"2026-05-10T09:07:39","slug":"sdu-neu","status":"publish","type":"page","link":"https:\/\/recode.law\/en\/sdu-neu\/","title":{"rendered":"SDU Neu"},"content":{"rendered":"<div data-elementor-type=\"wp-page\" data-elementor-id=\"9019\" class=\"elementor elementor-9019\" data-elementor-post-type=\"page\">\n\t\t\t\t\t\t<section class=\"elementor-section elementor-top-section elementor-element elementor-element-08cce6b elementor-section-boxed elementor-section-height-default elementor-section-height-default\" data-id=\"08cce6b\" data-element_type=\"section\">\n\t\t\t\t\t\t<div class=\"elementor-container elementor-column-gap-default\">\n\t\t\t\t\t<div class=\"elementor-column elementor-col-100 elementor-top-column elementor-element elementor-element-067f094\" data-id=\"067f094\" data-element_type=\"column\">\n\t\t\t<div class=\"elementor-widget-wrap elementor-element-populated\">\n\t\t\t\t\t\t<div class=\"elementor-element elementor-element-3da5344 elementor-widget elementor-widget-heading\" data-id=\"3da5344\" data-element_type=\"widget\" data-widget_type=\"heading.default\">\n\t\t\t\t<div class=\"elementor-widget-container\">\n\t\t\t\t\t<h2 class=\"elementor-heading-title elementor-size-default\">Student Driven University<\/h2>\t\t\t\t<\/div>\n\t\t\t\t<\/div>\n\t\t\t\t\t<\/div>\n\t\t<\/div>\n\t\t\t\t\t<\/div>\n\t\t<\/section>\n\t\t\t\t<section class=\"elementor-section elementor-top-section elementor-element elementor-element-068f7d6 elementor-section-boxed elementor-section-height-default elementor-section-height-default\" data-id=\"068f7d6\" data-element_type=\"section\">\n\t\t\t\t\t\t<div class=\"elementor-container elementor-column-gap-default\">\n\t\t\t\t\t<div class=\"elementor-column elementor-col-100 elementor-top-column elementor-element elementor-element-4628f9a\" data-id=\"4628f9a\" data-element_type=\"column\">\n\t\t\t<div class=\"elementor-widget-wrap elementor-element-populated\">\n\t\t\t\t\t\t<section class=\"elementor-section elementor-inner-section elementor-element elementor-element-36a3489 elementor-section-content-middle elementor-section-boxed elementor-section-height-default elementor-section-height-default\" data-id=\"36a3489\" data-element_type=\"section\">\n\t\t\t\t\t\t<div class=\"elementor-container elementor-column-gap-default\">\n\t\t\t\t\t<div class=\"elementor-column elementor-col-50 elementor-inner-column elementor-element elementor-element-5a9d137\" data-id=\"5a9d137\" data-element_type=\"column\">\n\t\t\t<div class=\"elementor-widget-wrap elementor-element-populated\">\n\t\t\t\t\t\t<div class=\"elementor-element elementor-element-dde19f6 elementor-widget elementor-widget-image\" data-id=\"dde19f6\" data-element_type=\"widget\" data-widget_type=\"image.default\">\n\t\t\t\t<div class=\"elementor-widget-container\">\n\t\t\t\t\t\t\t\t\t\t\t\t\t\t\t<img decoding=\"async\" src=\"https:\/\/recode.law\/wp-content\/uploads\/2026\/05\/anfangsvisual-neu.png\" title=\"anfangsvisual neu\" alt=\"anfangsvisual neu\" loading=\"lazy\" \/>\t\t\t\t\t\t\t\t\t\t\t\t\t\t\t<\/div>\n\t\t\t\t<\/div>\n\t\t\t\t\t<\/div>\n\t\t<\/div>\n\t\t\t\t<div class=\"elementor-column elementor-col-50 elementor-inner-column elementor-element elementor-element-b6897db\" data-id=\"b6897db\" data-element_type=\"column\">\n\t\t\t<div class=\"elementor-widget-wrap elementor-element-populated\">\n\t\t\t\t\t\t<div class=\"elementor-element elementor-element-0afade3 elementor-widget elementor-widget-text-editor\" data-id=\"0afade3\" data-element_type=\"widget\" data-widget_type=\"text-editor.default\">\n\t\t\t\t<div class=\"elementor-widget-container\">\n\t\t\t\t\t\t\t\t\t<p style=\"caret-color: #000000; color: #000000;\">Die klassische juristische Ausbildung konzentriert sich prim\u00e4r auf die Vermittlung des materiellen Rechts und die Beherrschung der Gutachtentechnik. Die moderne Berufswelt erfordert jedoch zunehmend methodische Kompetenzen an der Schnittstelle von Recht, Technologie und Management. Die\u00a0<b>Student Driven University (SDU) ist die zentrale interne Bildungsplattform von recode.law<\/b>, die genau diese L\u00fccke schlie\u00dft.<\/p><p style=\"caret-color: #000000; color: #000000;\">Wir verstehen die SDU als agiles Lern-\u00d6kosystem, in dem Studierende und Referendare die wichtigsten F\u00e4higkeiten von morgen erwerben. Das Ziel ist es, nicht nur theoretisches Wissen \u00fcber Legal Tech zu sammeln, sondern die Werkzeuge von morgen zu beherrschen und den Rechtsmarkt aktiv mitzugestalten. Wir wissen: das funktioniert in dem kleinen, ausgew\u00e4hlten Kreis der recode.law-Mitglieder am besten.<\/p>\t\t\t\t\t\t\t\t<\/div>\n\t\t\t\t<\/div>\n\t\t\t\t\t<\/div>\n\t\t<\/div>\n\t\t\t\t\t<\/div>\n\t\t<\/section>\n\t\t\t\t<div class=\"elementor-element elementor-element-d6ec413 elementor-widget elementor-widget-spacer\" data-id=\"d6ec413\" data-element_type=\"widget\" data-widget_type=\"spacer.default\">\n\t\t\t\t<div class=\"elementor-widget-container\">\n\t\t\t\t\t\t\t<div class=\"elementor-spacer\">\n\t\t\t<div class=\"elementor-spacer-inner\"><\/div>\n\t\t<\/div>\n\t\t\t\t\t\t<\/div>\n\t\t\t\t<\/div>\n\t\t\t\t\t<\/div>\n\t\t<\/div>\n\t\t\t\t\t<\/div>\n\t\t<\/section>\n\t\t\t\t<section class=\"elementor-section elementor-top-section elementor-element elementor-element-c2abea6 elementor-section-boxed elementor-section-height-default elementor-section-height-default\" data-id=\"c2abea6\" data-element_type=\"section\">\n\t\t\t\t\t\t<div class=\"elementor-container elementor-column-gap-default\">\n\t\t\t\t\t<div class=\"elementor-column elementor-col-100 elementor-top-column elementor-element elementor-element-818b2c1\" data-id=\"818b2c1\" data-element_type=\"column\">\n\t\t\t<div class=\"elementor-widget-wrap elementor-element-populated\">\n\t\t\t\t\t\t<div class=\"elementor-element elementor-element-e1abe34 elementor-widget elementor-widget-heading\" data-id=\"e1abe34\" data-element_type=\"widget\" data-widget_type=\"heading.default\">\n\t\t\t\t<div class=\"elementor-widget-container\">\n\t\t\t\t\t<h2 class=\"elementor-heading-title elementor-size-default\">Das Curriculum:  <span style=\"font-family: 'IBM Plex serif';font-weight: bold;color:#FD402B\"><i>Drei S\u00e4ulen der Kompetenzentwicklung\u200b\u200b<\/i><\/span><\/h2>\t\t\t\t<\/div>\n\t\t\t\t<\/div>\n\t\t\t\t<section class=\"elementor-section elementor-inner-section elementor-element elementor-element-ee8cdaa elementor-section-content-middle elementor-section-boxed elementor-section-height-default elementor-section-height-default\" data-id=\"ee8cdaa\" data-element_type=\"section\">\n\t\t\t\t\t\t<div class=\"elementor-container elementor-column-gap-default\">\n\t\t\t\t\t<div class=\"elementor-column elementor-col-50 elementor-inner-column elementor-element elementor-element-243fcb1\" data-id=\"243fcb1\" data-element_type=\"column\">\n\t\t\t<div class=\"elementor-widget-wrap elementor-element-populated\">\n\t\t\t\t\t\t<div class=\"elementor-element elementor-element-4c7add9 elementor-widget elementor-widget-text-editor\" data-id=\"4c7add9\" data-element_type=\"widget\" data-widget_type=\"text-editor.default\">\n\t\t\t\t<div class=\"elementor-widget-container\">\n\t\t\t\t\t\t\t\t\t<div><p>Die SDU gliedert ihr Angebot in drei komplement\u00e4re Formate, die unterschiedliche Lerntiefen erm\u00f6glichen:<\/p><\/div><ul><li><b>Workshops \u2013 Praktische Skills:<\/b> In interaktiven Einheiten steht das \u201eMachen\u201d im Vordergrund. Wir evaluieren aktuelle Legal-Tech-Anbieter im direkten Vergleich, testen KI-gest\u00fctzte Workflows (z. B. zur Automatisierung von Lernmaterialien wie Anki-Karteikarten) oder erlernen Innovationsmethoden wie Design Thinking. Ziel ist die unmittelbare Anwendbarkeit im Studium und Beruf.<\/li><li><b>Expertengespr\u00e4che \u2013 Strategischer Austausch:<\/b> In informeller Runde erm\u00f6glichen wir den direkten Dialog mit f\u00fchrenden K\u00f6pfen aus der Legal-Tech-Szene und dem Legal Engineering. Diese Gespr\u00e4che bieten tiefe Einblicke in Marktentwicklungen und Karrierepfade, die weit \u00fcber das Standardwissen hinausgehen und Raum f\u00fcr kritische Reflexion bieten.<\/li><li><b>Projektinitiativen \u2013 Anwendung und Innovation:<\/b> Die SDU bietet den Rahmen, um eigene Ideen in die Realit\u00e4t umzusetzen. Ob die Entwicklung eines eigenen Software-Tools, das Verfassen wissenschaftlicher Publikationen oder die Produktion eines Podcasts \u2013 der Verein unterst\u00fctzt Projektteams mit technischer Infrastruktur, Experten-Mentoring und einem starken Netzwerk.<\/li><\/ul>\t\t\t\t\t\t\t\t<\/div>\n\t\t\t\t<\/div>\n\t\t\t\t\t<\/div>\n\t\t<\/div>\n\t\t\t\t<div class=\"elementor-column elementor-col-50 elementor-inner-column elementor-element elementor-element-fde6a45\" data-id=\"fde6a45\" data-element_type=\"column\">\n\t\t\t<div class=\"elementor-widget-wrap elementor-element-populated\">\n\t\t\t\t\t\t<div class=\"elementor-element elementor-element-9a6dfc4 elementor-widget elementor-widget-image\" data-id=\"9a6dfc4\" data-element_type=\"widget\" data-widget_type=\"image.default\">\n\t\t\t\t<div class=\"elementor-widget-container\">\n\t\t\t\t\t\t\t\t\t\t\t\t\t\t\t<img fetchpriority=\"high\" decoding=\"async\" width=\"800\" height=\"600\" src=\"https:\/\/recode.law\/wp-content\/uploads\/2026\/05\/saeulen-neu-neu.png\" class=\"attachment-large size-large wp-image-9145\" alt=\"\" srcset=\"https:\/\/recode.law\/wp-content\/uploads\/2026\/05\/saeulen-neu-neu.png 1024w, https:\/\/recode.law\/wp-content\/uploads\/2026\/05\/saeulen-neu-neu-300x225.png 300w, https:\/\/recode.law\/wp-content\/uploads\/2026\/05\/saeulen-neu-neu-768x576.png 768w, https:\/\/recode.law\/wp-content\/uploads\/2026\/05\/saeulen-neu-neu-16x12.png 16w\" sizes=\"(max-width: 800px) 100vw, 800px\" \/>\t\t\t\t\t\t\t\t\t\t\t\t\t\t\t<\/div>\n\t\t\t\t<\/div>\n\t\t\t\t\t<\/div>\n\t\t<\/div>\n\t\t\t\t\t<\/div>\n\t\t<\/section>\n\t\t\t\t\t<\/div>\n\t\t<\/div>\n\t\t\t\t\t<\/div>\n\t\t<\/section>\n\t\t\t\t<section class=\"elementor-section elementor-top-section elementor-element elementor-element-3e8d702 elementor-section-boxed elementor-section-height-default elementor-section-height-default\" data-id=\"3e8d702\" data-element_type=\"section\">\n\t\t\t\t\t\t<div class=\"elementor-container elementor-column-gap-default\">\n\t\t\t\t\t<div class=\"elementor-column elementor-col-100 elementor-top-column elementor-element elementor-element-7bb0965\" data-id=\"7bb0965\" data-element_type=\"column\">\n\t\t\t<div class=\"elementor-widget-wrap elementor-element-populated\">\n\t\t\t\t\t\t<div class=\"elementor-element elementor-element-d6e8d9e elementor-widget elementor-widget-spacer\" data-id=\"d6e8d9e\" data-element_type=\"widget\" data-widget_type=\"spacer.default\">\n\t\t\t\t<div class=\"elementor-widget-container\">\n\t\t\t\t\t\t\t<div class=\"elementor-spacer\">\n\t\t\t<div class=\"elementor-spacer-inner\"><\/div>\n\t\t<\/div>\n\t\t\t\t\t\t<\/div>\n\t\t\t\t<\/div>\n\t\t\t\t\t<\/div>\n\t\t<\/div>\n\t\t\t\t\t<\/div>\n\t\t<\/section>\n\t\t\t\t<section class=\"elementor-section elementor-top-section elementor-element elementor-element-027c977 elementor-section-boxed elementor-section-height-default elementor-section-height-default\" data-id=\"027c977\" data-element_type=\"section\">\n\t\t\t\t\t\t<div class=\"elementor-container elementor-column-gap-default\">\n\t\t\t\t\t<div class=\"elementor-column elementor-col-100 elementor-top-column elementor-element elementor-element-8fc940c\" data-id=\"8fc940c\" data-element_type=\"column\">\n\t\t\t<div class=\"elementor-widget-wrap elementor-element-populated\">\n\t\t\t\t\t\t<div class=\"elementor-element elementor-element-5f958f6 elementor-widget elementor-widget-heading\" data-id=\"5f958f6\" data-element_type=\"widget\" data-widget_type=\"heading.default\">\n\t\t\t\t<div class=\"elementor-widget-container\">\n\t\t\t\t\t<h2 class=\"elementor-heading-title elementor-size-default\">Sichtbare Qualifikation:  <span style=\"font-family: 'IBM Plex serif';font-weight: bold;color:#FD402B\"><i>Das recode.law Zertifikat\u200b<\/i><\/span><\/h2>\t\t\t\t<\/div>\n\t\t\t\t<\/div>\n\t\t\t\t\t<\/div>\n\t\t<\/div>\n\t\t\t\t\t<\/div>\n\t\t<\/section>\n\t\t\t\t<section class=\"elementor-section elementor-top-section elementor-element elementor-element-a2f4449 elementor-section-content-middle elementor-section-boxed elementor-section-height-default elementor-section-height-default\" data-id=\"a2f4449\" data-element_type=\"section\">\n\t\t\t\t\t\t<div class=\"elementor-container elementor-column-gap-default\">\n\t\t\t\t\t<div class=\"elementor-column elementor-col-100 elementor-top-column elementor-element elementor-element-5142601\" data-id=\"5142601\" data-element_type=\"column\">\n\t\t\t<div class=\"elementor-widget-wrap elementor-element-populated\">\n\t\t\t\t\t\t<section class=\"elementor-section elementor-inner-section elementor-element elementor-element-3343b5c elementor-section-content-middle elementor-section-boxed elementor-section-height-default elementor-section-height-default\" data-id=\"3343b5c\" data-element_type=\"section\">\n\t\t\t\t\t\t<div class=\"elementor-container elementor-column-gap-default\">\n\t\t\t\t\t<div class=\"elementor-column elementor-col-50 elementor-inner-column elementor-element elementor-element-dbec819\" data-id=\"dbec819\" data-element_type=\"column\">\n\t\t\t<div class=\"elementor-widget-wrap elementor-element-populated\">\n\t\t\t\t\t\t<div class=\"elementor-element elementor-element-b2a512e elementor-widget elementor-widget-image\" data-id=\"b2a512e\" data-element_type=\"widget\" data-widget_type=\"image.default\">\n\t\t\t\t<div class=\"elementor-widget-container\">\n\t\t\t\t\t\t\t\t\t\t\t\t\t\t\t<img decoding=\"async\" width=\"800\" height=\"600\" src=\"https:\/\/recode.law\/wp-content\/uploads\/2026\/05\/zertifikat-neu-gross.png\" class=\"attachment-large size-large wp-image-9147\" alt=\"\" srcset=\"https:\/\/recode.law\/wp-content\/uploads\/2026\/05\/zertifikat-neu-gross.png 1024w, https:\/\/recode.law\/wp-content\/uploads\/2026\/05\/zertifikat-neu-gross-300x225.png 300w, https:\/\/recode.law\/wp-content\/uploads\/2026\/05\/zertifikat-neu-gross-768x576.png 768w, https:\/\/recode.law\/wp-content\/uploads\/2026\/05\/zertifikat-neu-gross-16x12.png 16w\" sizes=\"(max-width: 800px) 100vw, 800px\" \/>\t\t\t\t\t\t\t\t\t\t\t\t\t\t\t<\/div>\n\t\t\t\t<\/div>\n\t\t\t\t\t<\/div>\n\t\t<\/div>\n\t\t\t\t<div class=\"elementor-column elementor-col-50 elementor-inner-column elementor-element elementor-element-ef1e013\" data-id=\"ef1e013\" data-element_type=\"column\">\n\t\t\t<div class=\"elementor-widget-wrap elementor-element-populated\">\n\t\t\t\t\t\t<div class=\"elementor-element elementor-element-b68ee49 elementor-widget elementor-widget-text-editor\" data-id=\"b68ee49\" data-element_type=\"widget\" data-widget_type=\"text-editor.default\">\n\t\t\t\t<div class=\"elementor-widget-container\">\n\t\t\t\t\t\t\t\t\t<p>Systematisches Engagement verdient Anerkennung. Um den erarbeiteten Wissensvorsprung auch gegen\u00fcber potenziellen Arbeitgebern validieren zu k\u00f6nnen, bietet die SDU ein <b>dreistufiges Zertifikatssystem<\/b> an.<\/p><p>Abh\u00e4ngig von der Anzahl der besuchten Einheiten und der aktiven Mitwirkung an Projekten k\u00f6nnen Mitglieder das <b>recode.law Zertifikat in den Stufen Grundkenntnisse, Fortgeschritten oder Experte<\/b> erwerben.<br aria-hidden=\"true\" \/>Diese Auszeichnungen belegen eine fundierte Auseinandersetzung mit der digitalen Transformation des Rechtsmarkts und dienen als Nachweis f\u00fcr \u00fcberdurchschnittliches Engagement und technologische Reife.<\/p>\t\t\t\t\t\t\t\t<\/div>\n\t\t\t\t<\/div>\n\t\t\t\t\t<\/div>\n\t\t<\/div>\n\t\t\t\t\t<\/div>\n\t\t<\/section>\n\t\t\t\t\t<\/div>\n\t\t<\/div>\n\t\t\t\t\t<\/div>\n\t\t<\/section>\n\t\t\t\t<section class=\"elementor-section elementor-top-section elementor-element elementor-element-8e5b2b1 elementor-section-boxed elementor-section-height-default elementor-section-height-default\" data-id=\"8e5b2b1\" data-element_type=\"section\">\n\t\t\t\t\t\t<div class=\"elementor-container elementor-column-gap-default\">\n\t\t\t\t\t<div class=\"elementor-column elementor-col-100 elementor-top-column elementor-element elementor-element-7a14170\" data-id=\"7a14170\" data-element_type=\"column\">\n\t\t\t<div class=\"elementor-widget-wrap elementor-element-populated\">\n\t\t\t\t\t\t<div class=\"elementor-element elementor-element-6b983bd elementor-widget elementor-widget-spacer\" data-id=\"6b983bd\" data-element_type=\"widget\" data-widget_type=\"spacer.default\">\n\t\t\t\t<div class=\"elementor-widget-container\">\n\t\t\t\t\t\t\t<div class=\"elementor-spacer\">\n\t\t\t<div class=\"elementor-spacer-inner\"><\/div>\n\t\t<\/div>\n\t\t\t\t\t\t<\/div>\n\t\t\t\t<\/div>\n\t\t\t\t\t<\/div>\n\t\t<\/div>\n\t\t\t\t\t<\/div>\n\t\t<\/section>\n\t\t\t\t<section class=\"elementor-section elementor-top-section elementor-element elementor-element-e149d3f elementor-section-boxed elementor-section-height-default elementor-section-height-default\" data-id=\"e149d3f\" data-element_type=\"section\">\n\t\t\t\t\t\t<div class=\"elementor-container elementor-column-gap-default\">\n\t\t\t\t\t<div class=\"elementor-column elementor-col-100 elementor-top-column elementor-element elementor-element-2dee940\" data-id=\"2dee940\" data-element_type=\"column\">\n\t\t\t<div class=\"elementor-widget-wrap elementor-element-populated\">\n\t\t\t\t\t\t<div class=\"elementor-element elementor-element-726aeaa elementor-cta--skin-classic elementor-animated-content elementor-bg-transform elementor-bg-transform-zoom-in elementor-widget elementor-widget-call-to-action\" data-id=\"726aeaa\" data-element_type=\"widget\" data-widget_type=\"call-to-action.default\">\n\t\t\t\t<div class=\"elementor-widget-container\">\n\t\t\t\t\t\t\t<a class=\"elementor-cta\" href=\"https:\/\/recode.law\/en\/mitmachen\/\">\n\t\t\t\t\t\t\t<div class=\"elementor-cta__content\">\n\t\t\t\t\n\t\t\t\t\t\t\t\t\t<h2 class=\"elementor-cta__title elementor-cta__content-item elementor-content-item\">\n\t\t\t\t\t\tBereit, die Rechtswelt von morgen <span style=\"font-family: 'IBM Plex serif';font-weight: bold;color:#FD402B\"><i>mitzugestalten?<\/i><\/span>\t\t\t\t\t<\/h2>\n\t\t\t\t\n\t\t\t\t\t\t\t\t\t<div class=\"elementor-cta__description elementor-cta__content-item elementor-content-item\">\n\t\t\t\t\t\tDann werde Teil von recode.law\t\t\t\t\t<\/div>\n\t\t\t\t\n\t\t\t\t\t\t\t\t\t<div class=\"elementor-cta__button-wrapper elementor-cta__content-item elementor-content-item\">\n\t\t\t\t\t<span class=\"elementor-cta__button elementor-button elementor-size-\">\n\t\t\t\t\t\tJetzt mitglied werden\t\t\t\t\t<\/span>\n\t\t\t\t\t<\/div>\n\t\t\t\t\t\t\t<\/div>\n\t\t\t\t\t\t<\/a>\n\t\t\t\t\t\t<\/div>\n\t\t\t\t<\/div>\n\t\t\t\t\t<\/div>\n\t\t<\/div>\n\t\t\t\t\t<\/div>\n\t\t<\/section>\n\t\t\t\t<\/div>","protected":false},"excerpt":{"rendered":"<p>Student Driven University Die klassische juristische Ausbildung konzentriert sich prim\u00e4r auf die Vermittlung des materiellen Rechts und die Beherrschung der Gutachtentechnik. Die moderne Berufswelt erfordert jedoch zunehmend methodische Kompetenzen an der Schnittstelle von Recht, Technologie und Management. Die\u00a0Student Driven University (SDU) ist die zentrale interne Bildungsplattform von recode.law, die genau diese L\u00fccke schlie\u00dft. Wir verstehen [&hellip;]<\/p>","protected":false},"author":117,"featured_media":0,"parent":0,"menu_order":0,"comment_status":"closed","ping_status":"closed","template":"","meta":{"_acf_changed":false,"_lmt_disableupdate":"no","_lmt_disable":"","footnotes":""},"class_list":["post-9019","page","type-page","status-publish","hentry"],"acf":[],"_links":{"self":[{"href":"https:\/\/recode.law\/en\/wp-json\/wp\/v2\/pages\/9019","targetHints":{"allow":["GET"]}}],"collection":[{"href":"https:\/\/recode.law\/en\/wp-json\/wp\/v2\/pages"}],"about":[{"href":"https:\/\/recode.law\/en\/wp-json\/wp\/v2\/types\/page"}],"author":[{"embeddable":true,"href":"https:\/\/recode.law\/en\/wp-json\/wp\/v2\/users\/117"}],"replies":[{"embeddable":true,"href":"https:\/\/recode.law\/en\/wp-json\/wp\/v2\/comments?post=9019"}],"version-history":[{"count":26,"href":"https:\/\/recode.law\/en\/wp-json\/wp\/v2\/pages\/9019\/revisions"}],"predecessor-version":[{"id":9165,"href":"https:\/\/recode.law\/en\/wp-json\/wp\/v2\/pages\/9019\/revisions\/9165"}],"wp:attachment":[{"href":"https:\/\/recode.law\/en\/wp-json\/wp\/v2\/media?parent=9019"}],"curies":[{"name":"wp","href":"https:\/\/api.w.org\/{rel}","templated":true}]}}