{"id":9062,"date":"2026-03-28T11:02:46","date_gmt":"2026-03-28T10:02:46","guid":{"rendered":"https:\/\/recode.law\/?page_id=9062"},"modified":"2026-04-07T12:52:36","modified_gmt":"2026-04-07T11:52:36","slug":"studiumstools","status":"publish","type":"page","link":"https:\/\/recode.law\/en\/studiumstools\/","title":{"rendered":"Studiumstools"},"content":{"rendered":"<div data-elementor-type=\"wp-page\" data-elementor-id=\"9062\" class=\"elementor elementor-9062\" data-elementor-post-type=\"page\">\n\t\t\t\t\t\t<section class=\"elementor-section elementor-top-section elementor-element elementor-element-5ddb6d8 elementor-section-boxed elementor-section-height-default elementor-section-height-default\" data-id=\"5ddb6d8\" data-element_type=\"section\">\n\t\t\t\t\t\t<div class=\"elementor-container elementor-column-gap-default\">\n\t\t\t\t\t<div class=\"elementor-column elementor-col-100 elementor-top-column elementor-element elementor-element-997eb2b\" data-id=\"997eb2b\" data-element_type=\"column\">\n\t\t\t<div class=\"elementor-widget-wrap elementor-element-populated\">\n\t\t\t\t\t\t<div class=\"elementor-element elementor-element-75b0b44 elementor-widget elementor-widget-html\" data-id=\"75b0b44\" data-element_type=\"widget\" data-widget_type=\"html.default\">\n\t\t\t\t<div class=\"elementor-widget-container\">\n\t\t\t\t\t<div class=\"legaltech\">\n  <style>\n    .legaltech{\n      --text:#111;\n      --muted:#666;\n      --border:#bdbdbd;\n      --header:#f3f3f3;\n      color:var(--text);\n      font-family: system-ui, -apple-system, Segoe UI, Roboto, Arial, sans-serif;\n      line-height:1.35;\n    }\n    .legaltech *{ box-sizing:border-box; }\n\n    .legaltech h2{\n      margin: 28px 0 14px;\n      font-weight: 800;\n      font-size: clamp(1.15rem, 2vw, 1.45rem);\n    }\n    .legaltech h1{\n      margin: 32px 0 20px;\n      font-weight: 900;\n      font-size: clamp(1.6rem, 2.6vw, 2.2rem);\n    }\n\n    \/* Table wrapper *\/\n    .legaltech .table-wrap{\n      overflow-x:auto;\n      -webkit-overflow-scrolling: touch;\n      border:1px solid var(--border);\n      border-radius: 8px;\n      background:#fff;\n    }\n    .legaltech table{\n      width:100%;\n      border-collapse: collapse;\n      min-width: 760px; \/* desktop-like table; on small screens scrolls horizontally *\/\n    }\n    .legaltech thead th{\n      background: var(--header);\n      text-align:left;\n      font-weight: 800;\n      border-bottom: 1px solid var(--border);\n    }\n    .legaltech th, .legaltech td{\n      padding: 12px 12px;\n      vertical-align: top;\n      border-right: 1px solid var(--border);\n    }\n    .legaltech th:last-child, .legaltech td:last-child{ border-right:0; }\n    .legaltech tbody tr{ border-top: 1px solid var(--border); }\n\n    .legaltech a{ color: inherit; text-decoration: underline; }\n    .legaltech .nowrap{ white-space: nowrap; }\n    .legaltech .small{ font-size: .95rem; color: var(--muted); }\n\n    \/* Optional: nicer mobile \"cards\" instead of horizontal scrolling *\/\n    @media (max-width: 700px){\n      .legaltech .table-wrap{ border:0; border-radius:0; }\n      .legaltech table{ min-width: 0; }\n      .legaltech thead{ display:none; }\n      .legaltech tbody tr{\n        display:block;\n        border:1px solid var(--border);\n        border-radius: 12px;\n        margin: 12px 0;\n        overflow:hidden;\n      }\n      .legaltech tbody td{\n        display:grid;\n        grid-template-columns: 120px 1fr;\n        gap: 10px;\n        border:0;\n        border-top: 1px solid #e6e6e6;\n        padding: 12px;\n      }\n      .legaltech tbody td:first-child{ border-top:0; }\n      .legaltech tbody td::before{\n        content: attr(data-label);\n        font-weight: 800;\n        color:#333;\n      }\n      .legaltech .nowrap{ white-space: normal; }\n    }\n  <\/style>\n\n  <h1>Legal Tech Tools f\u00fcrs Studium<\/h1>\n\n  <h2>Lesen von Gesetzen<\/h2>\n  <div class=\"table-wrap\" role=\"region\" aria-label=\"Tools zum Lesen von Gesetzen\" tabindex=\"0\">\n    <table>\n      <thead>\n        <tr>\n          <th>Name<\/th>\n          <th>Art<\/th>\n          <th>Beschreibung<\/th>\n          <th>Link<\/th>\n        <\/tr>\n      <\/thead>\n      <tbody>\n        <tr>\n          <td data-label=\"Name\"><strong>LexMea<\/strong><\/td>\n          <td data-label=\"Art\">Webseite<\/td>\n          <td data-label=\"Beschreibung\">\n            Kostenlose Webseite, die s\u00e4mtliche deutschen Gesetze anzeigt. Kompakte und gut lesbare Darstellung.\n            Dazu sehr einfach und schnell zu navigieren. M\u00f6glichkeit sich dort Notizen anzulegen und auf\n            Pr\u00fcfungsschemata zuzugreifen.\n          <\/td>\n          <td data-label=\"Link\" class=\"nowrap\">\n            <a href=\"https:\/\/www.lexmea.de\" target=\"_blank\" rel=\"noreferrer nofollow noopener\">www.lexmea.de<\/a>\n          <\/td>\n        <\/tr>\n        <tr>\n          <td data-label=\"Name\"><strong>Gesetze.io<\/strong><\/td>\n          <td data-label=\"Art\">App<\/td>\n          <td data-label=\"Beschreibung\">\n            Kostenlose App zum Lesen von Gesetzen, optimiert f\u00fcr Handy-Bildschirm. Mit Suchfunktion.\n          <\/td>\n          <td data-label=\"Link\">\n            <span class=\"small\">Gesetze.io (im Play Store \/ App Store suchen)<\/span>\n          <\/td>\n        <\/tr>\n      <\/tbody>\n    <\/table>\n  <\/div>\n\n  <h2>Schreiben von Klausuren<\/h2>\n  <div class=\"table-wrap\" role=\"region\" aria-label=\"Tools zum Schreiben von Klausuren\" tabindex=\"0\">\n    <table>\n      <thead>\n        <tr>\n          <th>Name<\/th>\n          <th>Art<\/th>\n          <th>Beschreibung<\/th>\n          <th>Link<\/th>\n        <\/tr>\n      <\/thead>\n      <tbody>\n        <tr>\n          <td data-label=\"Name\"><strong>KlausurenKlste<\/strong><\/td>\n          <td data-label=\"Art\">Webseite<\/td>\n          <td data-label=\"Beschreibung\">\n            Klausuren schreiben, die von einer KI korrigiert werden. Schnelles, hilfreiches Feedback zur eigenen\n            Bearbeitung. Aktuell (Stand 07.04.2026) kostenlos. Wissenschaftlich getestet an der Uni Bielefeld\n            und der LMU.\n          <\/td>\n          <td data-label=\"Link\" class=\"nowrap\">\n            <a href=\"https:\/\/www.klausurenkiste.de\" target=\"_blank\" rel=\"noreferrer nofollow noopener\">www.klausurenkiste.de<\/a>\n          <\/td>\n        <\/tr>\n      <\/tbody>\n    <\/table>\n  <\/div>\n\n  <h2>Schreiben von Hausarbeiten<\/h2>\n  <div class=\"table-wrap\" role=\"region\" aria-label=\"Tools zum Schreiben von Hausarbeiten\" tabindex=\"0\">\n    <table>\n      <thead>\n        <tr>\n          <th>Name<\/th>\n          <th>Art<\/th>\n          <th>Beschreibung<\/th>\n          <th>Link<\/th>\n        <\/tr>\n      <\/thead>\n      <tbody>\n        <tr>\n          <td data-label=\"Name\"><strong>LawLink<\/strong><\/td>\n          <td data-label=\"Art\">Webseite<\/td>\n          <td data-label=\"Beschreibung\">\n            Zitate in juristischen Datenbank leicht nachschlagen. Spart bei Hausarbeiten viel Arbeit bei der\n            Recherche. Funktioniert mit allen gro\u00dfen juristischen Datenbanken. F\u00fcr Studierende kostenlos\n            (Stand: 07.04.2026)\n          <\/td>\n          <td data-label=\"Link\" class=\"nowrap\">\n            <a href=\"https:\/\/www.lawlink.de\" target=\"_blank\" rel=\"noreferrer nofollow noopener\">www.lawlink.de<\/a>\n          <\/td>\n        <\/tr>\n        <tr>\n          <td data-label=\"Name\"><strong>Zotero<\/strong><\/td>\n          <td data-label=\"Art\">Programm<\/td>\n          <td data-label=\"Beschreibung\">\n            Hilft beim Organisieren der eigenen Quellen, sowie beim Zitieren in der Hausarbeit.\n          <\/td>\n          <td data-label=\"Link\" class=\"nowrap\">\n            <a href=\"https:\/\/www.zotero.org\" target=\"_blank\" rel=\"noreferrer nofollow noopener\">www.zotero.org<\/a>\n          <\/td>\n        <\/tr>\n      <\/tbody>\n    <\/table>\n  <\/div>\n<\/div>\t\t\t\t<\/div>\n\t\t\t\t<\/div>\n\t\t\t\t\t<\/div>\n\t\t<\/div>\n\t\t\t\t\t<\/div>\n\t\t<\/section>\n\t\t\t\t<\/div>","protected":false},"excerpt":{"rendered":"<p>Legal Tech Tools f\u00fcrs Studium Lesen von Gesetzen Name Art Beschreibung Link LexMea Webseite Kostenlose Webseite, die s\u00e4mtliche deutschen Gesetze anzeigt. Kompakte und gut lesbare Darstellung. Dazu sehr einfach und schnell zu navigieren. M\u00f6glichkeit sich dort Notizen anzulegen und auf Pr\u00fcfungsschemata zuzugreifen. www.lexmea.de Gesetze.io App Kostenlose App zum Lesen von Gesetzen, optimiert f\u00fcr Handy-Bildschirm. Mit [&hellip;]<\/p>","protected":false},"author":117,"featured_media":0,"parent":0,"menu_order":0,"comment_status":"closed","ping_status":"closed","template":"","meta":{"_acf_changed":false,"_lmt_disableupdate":"","_lmt_disable":"","footnotes":""},"class_list":["post-9062","page","type-page","status-publish","hentry"],"acf":[],"_links":{"self":[{"href":"https:\/\/recode.law\/en\/wp-json\/wp\/v2\/pages\/9062","targetHints":{"allow":["GET"]}}],"collection":[{"href":"https:\/\/recode.law\/en\/wp-json\/wp\/v2\/pages"}],"about":[{"href":"https:\/\/recode.law\/en\/wp-json\/wp\/v2\/types\/page"}],"author":[{"embeddable":true,"href":"https:\/\/recode.law\/en\/wp-json\/wp\/v2\/users\/117"}],"replies":[{"embeddable":true,"href":"https:\/\/recode.law\/en\/wp-json\/wp\/v2\/comments?post=9062"}],"version-history":[{"count":6,"href":"https:\/\/recode.law\/en\/wp-json\/wp\/v2\/pages\/9062\/revisions"}],"predecessor-version":[{"id":9073,"href":"https:\/\/recode.law\/en\/wp-json\/wp\/v2\/pages\/9062\/revisions\/9073"}],"wp:attachment":[{"href":"https:\/\/recode.law\/en\/wp-json\/wp\/v2\/media?parent=9062"}],"curies":[{"name":"wp","href":"https:\/\/api.w.org\/{rel}","templated":true}]}}